{"id":18,"date":"2017-10-30T09:29:43","date_gmt":"2017-10-30T09:29:43","guid":{"rendered":"http:\/\/localhost\/allthemes\/free\/free-demo\/?page_id=18"},"modified":"2018-05-26T14:55:15","modified_gmt":"2018-05-26T14:55:15","slug":"service-3","status":"publish","type":"page","link":"https:\/\/scr-council.com\/se\/service-3\/","title":{"rendered":"M\u00e5l"},"content":{"rendered":"<p>M\u00e5l:<br \/>\n1. Bygga broar av kulturell f\u00f6rst\u00e5else mellan religioner inom och utanf\u00f6r Norden och att fr\u00e4mja tolerans, dialog och fredlig samexistens, samt bek\u00e4mpa terrorism och extremism och bek\u00e4mpa islamofobi. Detta m\u00e5l uppn\u00e5s genom planerade bes\u00f6ksresor, konferenser och symposier runt om i Norden och till vilka samarbetsorganisationer inbjuds.<br \/>\n2. Skapa omfattande och utm\u00e4rkta f\u00f6rbindelser med civila och officiella organ och institutioner, b\u00e5de hemma och utomlands, f\u00f6r att tj\u00e4na det gemensamma goda i nordiska samh\u00e4llen. Detta m\u00e5l uppn\u00e5s genom \u00f6ppen dialog mellan parter, genom skriftliga projekt och avtal och genom att st\u00f6dja befintliga verksamheter inom samma omr\u00e5de.<br \/>\n3. Fr\u00e4mja en lovande integrationskultur genom att muslimer och islamiska organisationer i Norden deltar p\u00e5 alla niv\u00e5er; i synnerhet genom utbildning.<br \/>\n4. Skapa ett klimat som bidrar till samarbete, kommunikation och konstruktiv och meningsfull dialog med alla. Detta m\u00e5l uppn\u00e5s genom studerade h\u00e4ndelser som uppmuntrar meningsfull dialog och f\u00f6rhindrar uppdelning av samh\u00e4llet och etnisk segregering.<br \/>\n5. Utbyte av erfarenheter mellan lokala v\u00e4lg\u00f6renhetsorganisationer och islamiska centra i Norden. Detta m\u00e5l uppn\u00e5s genom olika former av samarbete f\u00f6r att l\u00f6sa problem inom samh\u00e4llet i en anda av v\u00e4lg\u00f6renhet.<br \/>\n6. Sprida medvetenhet om det arbete som islamiska organisationer och verksamheter i Norden utf\u00f6r genom en professionell och p\u00e5litlig mediepresentation. Detta m\u00e5l uppn\u00e5s genom effektiv kommunikation via webbplatser och sociala medier<\/p>\n","protected":false},"excerpt":{"rendered":"<p>M\u00e5l: 1. Bygga broar av kulturell f\u00f6rst\u00e5else mellan religioner inom och utanf\u00f6r Norden och att fr\u00e4mja tolerans, dialog och fredlig samexistens, samt bek\u00e4mpa terrorism och extremism och bek\u00e4mpa islamofobi. Detta m\u00e5l uppn\u00e5s genom planerade bes\u00f6ksresor, konferenser och symposier runt om i Norden och till vilka samarbetsorganisationer inbjuds. 2. Skapa omfattande och utm\u00e4rkta f\u00f6rbindelser med civila [&hellip;]<\/p>\n","protected":false},"author":1,"featured_media":0,"parent":0,"menu_order":0,"comment_status":"closed","ping_status":"closed","template":"","meta":{"footnotes":""},"class_list":["post-18","page","type-page","status-publish","hentry"],"yoast_head":"<!-- This site is optimized with the Yoast SEO plugin v27.3 - https:\/\/yoast.com\/product\/yoast-seo-wordpress\/ -->\n<title>M\u00e5l - SCR - Scandinavia council for relations<\/title>\n<meta name=\"robots\" content=\"index, follow, max-snippet:-1, max-image-preview:large, max-video-preview:-1\" \/>\n<link rel=\"canonical\" href=\"https:\/\/scr-council.com\/se\/service-3\/\" \/>\n<meta property=\"og:locale\" content=\"sv_SE\" \/>\n<meta property=\"og:type\" content=\"article\" \/>\n<meta property=\"og:title\" content=\"M\u00e5l - SCR - Scandinavia council for relations\" \/>\n<meta property=\"og:description\" content=\"M\u00e5l: 1. Bygga broar av kulturell f\u00f6rst\u00e5else mellan religioner inom och utanf\u00f6r Norden och att fr\u00e4mja tolerans, dialog och fredlig samexistens, samt bek\u00e4mpa terrorism och extremism och bek\u00e4mpa islamofobi. Detta m\u00e5l uppn\u00e5s genom planerade bes\u00f6ksresor, konferenser och symposier runt om i Norden och till vilka samarbetsorganisationer inbjuds. 2. Skapa omfattande och utm\u00e4rkta f\u00f6rbindelser med civila [&hellip;]\" \/>\n<meta property=\"og:url\" content=\"https:\/\/scr-council.com\/se\/service-3\/\" \/>\n<meta property=\"og:site_name\" content=\"SCR - Scandinavia council for relations\" \/>\n<meta property=\"article:modified_time\" content=\"2018-05-26T14:55:15+00:00\" \/>\n<meta name=\"twitter:card\" content=\"summary_large_image\" \/>\n<meta name=\"twitter:label1\" content=\"Ber\u00e4knad l\u00e4stid\" \/>\n\t<meta name=\"twitter:data1\" content=\"1 minut\" \/>\n<script type=\"application\/ld+json\" class=\"yoast-schema-graph\">{\"@context\":\"https:\\\/\\\/schema.org\",\"@graph\":[{\"@type\":\"WebPage\",\"@id\":\"https:\\\/\\\/scr-council.com\\\/se\\\/service-3\\\/\",\"url\":\"https:\\\/\\\/scr-council.com\\\/se\\\/service-3\\\/\",\"name\":\"M\u00e5l - SCR - Scandinavia council for relations\",\"isPartOf\":{\"@id\":\"https:\\\/\\\/scr-council.com\\\/se\\\/#website\"},\"datePublished\":\"2017-10-30T09:29:43+00:00\",\"dateModified\":\"2018-05-26T14:55:15+00:00\",\"breadcrumb\":{\"@id\":\"https:\\\/\\\/scr-council.com\\\/se\\\/service-3\\\/#breadcrumb\"},\"inLanguage\":\"sv-SE\",\"potentialAction\":[{\"@type\":\"ReadAction\",\"target\":[\"https:\\\/\\\/scr-council.com\\\/se\\\/service-3\\\/\"]}]},{\"@type\":\"BreadcrumbList\",\"@id\":\"https:\\\/\\\/scr-council.com\\\/se\\\/service-3\\\/#breadcrumb\",\"itemListElement\":[{\"@type\":\"ListItem\",\"position\":1,\"name\":\"Home\",\"item\":\"https:\\\/\\\/scr-council.com\\\/se\\\/\"},{\"@type\":\"ListItem\",\"position\":2,\"name\":\"M\u00e5l\"}]},{\"@type\":\"WebSite\",\"@id\":\"https:\\\/\\\/scr-council.com\\\/se\\\/#website\",\"url\":\"https:\\\/\\\/scr-council.com\\\/se\\\/\",\"name\":\"SCR - Scandinavia council for relations\",\"description\":\"Communication for peace\",\"publisher\":{\"@id\":\"https:\\\/\\\/scr-council.com\\\/se\\\/#organization\"},\"potentialAction\":[{\"@type\":\"SearchAction\",\"target\":{\"@type\":\"EntryPoint\",\"urlTemplate\":\"https:\\\/\\\/scr-council.com\\\/se\\\/?s={search_term_string}\"},\"query-input\":{\"@type\":\"PropertyValueSpecification\",\"valueRequired\":true,\"valueName\":\"search_term_string\"}}],\"inLanguage\":\"sv-SE\"},{\"@type\":\"Organization\",\"@id\":\"https:\\\/\\\/scr-council.com\\\/se\\\/#organization\",\"name\":\"SCR - Scandinavia council for relations\",\"url\":\"https:\\\/\\\/scr-council.com\\\/se\\\/\",\"logo\":{\"@type\":\"ImageObject\",\"inLanguage\":\"sv-SE\",\"@id\":\"https:\\\/\\\/scr-council.com\\\/se\\\/#\\\/schema\\\/logo\\\/image\\\/\",\"url\":\"https:\\\/\\\/scr-council.com\\\/se\\\/wp-content\\\/uploads\\\/sites\\\/4\\\/2018\\\/07\\\/logog.png\",\"contentUrl\":\"https:\\\/\\\/scr-council.com\\\/se\\\/wp-content\\\/uploads\\\/sites\\\/4\\\/2018\\\/07\\\/logog.png\",\"width\":260,\"height\":150,\"caption\":\"SCR - Scandinavia council for relations\"},\"image\":{\"@id\":\"https:\\\/\\\/scr-council.com\\\/se\\\/#\\\/schema\\\/logo\\\/image\\\/\"}}]}<\/script>\n<!-- \/ Yoast SEO plugin. -->","yoast_head_json":{"title":"M\u00e5l - SCR - Scandinavia council for relations","robots":{"index":"index","follow":"follow","max-snippet":"max-snippet:-1","max-image-preview":"max-image-preview:large","max-video-preview":"max-video-preview:-1"},"canonical":"https:\/\/scr-council.com\/se\/service-3\/","og_locale":"sv_SE","og_type":"article","og_title":"M\u00e5l - SCR - Scandinavia council for relations","og_description":"M\u00e5l: 1. Bygga broar av kulturell f\u00f6rst\u00e5else mellan religioner inom och utanf\u00f6r Norden och att fr\u00e4mja tolerans, dialog och fredlig samexistens, samt bek\u00e4mpa terrorism och extremism och bek\u00e4mpa islamofobi. Detta m\u00e5l uppn\u00e5s genom planerade bes\u00f6ksresor, konferenser och symposier runt om i Norden och till vilka samarbetsorganisationer inbjuds. 2. Skapa omfattande och utm\u00e4rkta f\u00f6rbindelser med civila [&hellip;]","og_url":"https:\/\/scr-council.com\/se\/service-3\/","og_site_name":"SCR - Scandinavia council for relations","article_modified_time":"2018-05-26T14:55:15+00:00","twitter_card":"summary_large_image","twitter_misc":{"Ber\u00e4knad l\u00e4stid":"1 minut"},"schema":{"@context":"https:\/\/schema.org","@graph":[{"@type":"WebPage","@id":"https:\/\/scr-council.com\/se\/service-3\/","url":"https:\/\/scr-council.com\/se\/service-3\/","name":"M\u00e5l - SCR - Scandinavia council for relations","isPartOf":{"@id":"https:\/\/scr-council.com\/se\/#website"},"datePublished":"2017-10-30T09:29:43+00:00","dateModified":"2018-05-26T14:55:15+00:00","breadcrumb":{"@id":"https:\/\/scr-council.com\/se\/service-3\/#breadcrumb"},"inLanguage":"sv-SE","potentialAction":[{"@type":"ReadAction","target":["https:\/\/scr-council.com\/se\/service-3\/"]}]},{"@type":"BreadcrumbList","@id":"https:\/\/scr-council.com\/se\/service-3\/#breadcrumb","itemListElement":[{"@type":"ListItem","position":1,"name":"Home","item":"https:\/\/scr-council.com\/se\/"},{"@type":"ListItem","position":2,"name":"M\u00e5l"}]},{"@type":"WebSite","@id":"https:\/\/scr-council.com\/se\/#website","url":"https:\/\/scr-council.com\/se\/","name":"SCR - Scandinavia council for relations","description":"Communication for peace","publisher":{"@id":"https:\/\/scr-council.com\/se\/#organization"},"potentialAction":[{"@type":"SearchAction","target":{"@type":"EntryPoint","urlTemplate":"https:\/\/scr-council.com\/se\/?s={search_term_string}"},"query-input":{"@type":"PropertyValueSpecification","valueRequired":true,"valueName":"search_term_string"}}],"inLanguage":"sv-SE"},{"@type":"Organization","@id":"https:\/\/scr-council.com\/se\/#organization","name":"SCR - Scandinavia council for relations","url":"https:\/\/scr-council.com\/se\/","logo":{"@type":"ImageObject","inLanguage":"sv-SE","@id":"https:\/\/scr-council.com\/se\/#\/schema\/logo\/image\/","url":"https:\/\/scr-council.com\/se\/wp-content\/uploads\/sites\/4\/2018\/07\/logog.png","contentUrl":"https:\/\/scr-council.com\/se\/wp-content\/uploads\/sites\/4\/2018\/07\/logog.png","width":260,"height":150,"caption":"SCR - Scandinavia council for relations"},"image":{"@id":"https:\/\/scr-council.com\/se\/#\/schema\/logo\/image\/"}}]}},"amp_enabled":true,"_links":{"self":[{"href":"https:\/\/scr-council.com\/se\/wp-json\/wp\/v2\/pages\/18","targetHints":{"allow":["GET"]}}],"collection":[{"href":"https:\/\/scr-council.com\/se\/wp-json\/wp\/v2\/pages"}],"about":[{"href":"https:\/\/scr-council.com\/se\/wp-json\/wp\/v2\/types\/page"}],"author":[{"embeddable":true,"href":"https:\/\/scr-council.com\/se\/wp-json\/wp\/v2\/users\/1"}],"replies":[{"embeddable":true,"href":"https:\/\/scr-council.com\/se\/wp-json\/wp\/v2\/comments?post=18"}],"version-history":[{"count":3,"href":"https:\/\/scr-council.com\/se\/wp-json\/wp\/v2\/pages\/18\/revisions"}],"predecessor-version":[{"id":338,"href":"https:\/\/scr-council.com\/se\/wp-json\/wp\/v2\/pages\/18\/revisions\/338"}],"wp:attachment":[{"href":"https:\/\/scr-council.com\/se\/wp-json\/wp\/v2\/media?parent=18"}],"curies":[{"name":"wp","href":"https:\/\/api.w.org\/{rel}","templated":true}]}}