{"id":145,"date":"2018-05-24T07:09:43","date_gmt":"2018-05-24T07:09:43","guid":{"rendered":"http:\/\/scr-council.com\/se\/?page_id=145"},"modified":"2018-11-12T13:24:19","modified_gmt":"2018-11-12T13:24:19","slug":"utskott","status":"publish","type":"page","link":"https:\/\/scr-council.com\/se\/utskott\/","title":{"rendered":"Kommitt\u00e9erna"},"content":{"rendered":"<p><strong>De aktiva kommitt\u00e9erna:<\/strong><\/p>\n<ol>\n<li>Kommitt\u00e9n f\u00f6r yttre f\u00f6rbindelser.<\/li>\n<li>Kommitt\u00e9n f\u00f6r de islamiska institutionerna och de skandinaviska stiftelserna.<\/li>\n<li>Kommitt\u00e9n f\u00f6r kommunikation och dialog mellan civilisationer.<\/li>\n<li>Mediakommitt\u00e9n.<\/li>\n<li>Kommitt\u00e9n f\u00f6r undervisnings och kulturangel\u00e4genheterna.<\/li>\n<li>Kommitt\u00e9n f\u00f6r religionsangel\u00e4genheterna.<\/li>\n<\/ol>\n<p>&nbsp;<\/p>\n","protected":false},"excerpt":{"rendered":"<p>De aktiva kommitt\u00e9erna: Kommitt\u00e9n f\u00f6r yttre f\u00f6rbindelser. Kommitt\u00e9n f\u00f6r de islamiska institutionerna och de skandinaviska stiftelserna. Kommitt\u00e9n f\u00f6r kommunikation och dialog mellan civilisationer. Mediakommitt\u00e9n. Kommitt\u00e9n f\u00f6r undervisnings och kulturangel\u00e4genheterna. Kommitt\u00e9n f\u00f6r religionsangel\u00e4genheterna. &nbsp;<\/p>\n","protected":false},"author":2,"featured_media":0,"parent":0,"menu_order":0,"comment_status":"closed","ping_status":"closed","template":"","meta":{"footnotes":""},"class_list":["post-145","page","type-page","status-publish","hentry"],"yoast_head":"<!-- This site is optimized with the Yoast SEO plugin v27.5 - https:\/\/yoast.com\/product\/yoast-seo-wordpress\/ -->\n<title>Kommitt\u00e9erna - SCR - Scandinavia council for relations<\/title>\n<meta name=\"robots\" content=\"index, follow, max-snippet:-1, max-image-preview:large, max-video-preview:-1\" \/>\n<link rel=\"canonical\" href=\"https:\/\/scr-council.com\/se\/utskott\/\" \/>\n<meta property=\"og:locale\" content=\"sv_SE\" \/>\n<meta property=\"og:type\" content=\"article\" \/>\n<meta property=\"og:title\" content=\"Kommitt\u00e9erna - SCR - Scandinavia council for relations\" \/>\n<meta property=\"og:description\" content=\"De aktiva kommitt\u00e9erna: Kommitt\u00e9n f\u00f6r yttre f\u00f6rbindelser. Kommitt\u00e9n f\u00f6r de islamiska institutionerna och de skandinaviska stiftelserna. Kommitt\u00e9n f\u00f6r kommunikation och dialog mellan civilisationer. Mediakommitt\u00e9n. Kommitt\u00e9n f\u00f6r undervisnings och kulturangel\u00e4genheterna. Kommitt\u00e9n f\u00f6r religionsangel\u00e4genheterna. &nbsp;\" \/>\n<meta property=\"og:url\" content=\"https:\/\/scr-council.com\/se\/utskott\/\" \/>\n<meta property=\"og:site_name\" content=\"SCR - Scandinavia council for relations\" \/>\n<meta property=\"article:modified_time\" content=\"2018-11-12T13:24:19+00:00\" \/>\n<meta name=\"twitter:card\" content=\"summary_large_image\" \/>\n<script type=\"application\/ld+json\" class=\"yoast-schema-graph\">{\"@context\":\"https:\\\/\\\/schema.org\",\"@graph\":[{\"@type\":\"WebPage\",\"@id\":\"https:\\\/\\\/scr-council.com\\\/se\\\/utskott\\\/\",\"url\":\"https:\\\/\\\/scr-council.com\\\/se\\\/utskott\\\/\",\"name\":\"Kommitt\u00e9erna - SCR - Scandinavia council for relations\",\"isPartOf\":{\"@id\":\"https:\\\/\\\/scr-council.com\\\/se\\\/#website\"},\"datePublished\":\"2018-05-24T07:09:43+00:00\",\"dateModified\":\"2018-11-12T13:24:19+00:00\",\"breadcrumb\":{\"@id\":\"https:\\\/\\\/scr-council.com\\\/se\\\/utskott\\\/#breadcrumb\"},\"inLanguage\":\"sv-SE\",\"potentialAction\":[{\"@type\":\"ReadAction\",\"target\":[\"https:\\\/\\\/scr-council.com\\\/se\\\/utskott\\\/\"]}]},{\"@type\":\"BreadcrumbList\",\"@id\":\"https:\\\/\\\/scr-council.com\\\/se\\\/utskott\\\/#breadcrumb\",\"itemListElement\":[{\"@type\":\"ListItem\",\"position\":1,\"name\":\"Home\",\"item\":\"https:\\\/\\\/scr-council.com\\\/se\\\/\"},{\"@type\":\"ListItem\",\"position\":2,\"name\":\"Kommitt\u00e9erna\"}]},{\"@type\":\"WebSite\",\"@id\":\"https:\\\/\\\/scr-council.com\\\/se\\\/#website\",\"url\":\"https:\\\/\\\/scr-council.com\\\/se\\\/\",\"name\":\"SCR - Scandinavia council for relations\",\"description\":\"Communication for peace\",\"publisher\":{\"@id\":\"https:\\\/\\\/scr-council.com\\\/se\\\/#organization\"},\"potentialAction\":[{\"@type\":\"SearchAction\",\"target\":{\"@type\":\"EntryPoint\",\"urlTemplate\":\"https:\\\/\\\/scr-council.com\\\/se\\\/?s={search_term_string}\"},\"query-input\":{\"@type\":\"PropertyValueSpecification\",\"valueRequired\":true,\"valueName\":\"search_term_string\"}}],\"inLanguage\":\"sv-SE\"},{\"@type\":\"Organization\",\"@id\":\"https:\\\/\\\/scr-council.com\\\/se\\\/#organization\",\"name\":\"SCR - Scandinavia council for relations\",\"url\":\"https:\\\/\\\/scr-council.com\\\/se\\\/\",\"logo\":{\"@type\":\"ImageObject\",\"inLanguage\":\"sv-SE\",\"@id\":\"https:\\\/\\\/scr-council.com\\\/se\\\/#\\\/schema\\\/logo\\\/image\\\/\",\"url\":\"https:\\\/\\\/scr-council.com\\\/se\\\/wp-content\\\/uploads\\\/sites\\\/4\\\/2018\\\/07\\\/logog.png\",\"contentUrl\":\"https:\\\/\\\/scr-council.com\\\/se\\\/wp-content\\\/uploads\\\/sites\\\/4\\\/2018\\\/07\\\/logog.png\",\"width\":260,\"height\":150,\"caption\":\"SCR - Scandinavia council for relations\"},\"image\":{\"@id\":\"https:\\\/\\\/scr-council.com\\\/se\\\/#\\\/schema\\\/logo\\\/image\\\/\"}}]}<\/script>\n<!-- \/ Yoast SEO plugin. -->","yoast_head_json":{"title":"Kommitt\u00e9erna - SCR - Scandinavia council for relations","robots":{"index":"index","follow":"follow","max-snippet":"max-snippet:-1","max-image-preview":"max-image-preview:large","max-video-preview":"max-video-preview:-1"},"canonical":"https:\/\/scr-council.com\/se\/utskott\/","og_locale":"sv_SE","og_type":"article","og_title":"Kommitt\u00e9erna - SCR - Scandinavia council for relations","og_description":"De aktiva kommitt\u00e9erna: Kommitt\u00e9n f\u00f6r yttre f\u00f6rbindelser. Kommitt\u00e9n f\u00f6r de islamiska institutionerna och de skandinaviska stiftelserna. Kommitt\u00e9n f\u00f6r kommunikation och dialog mellan civilisationer. Mediakommitt\u00e9n. Kommitt\u00e9n f\u00f6r undervisnings och kulturangel\u00e4genheterna. Kommitt\u00e9n f\u00f6r religionsangel\u00e4genheterna. &nbsp;","og_url":"https:\/\/scr-council.com\/se\/utskott\/","og_site_name":"SCR - Scandinavia council for relations","article_modified_time":"2018-11-12T13:24:19+00:00","twitter_card":"summary_large_image","schema":{"@context":"https:\/\/schema.org","@graph":[{"@type":"WebPage","@id":"https:\/\/scr-council.com\/se\/utskott\/","url":"https:\/\/scr-council.com\/se\/utskott\/","name":"Kommitt\u00e9erna - SCR - Scandinavia council for relations","isPartOf":{"@id":"https:\/\/scr-council.com\/se\/#website"},"datePublished":"2018-05-24T07:09:43+00:00","dateModified":"2018-11-12T13:24:19+00:00","breadcrumb":{"@id":"https:\/\/scr-council.com\/se\/utskott\/#breadcrumb"},"inLanguage":"sv-SE","potentialAction":[{"@type":"ReadAction","target":["https:\/\/scr-council.com\/se\/utskott\/"]}]},{"@type":"BreadcrumbList","@id":"https:\/\/scr-council.com\/se\/utskott\/#breadcrumb","itemListElement":[{"@type":"ListItem","position":1,"name":"Home","item":"https:\/\/scr-council.com\/se\/"},{"@type":"ListItem","position":2,"name":"Kommitt\u00e9erna"}]},{"@type":"WebSite","@id":"https:\/\/scr-council.com\/se\/#website","url":"https:\/\/scr-council.com\/se\/","name":"SCR - Scandinavia council for relations","description":"Communication for peace","publisher":{"@id":"https:\/\/scr-council.com\/se\/#organization"},"potentialAction":[{"@type":"SearchAction","target":{"@type":"EntryPoint","urlTemplate":"https:\/\/scr-council.com\/se\/?s={search_term_string}"},"query-input":{"@type":"PropertyValueSpecification","valueRequired":true,"valueName":"search_term_string"}}],"inLanguage":"sv-SE"},{"@type":"Organization","@id":"https:\/\/scr-council.com\/se\/#organization","name":"SCR - Scandinavia council for relations","url":"https:\/\/scr-council.com\/se\/","logo":{"@type":"ImageObject","inLanguage":"sv-SE","@id":"https:\/\/scr-council.com\/se\/#\/schema\/logo\/image\/","url":"https:\/\/scr-council.com\/se\/wp-content\/uploads\/sites\/4\/2018\/07\/logog.png","contentUrl":"https:\/\/scr-council.com\/se\/wp-content\/uploads\/sites\/4\/2018\/07\/logog.png","width":260,"height":150,"caption":"SCR - Scandinavia council for relations"},"image":{"@id":"https:\/\/scr-council.com\/se\/#\/schema\/logo\/image\/"}}]}},"amp_enabled":true,"_links":{"self":[{"href":"https:\/\/scr-council.com\/se\/wp-json\/wp\/v2\/pages\/145","targetHints":{"allow":["GET"]}}],"collection":[{"href":"https:\/\/scr-council.com\/se\/wp-json\/wp\/v2\/pages"}],"about":[{"href":"https:\/\/scr-council.com\/se\/wp-json\/wp\/v2\/types\/page"}],"author":[{"embeddable":true,"href":"https:\/\/scr-council.com\/se\/wp-json\/wp\/v2\/users\/2"}],"replies":[{"embeddable":true,"href":"https:\/\/scr-council.com\/se\/wp-json\/wp\/v2\/comments?post=145"}],"version-history":[{"count":6,"href":"https:\/\/scr-council.com\/se\/wp-json\/wp\/v2\/pages\/145\/revisions"}],"predecessor-version":[{"id":336,"href":"https:\/\/scr-council.com\/se\/wp-json\/wp\/v2\/pages\/145\/revisions\/336"}],"wp:attachment":[{"href":"https:\/\/scr-council.com\/se\/wp-json\/wp\/v2\/media?parent=145"}],"curies":[{"name":"wp","href":"https:\/\/api.w.org\/{rel}","templated":true}]}}