{"id":14,"date":"2017-10-30T09:29:16","date_gmt":"2017-10-30T09:29:16","guid":{"rendered":"http:\/\/localhost\/allthemes\/free\/free-demo\/?page_id=14"},"modified":"2018-05-26T15:30:17","modified_gmt":"2018-05-26T15:30:17","slug":"service-1","status":"publish","type":"page","link":"https:\/\/scr-council.com\/se\/service-1\/","title":{"rendered":"vision"},"content":{"rendered":"<p><span style=\"color: #000000\">Vision:<\/span><br \/>\n<span style=\"color: #000000\">Att st\u00e4rka relationerna mellan institutioner och individer till f\u00f6rm\u00e5n f\u00f6r v\u00e5ra nordiska samh\u00e4llen. Att skapa socialt ansvar genom integration, kultur och media, samt att sprida en anda av tolerans och bek\u00e4mpa terrorism.<\/span><\/p>\n","protected":false},"excerpt":{"rendered":"<p>Vision: Att st\u00e4rka relationerna mellan institutioner och individer till f\u00f6rm\u00e5n f\u00f6r v\u00e5ra nordiska samh\u00e4llen. Att skapa socialt ansvar genom integration, kultur och media, samt att sprida en anda av tolerans och bek\u00e4mpa terrorism.<\/p>\n","protected":false},"author":1,"featured_media":0,"parent":0,"menu_order":0,"comment_status":"closed","ping_status":"closed","template":"","meta":{"footnotes":""},"class_list":["post-14","page","type-page","status-publish","hentry"],"yoast_head":"<!-- This site is optimized with the Yoast SEO plugin v27.5 - https:\/\/yoast.com\/product\/yoast-seo-wordpress\/ -->\n<title>vision - SCR - Scandinavia council for relations<\/title>\n<meta name=\"robots\" content=\"index, follow, max-snippet:-1, max-image-preview:large, max-video-preview:-1\" \/>\n<link rel=\"canonical\" href=\"https:\/\/scr-council.com\/se\/service-1\/\" \/>\n<meta property=\"og:locale\" content=\"sv_SE\" \/>\n<meta property=\"og:type\" content=\"article\" \/>\n<meta property=\"og:title\" content=\"vision - SCR - Scandinavia council for relations\" \/>\n<meta property=\"og:description\" content=\"Vision: Att st\u00e4rka relationerna mellan institutioner och individer till f\u00f6rm\u00e5n f\u00f6r v\u00e5ra nordiska samh\u00e4llen. Att skapa socialt ansvar genom integration, kultur och media, samt att sprida en anda av tolerans och bek\u00e4mpa terrorism.\" \/>\n<meta property=\"og:url\" content=\"https:\/\/scr-council.com\/se\/service-1\/\" \/>\n<meta property=\"og:site_name\" content=\"SCR - Scandinavia council for relations\" \/>\n<meta property=\"article:modified_time\" content=\"2018-05-26T15:30:17+00:00\" \/>\n<meta name=\"twitter:card\" content=\"summary_large_image\" \/>\n<script type=\"application\/ld+json\" class=\"yoast-schema-graph\">{\"@context\":\"https:\\\/\\\/schema.org\",\"@graph\":[{\"@type\":\"WebPage\",\"@id\":\"https:\\\/\\\/scr-council.com\\\/se\\\/service-1\\\/\",\"url\":\"https:\\\/\\\/scr-council.com\\\/se\\\/service-1\\\/\",\"name\":\"vision - SCR - Scandinavia council for relations\",\"isPartOf\":{\"@id\":\"https:\\\/\\\/scr-council.com\\\/se\\\/#website\"},\"datePublished\":\"2017-10-30T09:29:16+00:00\",\"dateModified\":\"2018-05-26T15:30:17+00:00\",\"breadcrumb\":{\"@id\":\"https:\\\/\\\/scr-council.com\\\/se\\\/service-1\\\/#breadcrumb\"},\"inLanguage\":\"sv-SE\",\"potentialAction\":[{\"@type\":\"ReadAction\",\"target\":[\"https:\\\/\\\/scr-council.com\\\/se\\\/service-1\\\/\"]}]},{\"@type\":\"BreadcrumbList\",\"@id\":\"https:\\\/\\\/scr-council.com\\\/se\\\/service-1\\\/#breadcrumb\",\"itemListElement\":[{\"@type\":\"ListItem\",\"position\":1,\"name\":\"Home\",\"item\":\"https:\\\/\\\/scr-council.com\\\/se\\\/\"},{\"@type\":\"ListItem\",\"position\":2,\"name\":\"vision\"}]},{\"@type\":\"WebSite\",\"@id\":\"https:\\\/\\\/scr-council.com\\\/se\\\/#website\",\"url\":\"https:\\\/\\\/scr-council.com\\\/se\\\/\",\"name\":\"SCR - Scandinavia council for relations\",\"description\":\"Communication for peace\",\"publisher\":{\"@id\":\"https:\\\/\\\/scr-council.com\\\/se\\\/#organization\"},\"potentialAction\":[{\"@type\":\"SearchAction\",\"target\":{\"@type\":\"EntryPoint\",\"urlTemplate\":\"https:\\\/\\\/scr-council.com\\\/se\\\/?s={search_term_string}\"},\"query-input\":{\"@type\":\"PropertyValueSpecification\",\"valueRequired\":true,\"valueName\":\"search_term_string\"}}],\"inLanguage\":\"sv-SE\"},{\"@type\":\"Organization\",\"@id\":\"https:\\\/\\\/scr-council.com\\\/se\\\/#organization\",\"name\":\"SCR - Scandinavia council for relations\",\"url\":\"https:\\\/\\\/scr-council.com\\\/se\\\/\",\"logo\":{\"@type\":\"ImageObject\",\"inLanguage\":\"sv-SE\",\"@id\":\"https:\\\/\\\/scr-council.com\\\/se\\\/#\\\/schema\\\/logo\\\/image\\\/\",\"url\":\"https:\\\/\\\/scr-council.com\\\/se\\\/wp-content\\\/uploads\\\/sites\\\/4\\\/2018\\\/07\\\/logog.png\",\"contentUrl\":\"https:\\\/\\\/scr-council.com\\\/se\\\/wp-content\\\/uploads\\\/sites\\\/4\\\/2018\\\/07\\\/logog.png\",\"width\":260,\"height\":150,\"caption\":\"SCR - Scandinavia council for relations\"},\"image\":{\"@id\":\"https:\\\/\\\/scr-council.com\\\/se\\\/#\\\/schema\\\/logo\\\/image\\\/\"}}]}<\/script>\n<!-- \/ Yoast SEO plugin. -->","yoast_head_json":{"title":"vision - SCR - Scandinavia council for relations","robots":{"index":"index","follow":"follow","max-snippet":"max-snippet:-1","max-image-preview":"max-image-preview:large","max-video-preview":"max-video-preview:-1"},"canonical":"https:\/\/scr-council.com\/se\/service-1\/","og_locale":"sv_SE","og_type":"article","og_title":"vision - SCR - Scandinavia council for relations","og_description":"Vision: Att st\u00e4rka relationerna mellan institutioner och individer till f\u00f6rm\u00e5n f\u00f6r v\u00e5ra nordiska samh\u00e4llen. Att skapa socialt ansvar genom integration, kultur och media, samt att sprida en anda av tolerans och bek\u00e4mpa terrorism.","og_url":"https:\/\/scr-council.com\/se\/service-1\/","og_site_name":"SCR - Scandinavia council for relations","article_modified_time":"2018-05-26T15:30:17+00:00","twitter_card":"summary_large_image","schema":{"@context":"https:\/\/schema.org","@graph":[{"@type":"WebPage","@id":"https:\/\/scr-council.com\/se\/service-1\/","url":"https:\/\/scr-council.com\/se\/service-1\/","name":"vision - SCR - Scandinavia council for relations","isPartOf":{"@id":"https:\/\/scr-council.com\/se\/#website"},"datePublished":"2017-10-30T09:29:16+00:00","dateModified":"2018-05-26T15:30:17+00:00","breadcrumb":{"@id":"https:\/\/scr-council.com\/se\/service-1\/#breadcrumb"},"inLanguage":"sv-SE","potentialAction":[{"@type":"ReadAction","target":["https:\/\/scr-council.com\/se\/service-1\/"]}]},{"@type":"BreadcrumbList","@id":"https:\/\/scr-council.com\/se\/service-1\/#breadcrumb","itemListElement":[{"@type":"ListItem","position":1,"name":"Home","item":"https:\/\/scr-council.com\/se\/"},{"@type":"ListItem","position":2,"name":"vision"}]},{"@type":"WebSite","@id":"https:\/\/scr-council.com\/se\/#website","url":"https:\/\/scr-council.com\/se\/","name":"SCR - Scandinavia council for relations","description":"Communication for peace","publisher":{"@id":"https:\/\/scr-council.com\/se\/#organization"},"potentialAction":[{"@type":"SearchAction","target":{"@type":"EntryPoint","urlTemplate":"https:\/\/scr-council.com\/se\/?s={search_term_string}"},"query-input":{"@type":"PropertyValueSpecification","valueRequired":true,"valueName":"search_term_string"}}],"inLanguage":"sv-SE"},{"@type":"Organization","@id":"https:\/\/scr-council.com\/se\/#organization","name":"SCR - Scandinavia council for relations","url":"https:\/\/scr-council.com\/se\/","logo":{"@type":"ImageObject","inLanguage":"sv-SE","@id":"https:\/\/scr-council.com\/se\/#\/schema\/logo\/image\/","url":"https:\/\/scr-council.com\/se\/wp-content\/uploads\/sites\/4\/2018\/07\/logog.png","contentUrl":"https:\/\/scr-council.com\/se\/wp-content\/uploads\/sites\/4\/2018\/07\/logog.png","width":260,"height":150,"caption":"SCR - Scandinavia council for relations"},"image":{"@id":"https:\/\/scr-council.com\/se\/#\/schema\/logo\/image\/"}}]}},"amp_enabled":true,"_links":{"self":[{"href":"https:\/\/scr-council.com\/se\/wp-json\/wp\/v2\/pages\/14","targetHints":{"allow":["GET"]}}],"collection":[{"href":"https:\/\/scr-council.com\/se\/wp-json\/wp\/v2\/pages"}],"about":[{"href":"https:\/\/scr-council.com\/se\/wp-json\/wp\/v2\/types\/page"}],"author":[{"embeddable":true,"href":"https:\/\/scr-council.com\/se\/wp-json\/wp\/v2\/users\/1"}],"replies":[{"embeddable":true,"href":"https:\/\/scr-council.com\/se\/wp-json\/wp\/v2\/comments?post=14"}],"version-history":[{"count":5,"href":"https:\/\/scr-council.com\/se\/wp-json\/wp\/v2\/pages\/14\/revisions"}],"predecessor-version":[{"id":223,"href":"https:\/\/scr-council.com\/se\/wp-json\/wp\/v2\/pages\/14\/revisions\/223"}],"wp:attachment":[{"href":"https:\/\/scr-council.com\/se\/wp-json\/wp\/v2\/media?parent=14"}],"curies":[{"name":"wp","href":"https:\/\/api.w.org\/{rel}","templated":true}]}}