{"id":102,"date":"2018-05-24T06:07:58","date_gmt":"2018-05-24T06:07:58","guid":{"rendered":"http:\/\/scr-council.com\/se\/?page_id=102"},"modified":"2018-05-26T15:31:28","modified_gmt":"2018-05-26T15:31:28","slug":"om-oss","status":"publish","type":"page","link":"https:\/\/scr-council.com\/se\/om-oss\/","title":{"rendered":"Om oss"},"content":{"rendered":"<p><span style=\"color: #000000\">Om oss:<\/span><br \/>\n<span style=\"color: #000000\">Scandinavian Council for Relations \u00e4r en oberoende institution utan politiska eller ekonomiska intressen. Verksamheten drivs i Norden och tillhandah\u00e5ller sina tj\u00e4nster genom samarbete och dialog med myndigheter, civilsamh\u00e4llets institutioner, islamiska v\u00e4lg\u00f6renhetsorganisationer och centra. Scandinavian Council for Relations kommunicerar ocks\u00e5 med offentliga och privata institutioner i l\u00e4nder utanf\u00f6r Norden. R\u00e5det arbetar i enlighet med svensk lag och uppn\u00e5r sina m\u00e5l genom det st\u00f6d som det erh\u00e5ller fr\u00e5n regeringar. R\u00e5dets ekonomiska resurser best\u00e5r av donationer, g\u00e5vor och st\u00f6d fr\u00e5n l\u00e4nder, offentliga och privata institutioner och personer som bor i och utanf\u00f6r Norden.<\/span><\/p>\n","protected":false},"excerpt":{"rendered":"<p>Om oss: Scandinavian Council for Relations \u00e4r en oberoende institution utan politiska eller ekonomiska intressen. Verksamheten drivs i Norden och tillhandah\u00e5ller sina tj\u00e4nster genom samarbete och dialog med myndigheter, civilsamh\u00e4llets institutioner, islamiska v\u00e4lg\u00f6renhetsorganisationer och centra. Scandinavian Council for Relations kommunicerar ocks\u00e5 med offentliga och privata institutioner i l\u00e4nder utanf\u00f6r Norden. R\u00e5det arbetar i enlighet med [&hellip;]<\/p>\n","protected":false},"author":2,"featured_media":0,"parent":0,"menu_order":0,"comment_status":"closed","ping_status":"closed","template":"","meta":{"footnotes":""},"class_list":["post-102","page","type-page","status-publish","hentry"],"yoast_head":"<!-- This site is optimized with the Yoast SEO plugin v27.5 - https:\/\/yoast.com\/product\/yoast-seo-wordpress\/ -->\n<title>Om oss - SCR - Scandinavia council for relations<\/title>\n<meta name=\"robots\" content=\"index, follow, max-snippet:-1, max-image-preview:large, max-video-preview:-1\" \/>\n<link rel=\"canonical\" href=\"https:\/\/scr-council.com\/se\/om-oss\/\" \/>\n<meta property=\"og:locale\" content=\"sv_SE\" \/>\n<meta property=\"og:type\" content=\"article\" \/>\n<meta property=\"og:title\" content=\"Om oss - SCR - Scandinavia council for relations\" \/>\n<meta property=\"og:description\" content=\"Om oss: Scandinavian Council for Relations \u00e4r en oberoende institution utan politiska eller ekonomiska intressen. Verksamheten drivs i Norden och tillhandah\u00e5ller sina tj\u00e4nster genom samarbete och dialog med myndigheter, civilsamh\u00e4llets institutioner, islamiska v\u00e4lg\u00f6renhetsorganisationer och centra. Scandinavian Council for Relations kommunicerar ocks\u00e5 med offentliga och privata institutioner i l\u00e4nder utanf\u00f6r Norden. R\u00e5det arbetar i enlighet med [&hellip;]\" \/>\n<meta property=\"og:url\" content=\"https:\/\/scr-council.com\/se\/om-oss\/\" \/>\n<meta property=\"og:site_name\" content=\"SCR - Scandinavia council for relations\" \/>\n<meta property=\"article:modified_time\" content=\"2018-05-26T15:31:28+00:00\" \/>\n<meta name=\"twitter:card\" content=\"summary_large_image\" \/>\n<meta name=\"twitter:label1\" content=\"Ber\u00e4knad l\u00e4stid\" \/>\n\t<meta name=\"twitter:data1\" content=\"1 minut\" \/>\n<script type=\"application\/ld+json\" class=\"yoast-schema-graph\">{\"@context\":\"https:\\\/\\\/schema.org\",\"@graph\":[{\"@type\":\"WebPage\",\"@id\":\"https:\\\/\\\/scr-council.com\\\/se\\\/om-oss\\\/\",\"url\":\"https:\\\/\\\/scr-council.com\\\/se\\\/om-oss\\\/\",\"name\":\"Om oss - SCR - Scandinavia council for relations\",\"isPartOf\":{\"@id\":\"https:\\\/\\\/scr-council.com\\\/se\\\/#website\"},\"datePublished\":\"2018-05-24T06:07:58+00:00\",\"dateModified\":\"2018-05-26T15:31:28+00:00\",\"breadcrumb\":{\"@id\":\"https:\\\/\\\/scr-council.com\\\/se\\\/om-oss\\\/#breadcrumb\"},\"inLanguage\":\"sv-SE\",\"potentialAction\":[{\"@type\":\"ReadAction\",\"target\":[\"https:\\\/\\\/scr-council.com\\\/se\\\/om-oss\\\/\"]}]},{\"@type\":\"BreadcrumbList\",\"@id\":\"https:\\\/\\\/scr-council.com\\\/se\\\/om-oss\\\/#breadcrumb\",\"itemListElement\":[{\"@type\":\"ListItem\",\"position\":1,\"name\":\"Home\",\"item\":\"https:\\\/\\\/scr-council.com\\\/se\\\/\"},{\"@type\":\"ListItem\",\"position\":2,\"name\":\"Om oss\"}]},{\"@type\":\"WebSite\",\"@id\":\"https:\\\/\\\/scr-council.com\\\/se\\\/#website\",\"url\":\"https:\\\/\\\/scr-council.com\\\/se\\\/\",\"name\":\"SCR - Scandinavia council for relations\",\"description\":\"Communication for peace\",\"publisher\":{\"@id\":\"https:\\\/\\\/scr-council.com\\\/se\\\/#organization\"},\"potentialAction\":[{\"@type\":\"SearchAction\",\"target\":{\"@type\":\"EntryPoint\",\"urlTemplate\":\"https:\\\/\\\/scr-council.com\\\/se\\\/?s={search_term_string}\"},\"query-input\":{\"@type\":\"PropertyValueSpecification\",\"valueRequired\":true,\"valueName\":\"search_term_string\"}}],\"inLanguage\":\"sv-SE\"},{\"@type\":\"Organization\",\"@id\":\"https:\\\/\\\/scr-council.com\\\/se\\\/#organization\",\"name\":\"SCR - Scandinavia council for relations\",\"url\":\"https:\\\/\\\/scr-council.com\\\/se\\\/\",\"logo\":{\"@type\":\"ImageObject\",\"inLanguage\":\"sv-SE\",\"@id\":\"https:\\\/\\\/scr-council.com\\\/se\\\/#\\\/schema\\\/logo\\\/image\\\/\",\"url\":\"https:\\\/\\\/scr-council.com\\\/se\\\/wp-content\\\/uploads\\\/sites\\\/4\\\/2018\\\/07\\\/logog.png\",\"contentUrl\":\"https:\\\/\\\/scr-council.com\\\/se\\\/wp-content\\\/uploads\\\/sites\\\/4\\\/2018\\\/07\\\/logog.png\",\"width\":260,\"height\":150,\"caption\":\"SCR - Scandinavia council for relations\"},\"image\":{\"@id\":\"https:\\\/\\\/scr-council.com\\\/se\\\/#\\\/schema\\\/logo\\\/image\\\/\"}}]}<\/script>\n<!-- \/ Yoast SEO plugin. -->","yoast_head_json":{"title":"Om oss - SCR - Scandinavia council for relations","robots":{"index":"index","follow":"follow","max-snippet":"max-snippet:-1","max-image-preview":"max-image-preview:large","max-video-preview":"max-video-preview:-1"},"canonical":"https:\/\/scr-council.com\/se\/om-oss\/","og_locale":"sv_SE","og_type":"article","og_title":"Om oss - SCR - Scandinavia council for relations","og_description":"Om oss: Scandinavian Council for Relations \u00e4r en oberoende institution utan politiska eller ekonomiska intressen. Verksamheten drivs i Norden och tillhandah\u00e5ller sina tj\u00e4nster genom samarbete och dialog med myndigheter, civilsamh\u00e4llets institutioner, islamiska v\u00e4lg\u00f6renhetsorganisationer och centra. Scandinavian Council for Relations kommunicerar ocks\u00e5 med offentliga och privata institutioner i l\u00e4nder utanf\u00f6r Norden. R\u00e5det arbetar i enlighet med [&hellip;]","og_url":"https:\/\/scr-council.com\/se\/om-oss\/","og_site_name":"SCR - Scandinavia council for relations","article_modified_time":"2018-05-26T15:31:28+00:00","twitter_card":"summary_large_image","twitter_misc":{"Ber\u00e4knad l\u00e4stid":"1 minut"},"schema":{"@context":"https:\/\/schema.org","@graph":[{"@type":"WebPage","@id":"https:\/\/scr-council.com\/se\/om-oss\/","url":"https:\/\/scr-council.com\/se\/om-oss\/","name":"Om oss - SCR - Scandinavia council for relations","isPartOf":{"@id":"https:\/\/scr-council.com\/se\/#website"},"datePublished":"2018-05-24T06:07:58+00:00","dateModified":"2018-05-26T15:31:28+00:00","breadcrumb":{"@id":"https:\/\/scr-council.com\/se\/om-oss\/#breadcrumb"},"inLanguage":"sv-SE","potentialAction":[{"@type":"ReadAction","target":["https:\/\/scr-council.com\/se\/om-oss\/"]}]},{"@type":"BreadcrumbList","@id":"https:\/\/scr-council.com\/se\/om-oss\/#breadcrumb","itemListElement":[{"@type":"ListItem","position":1,"name":"Home","item":"https:\/\/scr-council.com\/se\/"},{"@type":"ListItem","position":2,"name":"Om oss"}]},{"@type":"WebSite","@id":"https:\/\/scr-council.com\/se\/#website","url":"https:\/\/scr-council.com\/se\/","name":"SCR - Scandinavia council for relations","description":"Communication for peace","publisher":{"@id":"https:\/\/scr-council.com\/se\/#organization"},"potentialAction":[{"@type":"SearchAction","target":{"@type":"EntryPoint","urlTemplate":"https:\/\/scr-council.com\/se\/?s={search_term_string}"},"query-input":{"@type":"PropertyValueSpecification","valueRequired":true,"valueName":"search_term_string"}}],"inLanguage":"sv-SE"},{"@type":"Organization","@id":"https:\/\/scr-council.com\/se\/#organization","name":"SCR - Scandinavia council for relations","url":"https:\/\/scr-council.com\/se\/","logo":{"@type":"ImageObject","inLanguage":"sv-SE","@id":"https:\/\/scr-council.com\/se\/#\/schema\/logo\/image\/","url":"https:\/\/scr-council.com\/se\/wp-content\/uploads\/sites\/4\/2018\/07\/logog.png","contentUrl":"https:\/\/scr-council.com\/se\/wp-content\/uploads\/sites\/4\/2018\/07\/logog.png","width":260,"height":150,"caption":"SCR - Scandinavia council for relations"},"image":{"@id":"https:\/\/scr-council.com\/se\/#\/schema\/logo\/image\/"}}]}},"amp_enabled":true,"_links":{"self":[{"href":"https:\/\/scr-council.com\/se\/wp-json\/wp\/v2\/pages\/102","targetHints":{"allow":["GET"]}}],"collection":[{"href":"https:\/\/scr-council.com\/se\/wp-json\/wp\/v2\/pages"}],"about":[{"href":"https:\/\/scr-council.com\/se\/wp-json\/wp\/v2\/types\/page"}],"author":[{"embeddable":true,"href":"https:\/\/scr-council.com\/se\/wp-json\/wp\/v2\/users\/2"}],"replies":[{"embeddable":true,"href":"https:\/\/scr-council.com\/se\/wp-json\/wp\/v2\/comments?post=102"}],"version-history":[{"count":4,"href":"https:\/\/scr-council.com\/se\/wp-json\/wp\/v2\/pages\/102\/revisions"}],"predecessor-version":[{"id":224,"href":"https:\/\/scr-council.com\/se\/wp-json\/wp\/v2\/pages\/102\/revisions\/224"}],"wp:attachment":[{"href":"https:\/\/scr-council.com\/se\/wp-json\/wp\/v2\/media?parent=102"}],"curies":[{"name":"wp","href":"https:\/\/api.w.org\/{rel}","templated":true}]}}