{"id":334,"date":"2017-10-30T09:29:43","date_gmt":"2017-10-30T08:29:43","guid":{"rendered":"http:\/\/localhost\/allthemes\/free\/free-demo\/?page_id=18"},"modified":"2018-11-10T23:16:25","modified_gmt":"2018-11-10T23:16:25","slug":"%d8%a3%d9%87%d8%af%d8%a7%d9%81-%d8%a7%d9%84%d9%85%d8%ac%d9%84%d8%b3","status":"publish","type":"page","link":"https:\/\/scr-council.com\/no\/%d8%a3%d9%87%d8%af%d8%a7%d9%81-%d8%a7%d9%84%d9%85%d8%ac%d9%84%d8%b3\/","title":{"rendered":"M\u00e5l"},"content":{"rendered":"<table width=\"1484\">\n<tbody>\n<tr>\n<td width=\"813\"><strong>M\u00e5l:<\/strong><\/p>\n<p>1.\u00a0\u00a0\u00a0 Bygge broer med kulturell kontakt mellom forskjellige religioner i og utenfor de skandinaviske landene,<\/p>\n<p>for derav spre toleranse, dialoger, fredelig sameksistens, \u00a0arbeide mot terrorhandlinger og ekstremisme,<\/p>\n<p>samt h\u00e5ndtering av islamfobi som et fenomen i et samfunn. Dette m\u00e5let vil bli oppn\u00e5dd gjennom samv\u00e6r,<\/p>\n<p>konferanser og seminarer planlagt i skandinaviske land som samarbeidende organisasjoner vil bli invitert til.<\/p>\n<p>2.\u00a0\u00a0\u00a0 Bygge omfattende og h\u00e5ndgripelige forbindelser med de fleste offisielle og sivile organer og institusjoner,<\/p>\n<p>i og utenfor landet, som vil v\u00e6re til gagn for den offentlige interessen i de skandinaviske samfunnene og nordiske land.<\/p>\n<p>Dette m\u00e5let vil bli oppn\u00e5dd gjennom \u00e5pen diskusjon mellom de ulike partene og ved prosjekter, samt skriftlige avtaler.<\/p>\n<p>M\u00e5let vil ogs\u00e5 oppn\u00e5s gjennom assistanse av arrangementer med samme funksjons omr\u00e5de.<\/p>\n<p>3.\u00a0\u00a0\u00a0 \u00a0Spre en lovende konsolideringskultur gjennom engasjement av islamske akt\u00f8rer og institusjoner i de skandinaviske landene p\u00e5 alle niv\u00e5er,<\/p>\n<p>spesielt gjennom utdanning.<\/p>\n<p>4.\u00a0\u00a0\u00a0 Legge til rette for et klima som bidrar til samarbeid og forbindelser, likes\u00e5 konstruktive og meningsfylte dialoger med alle involverte.<\/p>\n<p>Dette m\u00e5let vil bli oppn\u00e5dd gjennom m\u00e5lbevisste forekomster som oppmuntrer til gjennomf\u00f8relse av meningsfylt dialog,<\/p>\n<p>samt forebygge splittelse i samfunnet og segregering.<\/p>\n<p>5.\u00a0\u00a0\u00a0 Utveksling av erfaringer mellom frivillige institusjoner i lokalsamfunnet, og islamske organisasjoner i de skandinaviske landene.<\/p>\n<p>M\u00e5let vil bli oppn\u00e5dd gjennom ulike typer samarbeid som l\u00f8ser temaer med samfunnsrelaterte problemstillinger i velvillighetens \u00e5nd.<\/p>\n<p>Fremskynde oppmerksomhet omkring de islamske organisasjonene i de skandinaviske landene<\/p>\n<p>og deres arrangementer gjennom profesjonelle og genuine media presentasjoner. Dette oppn\u00e5s<\/p>\n<p>ved effektiv kommunikasjon gjennom nettsider og sosiale medier.<\/td>\n<\/tr>\n<\/tbody>\n<\/table>\n<p><span style=\"color: #000000\">\u00a0<\/span><\/p>\n","protected":false},"excerpt":{"rendered":"<p>M\u00e5l: 1.\u00a0\u00a0\u00a0 Bygge broer med kulturell kontakt mellom forskjellige religioner i og utenfor de skandinaviske landene, for derav spre toleranse, dialoger, fredelig sameksistens, \u00a0arbeide mot terrorhandlinger og ekstremisme, samt h\u00e5ndtering av islamfobi som et fenomen i et samfunn. Dette m\u00e5let vil bli oppn\u00e5dd gjennom samv\u00e6r, konferanser og seminarer planlagt i skandinaviske land som samarbeidende organisasjoner [&hellip;]<\/p>\n","protected":false},"author":1,"featured_media":0,"parent":0,"menu_order":0,"comment_status":"closed","ping_status":"closed","template":"","meta":{"footnotes":""},"class_list":["post-334","page","type-page","status-publish","hentry"],"yoast_head":"<!-- This site is optimized with the Yoast SEO plugin v27.3 - https:\/\/yoast.com\/product\/yoast-seo-wordpress\/ -->\n<title>M\u00e5l - SCR - Scandinavia council for relations<\/title>\n<meta name=\"robots\" content=\"index, follow, max-snippet:-1, max-image-preview:large, max-video-preview:-1\" \/>\n<link rel=\"canonical\" href=\"https:\/\/scr-council.com\/no\/\u0623\u0647\u062f\u0627\u0641-\u0627\u0644\u0645\u062c\u0644\u0633\/\" \/>\n<meta property=\"og:locale\" content=\"nn_NO\" \/>\n<meta property=\"og:type\" content=\"article\" \/>\n<meta property=\"og:title\" content=\"M\u00e5l - SCR - Scandinavia council for relations\" \/>\n<meta property=\"og:description\" content=\"M\u00e5l: 1.\u00a0\u00a0\u00a0 Bygge broer med kulturell kontakt mellom forskjellige religioner i og utenfor de skandinaviske landene, for derav spre toleranse, dialoger, fredelig sameksistens, \u00a0arbeide mot terrorhandlinger og ekstremisme, samt h\u00e5ndtering av islamfobi som et fenomen i et samfunn. Dette m\u00e5let vil bli oppn\u00e5dd gjennom samv\u00e6r, konferanser og seminarer planlagt i skandinaviske land som samarbeidende organisasjoner [&hellip;]\" \/>\n<meta property=\"og:url\" content=\"https:\/\/scr-council.com\/no\/\u0623\u0647\u062f\u0627\u0641-\u0627\u0644\u0645\u062c\u0644\u0633\/\" \/>\n<meta property=\"og:site_name\" content=\"SCR - Scandinavia council for relations\" \/>\n<meta property=\"article:modified_time\" content=\"2018-11-10T23:16:25+00:00\" \/>\n<meta name=\"twitter:card\" content=\"summary_large_image\" \/>\n<meta name=\"twitter:label1\" content=\"Est. reading time\" \/>\n\t<meta name=\"twitter:data1\" content=\"1 minutt\" \/>\n<script type=\"application\/ld+json\" class=\"yoast-schema-graph\">{\"@context\":\"https:\\\/\\\/schema.org\",\"@graph\":[{\"@type\":\"WebPage\",\"@id\":\"https:\\\/\\\/scr-council.com\\\/no\\\/%d8%a3%d9%87%d8%af%d8%a7%d9%81-%d8%a7%d9%84%d9%85%d8%ac%d9%84%d8%b3\\\/\",\"url\":\"https:\\\/\\\/scr-council.com\\\/no\\\/%d8%a3%d9%87%d8%af%d8%a7%d9%81-%d8%a7%d9%84%d9%85%d8%ac%d9%84%d8%b3\\\/\",\"name\":\"M\u00e5l - SCR - Scandinavia council for relations\",\"isPartOf\":{\"@id\":\"https:\\\/\\\/scr-council.com\\\/no\\\/#website\"},\"datePublished\":\"2017-10-30T08:29:43+00:00\",\"dateModified\":\"2018-11-10T23:16:25+00:00\",\"breadcrumb\":{\"@id\":\"https:\\\/\\\/scr-council.com\\\/no\\\/%d8%a3%d9%87%d8%af%d8%a7%d9%81-%d8%a7%d9%84%d9%85%d8%ac%d9%84%d8%b3\\\/#breadcrumb\"},\"inLanguage\":\"nn-NO\",\"potentialAction\":[{\"@type\":\"ReadAction\",\"target\":[\"https:\\\/\\\/scr-council.com\\\/no\\\/%d8%a3%d9%87%d8%af%d8%a7%d9%81-%d8%a7%d9%84%d9%85%d8%ac%d9%84%d8%b3\\\/\"]}]},{\"@type\":\"BreadcrumbList\",\"@id\":\"https:\\\/\\\/scr-council.com\\\/no\\\/%d8%a3%d9%87%d8%af%d8%a7%d9%81-%d8%a7%d9%84%d9%85%d8%ac%d9%84%d8%b3\\\/#breadcrumb\",\"itemListElement\":[{\"@type\":\"ListItem\",\"position\":1,\"name\":\"Home\",\"item\":\"https:\\\/\\\/scr-council.com\\\/no\\\/\"},{\"@type\":\"ListItem\",\"position\":2,\"name\":\"M\u00e5l\"}]},{\"@type\":\"WebSite\",\"@id\":\"https:\\\/\\\/scr-council.com\\\/no\\\/#website\",\"url\":\"https:\\\/\\\/scr-council.com\\\/no\\\/\",\"name\":\"SCR - Scandinavia council for relations\",\"description\":\"Kommunikasjon for fred\",\"publisher\":{\"@id\":\"https:\\\/\\\/scr-council.com\\\/no\\\/#organization\"},\"potentialAction\":[{\"@type\":\"SearchAction\",\"target\":{\"@type\":\"EntryPoint\",\"urlTemplate\":\"https:\\\/\\\/scr-council.com\\\/no\\\/?s={search_term_string}\"},\"query-input\":{\"@type\":\"PropertyValueSpecification\",\"valueRequired\":true,\"valueName\":\"search_term_string\"}}],\"inLanguage\":\"nn-NO\"},{\"@type\":\"Organization\",\"@id\":\"https:\\\/\\\/scr-council.com\\\/no\\\/#organization\",\"name\":\"SCR - Scandinavia council for relations\",\"url\":\"https:\\\/\\\/scr-council.com\\\/no\\\/\",\"logo\":{\"@type\":\"ImageObject\",\"inLanguage\":\"nn-NO\",\"@id\":\"https:\\\/\\\/scr-council.com\\\/no\\\/#\\\/schema\\\/logo\\\/image\\\/\",\"url\":\"https:\\\/\\\/scr-council.com\\\/no\\\/wp-content\\\/uploads\\\/sites\\\/6\\\/2018\\\/07\\\/logog.png\",\"contentUrl\":\"https:\\\/\\\/scr-council.com\\\/no\\\/wp-content\\\/uploads\\\/sites\\\/6\\\/2018\\\/07\\\/logog.png\",\"width\":260,\"height\":150,\"caption\":\"SCR - Scandinavia council for relations\"},\"image\":{\"@id\":\"https:\\\/\\\/scr-council.com\\\/no\\\/#\\\/schema\\\/logo\\\/image\\\/\"}}]}<\/script>\n<!-- \/ Yoast SEO plugin. -->","yoast_head_json":{"title":"M\u00e5l - SCR - Scandinavia council for relations","robots":{"index":"index","follow":"follow","max-snippet":"max-snippet:-1","max-image-preview":"max-image-preview:large","max-video-preview":"max-video-preview:-1"},"canonical":"https:\/\/scr-council.com\/no\/\u0623\u0647\u062f\u0627\u0641-\u0627\u0644\u0645\u062c\u0644\u0633\/","og_locale":"nn_NO","og_type":"article","og_title":"M\u00e5l - SCR - Scandinavia council for relations","og_description":"M\u00e5l: 1.\u00a0\u00a0\u00a0 Bygge broer med kulturell kontakt mellom forskjellige religioner i og utenfor de skandinaviske landene, for derav spre toleranse, dialoger, fredelig sameksistens, \u00a0arbeide mot terrorhandlinger og ekstremisme, samt h\u00e5ndtering av islamfobi som et fenomen i et samfunn. Dette m\u00e5let vil bli oppn\u00e5dd gjennom samv\u00e6r, konferanser og seminarer planlagt i skandinaviske land som samarbeidende organisasjoner [&hellip;]","og_url":"https:\/\/scr-council.com\/no\/\u0623\u0647\u062f\u0627\u0641-\u0627\u0644\u0645\u062c\u0644\u0633\/","og_site_name":"SCR - Scandinavia council for relations","article_modified_time":"2018-11-10T23:16:25+00:00","twitter_card":"summary_large_image","twitter_misc":{"Est. reading time":"1 minutt"},"schema":{"@context":"https:\/\/schema.org","@graph":[{"@type":"WebPage","@id":"https:\/\/scr-council.com\/no\/%d8%a3%d9%87%d8%af%d8%a7%d9%81-%d8%a7%d9%84%d9%85%d8%ac%d9%84%d8%b3\/","url":"https:\/\/scr-council.com\/no\/%d8%a3%d9%87%d8%af%d8%a7%d9%81-%d8%a7%d9%84%d9%85%d8%ac%d9%84%d8%b3\/","name":"M\u00e5l - SCR - Scandinavia council for relations","isPartOf":{"@id":"https:\/\/scr-council.com\/no\/#website"},"datePublished":"2017-10-30T08:29:43+00:00","dateModified":"2018-11-10T23:16:25+00:00","breadcrumb":{"@id":"https:\/\/scr-council.com\/no\/%d8%a3%d9%87%d8%af%d8%a7%d9%81-%d8%a7%d9%84%d9%85%d8%ac%d9%84%d8%b3\/#breadcrumb"},"inLanguage":"nn-NO","potentialAction":[{"@type":"ReadAction","target":["https:\/\/scr-council.com\/no\/%d8%a3%d9%87%d8%af%d8%a7%d9%81-%d8%a7%d9%84%d9%85%d8%ac%d9%84%d8%b3\/"]}]},{"@type":"BreadcrumbList","@id":"https:\/\/scr-council.com\/no\/%d8%a3%d9%87%d8%af%d8%a7%d9%81-%d8%a7%d9%84%d9%85%d8%ac%d9%84%d8%b3\/#breadcrumb","itemListElement":[{"@type":"ListItem","position":1,"name":"Home","item":"https:\/\/scr-council.com\/no\/"},{"@type":"ListItem","position":2,"name":"M\u00e5l"}]},{"@type":"WebSite","@id":"https:\/\/scr-council.com\/no\/#website","url":"https:\/\/scr-council.com\/no\/","name":"SCR - Scandinavia council for relations","description":"Kommunikasjon for fred","publisher":{"@id":"https:\/\/scr-council.com\/no\/#organization"},"potentialAction":[{"@type":"SearchAction","target":{"@type":"EntryPoint","urlTemplate":"https:\/\/scr-council.com\/no\/?s={search_term_string}"},"query-input":{"@type":"PropertyValueSpecification","valueRequired":true,"valueName":"search_term_string"}}],"inLanguage":"nn-NO"},{"@type":"Organization","@id":"https:\/\/scr-council.com\/no\/#organization","name":"SCR - Scandinavia council for relations","url":"https:\/\/scr-council.com\/no\/","logo":{"@type":"ImageObject","inLanguage":"nn-NO","@id":"https:\/\/scr-council.com\/no\/#\/schema\/logo\/image\/","url":"https:\/\/scr-council.com\/no\/wp-content\/uploads\/sites\/6\/2018\/07\/logog.png","contentUrl":"https:\/\/scr-council.com\/no\/wp-content\/uploads\/sites\/6\/2018\/07\/logog.png","width":260,"height":150,"caption":"SCR - Scandinavia council for relations"},"image":{"@id":"https:\/\/scr-council.com\/no\/#\/schema\/logo\/image\/"}}]}},"amp_enabled":true,"_links":{"self":[{"href":"https:\/\/scr-council.com\/no\/wp-json\/wp\/v2\/pages\/334","targetHints":{"allow":["GET"]}}],"collection":[{"href":"https:\/\/scr-council.com\/no\/wp-json\/wp\/v2\/pages"}],"about":[{"href":"https:\/\/scr-council.com\/no\/wp-json\/wp\/v2\/types\/page"}],"author":[{"embeddable":true,"href":"https:\/\/scr-council.com\/no\/wp-json\/wp\/v2\/users\/1"}],"replies":[{"embeddable":true,"href":"https:\/\/scr-council.com\/no\/wp-json\/wp\/v2\/comments?post=334"}],"version-history":[{"count":2,"href":"https:\/\/scr-council.com\/no\/wp-json\/wp\/v2\/pages\/334\/revisions"}],"predecessor-version":[{"id":403,"href":"https:\/\/scr-council.com\/no\/wp-json\/wp\/v2\/pages\/334\/revisions\/403"}],"wp:attachment":[{"href":"https:\/\/scr-council.com\/no\/wp-json\/wp\/v2\/media?parent=334"}],"curies":[{"name":"wp","href":"https:\/\/api.w.org\/{rel}","templated":true}]}}