{"id":335,"date":"2017-10-30T09:29:43","date_gmt":"2017-10-30T09:29:43","guid":{"rendered":"http:\/\/localhost\/allthemes\/free\/free-demo\/?page_id=18"},"modified":"2018-11-10T22:26:12","modified_gmt":"2018-11-10T22:26:12","slug":"markmid","status":"publish","type":"page","link":"https:\/\/scr-council.com\/is\/markmid\/","title":{"rendered":"Markmi\u00f0"},"content":{"rendered":"<table width=\"1484\">\n<tbody>\n<tr>\n<td width=\"813\"><strong>Markmi\u00f0:<\/strong><\/p>\n<p>1.\u00a0\u00a0\u00a0 A\u00f0 byggja br\u00fdr me\u00f0 samstarfi \u00e1 menningarsvi\u00f0inu \u00e1 milli \u00f3l\u00edkra tr\u00faarbrag\u00f0a innan<\/p>\n<p>og utan Nor\u00f0urlandanna til a\u00f0 auka umbur\u00f0arlyndi, samr\u00e6\u00f0ur, fri\u00f0samlega samb\u00fa\u00f0 og vinna gegn hry\u00f0juverkum<\/p>\n<p>og \u00f6fgahyggju og taka \u00e1 \u00edslamf\u00f3b\u00edu sem raunverulegu fyrirb\u00e6ri \u00ed samf\u00e9laginu.<\/p>\n<p>\u00deessu markmi\u00f0i ver\u00f0ur n\u00e1\u00f0 me\u00f0 heims\u00f3knum, r\u00e1\u00f0stefnum og m\u00e1l\u00feingum sem ver\u00f0a skipul\u00f6g\u00f0<\/p>\n<p>\u00e1 Nor\u00f0url\u00f6ndunum sem samstarfsstofnunum ver\u00f0ur bo\u00f0i\u00f0 a\u00f0 s\u00e6kja.<\/p>\n<p>2.\u00a0\u00a0\u00a0 Koma \u00e1 alhli\u00f0a og sk\u00fdrum samskiptum \u00e1 milli flestra opinberra og borgaralegra stofnana innan<\/p>\n<p>og utan landsins til a\u00f0 sinna \u00e1huga \u00feeirra \u00e1 Nor\u00f0url\u00f6ndunum. \u00deessu markmi\u00f0i ver\u00f0ur n\u00e1\u00f0 me\u00f0 \u00fev\u00ed a\u00f0 koma \u00e1 almennum<\/p>\n<p>og opnum samr\u00e6\u00f0um milli \u00f3l\u00edkra h\u00f3pa og me\u00f0 \u00e1kve\u00f0num verkefnum jafnt sem skriflegum samningum.<\/p>\n<p>Markmi\u00f0inu ver\u00f0ur l\u00edka n\u00e1\u00f0 me\u00f0 \u00fev\u00ed a\u00f0 styrkja \u00fea\u00f0 starf sem \u00feegar er unni\u00f0 \u00e1 \u00feessum sama vettvangi.<\/p>\n<p>3.\u00a0\u00a0\u00a0 Stu\u00f0la a\u00f0 \u00fatbrei\u00f0slu menningu sem eykur samheldni me\u00f0 \u00fev\u00ed a\u00f0 virkja m\u00fasl\u00edma og stofnanir \u00feeirra \u00e1 Nor\u00f0url\u00f6ndunum \u00e1 \u00f6llum svi\u00f0um,<\/p>\n<p>s\u00e9rstaklega me\u00f0 aukinni menntun.<\/p>\n<p>4.\u00a0\u00a0\u00a0 B\u00faa \u00ed haginn fyrir samvinnu, samband og j\u00e1kv\u00e6\u00f0 samskipti vi\u00f0 alla.<\/p>\n<p>\u00deessu markmi\u00f0i ver\u00f0ur n\u00e1\u00f0 me\u00f0 markvissum atbur\u00f0um sem stu\u00f0la a\u00f0 uppbyggilegum samr\u00e6\u00f0um sem koma<\/p>\n<p>\u00ed veg fyrir a\u00f0skilna\u00f0 \u00ed samf\u00e9laginu og rof.<\/p>\n<p>5.\u00a0\u00a0\u00a0 Skiptast \u00e1 reynslu \u00e1 milli stofnanan sj\u00e1lfbo\u00f0ali\u00f0a og samtaka m\u00fasl\u00edma \u00e1 Nor\u00f0url\u00f6ndum.<\/p>\n<p>\u00deessu markmi\u00f0i ver\u00f0ur n\u00e1\u00f0 me\u00f0 \u00f3l\u00edkum samstarfsverkefnum sem \u00e6tla\u00f0 er a\u00f0 leysa \u00fej\u00f3\u00f0f\u00e9lagsvanda \u00e1 j\u00e1kv\u00e6\u00f0an m\u00e1ta.<\/p>\n<p>6.\u00a0\u00a0\u00a0 Auka vitund folks um stofnanir m\u00fasl\u00edma \u00e1 Nor\u00f0url\u00f6ndum og vi\u00f0bur\u00f0um \u00feeirra me\u00f0 faglegri og r\u00e9tts\u00fdnni umfj\u00f6llun \u00ed fj\u00f6lmi\u00f0lum.<\/p>\n<p>\u00deessu markmi\u00f0i ver\u00f0ur n\u00e1\u00f0 me\u00f0 skilvirkri uppl\u00fdsingami\u00f0lun \u00e1 vefmi\u00f0lum og vefs\u00ed\u00f0um.<\/td>\n<\/tr>\n<\/tbody>\n<\/table>\n<p><span style=\"color: #000000\">\u00a0<\/span><\/p>\n","protected":false},"excerpt":{"rendered":"<p>Markmi\u00f0: 1.\u00a0\u00a0\u00a0 A\u00f0 byggja br\u00fdr me\u00f0 samstarfi \u00e1 menningarsvi\u00f0inu \u00e1 milli \u00f3l\u00edkra tr\u00faarbrag\u00f0a innan og utan Nor\u00f0urlandanna til a\u00f0 auka umbur\u00f0arlyndi, samr\u00e6\u00f0ur, fri\u00f0samlega samb\u00fa\u00f0 og vinna gegn hry\u00f0juverkum og \u00f6fgahyggju og taka \u00e1 \u00edslamf\u00f3b\u00edu sem raunverulegu fyrirb\u00e6ri \u00ed samf\u00e9laginu. \u00deessu markmi\u00f0i ver\u00f0ur n\u00e1\u00f0 me\u00f0 heims\u00f3knum, r\u00e1\u00f0stefnum og m\u00e1l\u00feingum sem ver\u00f0a skipul\u00f6g\u00f0 \u00e1 Nor\u00f0url\u00f6ndunum sem samstarfsstofnunum [&hellip;]<\/p>\n","protected":false},"author":1,"featured_media":0,"parent":0,"menu_order":0,"comment_status":"closed","ping_status":"closed","template":"","meta":{"footnotes":""},"class_list":["post-335","page","type-page","status-publish","hentry"],"yoast_head":"<!-- This site is optimized with the Yoast SEO plugin v27.3 - https:\/\/yoast.com\/product\/yoast-seo-wordpress\/ -->\n<title>Markmi\u00f0 - SCR - Scandinavia council for relations<\/title>\n<meta name=\"robots\" content=\"index, follow, max-snippet:-1, max-image-preview:large, max-video-preview:-1\" \/>\n<link rel=\"canonical\" href=\"https:\/\/scr-council.com\/is\/markmid\/\" \/>\n<meta property=\"og:locale\" content=\"is_IS\" \/>\n<meta property=\"og:type\" content=\"article\" \/>\n<meta property=\"og:title\" content=\"Markmi\u00f0 - SCR - Scandinavia council for relations\" \/>\n<meta property=\"og:description\" content=\"Markmi\u00f0: 1.\u00a0\u00a0\u00a0 A\u00f0 byggja br\u00fdr me\u00f0 samstarfi \u00e1 menningarsvi\u00f0inu \u00e1 milli \u00f3l\u00edkra tr\u00faarbrag\u00f0a innan og utan Nor\u00f0urlandanna til a\u00f0 auka umbur\u00f0arlyndi, samr\u00e6\u00f0ur, fri\u00f0samlega samb\u00fa\u00f0 og vinna gegn hry\u00f0juverkum og \u00f6fgahyggju og taka \u00e1 \u00edslamf\u00f3b\u00edu sem raunverulegu fyrirb\u00e6ri \u00ed samf\u00e9laginu. \u00deessu markmi\u00f0i ver\u00f0ur n\u00e1\u00f0 me\u00f0 heims\u00f3knum, r\u00e1\u00f0stefnum og m\u00e1l\u00feingum sem ver\u00f0a skipul\u00f6g\u00f0 \u00e1 Nor\u00f0url\u00f6ndunum sem samstarfsstofnunum [&hellip;]\" \/>\n<meta property=\"og:url\" content=\"https:\/\/scr-council.com\/is\/markmid\/\" \/>\n<meta property=\"og:site_name\" content=\"SCR - Scandinavia council for relations\" \/>\n<meta property=\"article:modified_time\" content=\"2018-11-10T22:26:12+00:00\" \/>\n<meta name=\"twitter:card\" content=\"summary_large_image\" \/>\n<meta name=\"twitter:label1\" content=\"Est. reading time\" \/>\n\t<meta name=\"twitter:data1\" content=\"2 minutes\" \/>\n<script type=\"application\/ld+json\" class=\"yoast-schema-graph\">{\"@context\":\"https:\\\/\\\/schema.org\",\"@graph\":[{\"@type\":\"WebPage\",\"@id\":\"https:\\\/\\\/scr-council.com\\\/is\\\/markmid\\\/\",\"url\":\"https:\\\/\\\/scr-council.com\\\/is\\\/markmid\\\/\",\"name\":\"Markmi\u00f0 - SCR - Scandinavia council for relations\",\"isPartOf\":{\"@id\":\"https:\\\/\\\/scr-council.com\\\/is\\\/#website\"},\"datePublished\":\"2017-10-30T09:29:43+00:00\",\"dateModified\":\"2018-11-10T22:26:12+00:00\",\"breadcrumb\":{\"@id\":\"https:\\\/\\\/scr-council.com\\\/is\\\/markmid\\\/#breadcrumb\"},\"inLanguage\":\"is\",\"potentialAction\":[{\"@type\":\"ReadAction\",\"target\":[\"https:\\\/\\\/scr-council.com\\\/is\\\/markmid\\\/\"]}]},{\"@type\":\"BreadcrumbList\",\"@id\":\"https:\\\/\\\/scr-council.com\\\/is\\\/markmid\\\/#breadcrumb\",\"itemListElement\":[{\"@type\":\"ListItem\",\"position\":1,\"name\":\"Home\",\"item\":\"https:\\\/\\\/scr-council.com\\\/is\\\/\"},{\"@type\":\"ListItem\",\"position\":2,\"name\":\"Markmi\u00f0\"}]},{\"@type\":\"WebSite\",\"@id\":\"https:\\\/\\\/scr-council.com\\\/is\\\/#website\",\"url\":\"https:\\\/\\\/scr-council.com\\\/is\\\/\",\"name\":\"SCR - Scandinavia council for relations\",\"description\":\"Fri\u00f0arbo\u00f0skapur\",\"publisher\":{\"@id\":\"https:\\\/\\\/scr-council.com\\\/is\\\/#organization\"},\"potentialAction\":[{\"@type\":\"SearchAction\",\"target\":{\"@type\":\"EntryPoint\",\"urlTemplate\":\"https:\\\/\\\/scr-council.com\\\/is\\\/?s={search_term_string}\"},\"query-input\":{\"@type\":\"PropertyValueSpecification\",\"valueRequired\":true,\"valueName\":\"search_term_string\"}}],\"inLanguage\":\"is\"},{\"@type\":\"Organization\",\"@id\":\"https:\\\/\\\/scr-council.com\\\/is\\\/#organization\",\"name\":\"SCR - Scandinavia council for relations\",\"url\":\"https:\\\/\\\/scr-council.com\\\/is\\\/\",\"logo\":{\"@type\":\"ImageObject\",\"inLanguage\":\"is\",\"@id\":\"https:\\\/\\\/scr-council.com\\\/is\\\/#\\\/schema\\\/logo\\\/image\\\/\",\"url\":\"https:\\\/\\\/scr-council.com\\\/is\\\/wp-content\\\/uploads\\\/sites\\\/7\\\/2018\\\/07\\\/logog.png\",\"contentUrl\":\"https:\\\/\\\/scr-council.com\\\/is\\\/wp-content\\\/uploads\\\/sites\\\/7\\\/2018\\\/07\\\/logog.png\",\"width\":260,\"height\":150,\"caption\":\"SCR - Scandinavia council for relations\"},\"image\":{\"@id\":\"https:\\\/\\\/scr-council.com\\\/is\\\/#\\\/schema\\\/logo\\\/image\\\/\"}}]}<\/script>\n<!-- \/ Yoast SEO plugin. -->","yoast_head_json":{"title":"Markmi\u00f0 - SCR - Scandinavia council for relations","robots":{"index":"index","follow":"follow","max-snippet":"max-snippet:-1","max-image-preview":"max-image-preview:large","max-video-preview":"max-video-preview:-1"},"canonical":"https:\/\/scr-council.com\/is\/markmid\/","og_locale":"is_IS","og_type":"article","og_title":"Markmi\u00f0 - SCR - Scandinavia council for relations","og_description":"Markmi\u00f0: 1.\u00a0\u00a0\u00a0 A\u00f0 byggja br\u00fdr me\u00f0 samstarfi \u00e1 menningarsvi\u00f0inu \u00e1 milli \u00f3l\u00edkra tr\u00faarbrag\u00f0a innan og utan Nor\u00f0urlandanna til a\u00f0 auka umbur\u00f0arlyndi, samr\u00e6\u00f0ur, fri\u00f0samlega samb\u00fa\u00f0 og vinna gegn hry\u00f0juverkum og \u00f6fgahyggju og taka \u00e1 \u00edslamf\u00f3b\u00edu sem raunverulegu fyrirb\u00e6ri \u00ed samf\u00e9laginu. \u00deessu markmi\u00f0i ver\u00f0ur n\u00e1\u00f0 me\u00f0 heims\u00f3knum, r\u00e1\u00f0stefnum og m\u00e1l\u00feingum sem ver\u00f0a skipul\u00f6g\u00f0 \u00e1 Nor\u00f0url\u00f6ndunum sem samstarfsstofnunum [&hellip;]","og_url":"https:\/\/scr-council.com\/is\/markmid\/","og_site_name":"SCR - Scandinavia council for relations","article_modified_time":"2018-11-10T22:26:12+00:00","twitter_card":"summary_large_image","twitter_misc":{"Est. reading time":"2 minutes"},"schema":{"@context":"https:\/\/schema.org","@graph":[{"@type":"WebPage","@id":"https:\/\/scr-council.com\/is\/markmid\/","url":"https:\/\/scr-council.com\/is\/markmid\/","name":"Markmi\u00f0 - SCR - Scandinavia council for relations","isPartOf":{"@id":"https:\/\/scr-council.com\/is\/#website"},"datePublished":"2017-10-30T09:29:43+00:00","dateModified":"2018-11-10T22:26:12+00:00","breadcrumb":{"@id":"https:\/\/scr-council.com\/is\/markmid\/#breadcrumb"},"inLanguage":"is","potentialAction":[{"@type":"ReadAction","target":["https:\/\/scr-council.com\/is\/markmid\/"]}]},{"@type":"BreadcrumbList","@id":"https:\/\/scr-council.com\/is\/markmid\/#breadcrumb","itemListElement":[{"@type":"ListItem","position":1,"name":"Home","item":"https:\/\/scr-council.com\/is\/"},{"@type":"ListItem","position":2,"name":"Markmi\u00f0"}]},{"@type":"WebSite","@id":"https:\/\/scr-council.com\/is\/#website","url":"https:\/\/scr-council.com\/is\/","name":"SCR - Scandinavia council for relations","description":"Fri\u00f0arbo\u00f0skapur","publisher":{"@id":"https:\/\/scr-council.com\/is\/#organization"},"potentialAction":[{"@type":"SearchAction","target":{"@type":"EntryPoint","urlTemplate":"https:\/\/scr-council.com\/is\/?s={search_term_string}"},"query-input":{"@type":"PropertyValueSpecification","valueRequired":true,"valueName":"search_term_string"}}],"inLanguage":"is"},{"@type":"Organization","@id":"https:\/\/scr-council.com\/is\/#organization","name":"SCR - Scandinavia council for relations","url":"https:\/\/scr-council.com\/is\/","logo":{"@type":"ImageObject","inLanguage":"is","@id":"https:\/\/scr-council.com\/is\/#\/schema\/logo\/image\/","url":"https:\/\/scr-council.com\/is\/wp-content\/uploads\/sites\/7\/2018\/07\/logog.png","contentUrl":"https:\/\/scr-council.com\/is\/wp-content\/uploads\/sites\/7\/2018\/07\/logog.png","width":260,"height":150,"caption":"SCR - Scandinavia council for relations"},"image":{"@id":"https:\/\/scr-council.com\/is\/#\/schema\/logo\/image\/"}}]}},"amp_enabled":true,"_links":{"self":[{"href":"https:\/\/scr-council.com\/is\/wp-json\/wp\/v2\/pages\/335","targetHints":{"allow":["GET"]}}],"collection":[{"href":"https:\/\/scr-council.com\/is\/wp-json\/wp\/v2\/pages"}],"about":[{"href":"https:\/\/scr-council.com\/is\/wp-json\/wp\/v2\/types\/page"}],"author":[{"embeddable":true,"href":"https:\/\/scr-council.com\/is\/wp-json\/wp\/v2\/users\/1"}],"replies":[{"embeddable":true,"href":"https:\/\/scr-council.com\/is\/wp-json\/wp\/v2\/comments?post=335"}],"version-history":[{"count":3,"href":"https:\/\/scr-council.com\/is\/wp-json\/wp\/v2\/pages\/335\/revisions"}],"predecessor-version":[{"id":384,"href":"https:\/\/scr-council.com\/is\/wp-json\/wp\/v2\/pages\/335\/revisions\/384"}],"wp:attachment":[{"href":"https:\/\/scr-council.com\/is\/wp-json\/wp\/v2\/media?parent=335"}],"curies":[{"name":"wp","href":"https:\/\/api.w.org\/{rel}","templated":true}]}}