{"id":333,"date":"2017-10-30T09:29:16","date_gmt":"2017-10-30T09:29:16","guid":{"rendered":"http:\/\/localhost\/allthemes\/free\/free-demo\/?page_id=14"},"modified":"2018-11-10T22:33:03","modified_gmt":"2018-11-10T22:33:03","slug":"stefna","status":"publish","type":"page","link":"https:\/\/scr-council.com\/is\/stefna\/","title":{"rendered":"Stefna"},"content":{"rendered":"<p><strong>Stefna:<\/strong><\/p>\n<p><span style=\"color: #000000\">Styrkja tengslin \u00e1 milli stofnana og einstaklinga fyrir h\u00f6nd samf\u00e9laga \u00ed Skandinav\u00edu og \u00e1 Nor\u00f0url\u00f6ndunum.<\/span><\/p>\n<p><span style=\"color: #000000\"> R\u00e1\u00f0i\u00f0 vill l\u00edka stu\u00f0la a\u00f0 \u00fev\u00ed a\u00f0 r\u00edkisborgarar taki fullan \u00fe\u00e1tt \u00ed \u00fej\u00f3\u00f0f\u00e9laginu me\u00f0 a\u00f0l\u00f6gun, <\/span><\/p>\n<p><span style=\"color: #000000\">menningarlegum fundum, samskiptami\u00f0lum, brei\u00f0a \u00fat anda umbur\u00f0arlyndis og berjast gegn hry\u00f0juverkum.<br \/>\n<\/span><\/p>\n","protected":false},"excerpt":{"rendered":"<p>Stefna: Styrkja tengslin \u00e1 milli stofnana og einstaklinga fyrir h\u00f6nd samf\u00e9laga \u00ed Skandinav\u00edu og \u00e1 Nor\u00f0url\u00f6ndunum. R\u00e1\u00f0i\u00f0 vill l\u00edka stu\u00f0la a\u00f0 \u00fev\u00ed a\u00f0 r\u00edkisborgarar taki fullan \u00fe\u00e1tt \u00ed \u00fej\u00f3\u00f0f\u00e9laginu me\u00f0 a\u00f0l\u00f6gun, menningarlegum fundum, samskiptami\u00f0lum, brei\u00f0a \u00fat anda umbur\u00f0arlyndis og berjast gegn hry\u00f0juverkum.<\/p>\n","protected":false},"author":1,"featured_media":0,"parent":0,"menu_order":0,"comment_status":"closed","ping_status":"closed","template":"","meta":{"footnotes":""},"class_list":["post-333","page","type-page","status-publish","hentry"],"yoast_head":"<!-- This site is optimized with the Yoast SEO plugin v27.3 - https:\/\/yoast.com\/product\/yoast-seo-wordpress\/ -->\n<title>Stefna - SCR - Scandinavia council for relations<\/title>\n<meta name=\"robots\" content=\"index, follow, max-snippet:-1, max-image-preview:large, max-video-preview:-1\" \/>\n<link rel=\"canonical\" href=\"https:\/\/scr-council.com\/is\/stefna\/\" \/>\n<meta property=\"og:locale\" content=\"is_IS\" \/>\n<meta property=\"og:type\" content=\"article\" \/>\n<meta property=\"og:title\" content=\"Stefna - SCR - Scandinavia council for relations\" \/>\n<meta property=\"og:description\" content=\"Stefna: Styrkja tengslin \u00e1 milli stofnana og einstaklinga fyrir h\u00f6nd samf\u00e9laga \u00ed Skandinav\u00edu og \u00e1 Nor\u00f0url\u00f6ndunum. R\u00e1\u00f0i\u00f0 vill l\u00edka stu\u00f0la a\u00f0 \u00fev\u00ed a\u00f0 r\u00edkisborgarar taki fullan \u00fe\u00e1tt \u00ed \u00fej\u00f3\u00f0f\u00e9laginu me\u00f0 a\u00f0l\u00f6gun, menningarlegum fundum, samskiptami\u00f0lum, brei\u00f0a \u00fat anda umbur\u00f0arlyndis og berjast gegn hry\u00f0juverkum.\" \/>\n<meta property=\"og:url\" content=\"https:\/\/scr-council.com\/is\/stefna\/\" \/>\n<meta property=\"og:site_name\" content=\"SCR - Scandinavia council for relations\" \/>\n<meta property=\"article:modified_time\" content=\"2018-11-10T22:33:03+00:00\" \/>\n<meta name=\"twitter:card\" content=\"summary_large_image\" \/>\n<script type=\"application\/ld+json\" class=\"yoast-schema-graph\">{\"@context\":\"https:\\\/\\\/schema.org\",\"@graph\":[{\"@type\":\"WebPage\",\"@id\":\"https:\\\/\\\/scr-council.com\\\/is\\\/stefna\\\/\",\"url\":\"https:\\\/\\\/scr-council.com\\\/is\\\/stefna\\\/\",\"name\":\"Stefna - SCR - Scandinavia council for relations\",\"isPartOf\":{\"@id\":\"https:\\\/\\\/scr-council.com\\\/is\\\/#website\"},\"datePublished\":\"2017-10-30T09:29:16+00:00\",\"dateModified\":\"2018-11-10T22:33:03+00:00\",\"breadcrumb\":{\"@id\":\"https:\\\/\\\/scr-council.com\\\/is\\\/stefna\\\/#breadcrumb\"},\"inLanguage\":\"is\",\"potentialAction\":[{\"@type\":\"ReadAction\",\"target\":[\"https:\\\/\\\/scr-council.com\\\/is\\\/stefna\\\/\"]}]},{\"@type\":\"BreadcrumbList\",\"@id\":\"https:\\\/\\\/scr-council.com\\\/is\\\/stefna\\\/#breadcrumb\",\"itemListElement\":[{\"@type\":\"ListItem\",\"position\":1,\"name\":\"Home\",\"item\":\"https:\\\/\\\/scr-council.com\\\/is\\\/\"},{\"@type\":\"ListItem\",\"position\":2,\"name\":\"Stefna\"}]},{\"@type\":\"WebSite\",\"@id\":\"https:\\\/\\\/scr-council.com\\\/is\\\/#website\",\"url\":\"https:\\\/\\\/scr-council.com\\\/is\\\/\",\"name\":\"SCR - Scandinavia council for relations\",\"description\":\"Fri\u00f0arbo\u00f0skapur\",\"publisher\":{\"@id\":\"https:\\\/\\\/scr-council.com\\\/is\\\/#organization\"},\"potentialAction\":[{\"@type\":\"SearchAction\",\"target\":{\"@type\":\"EntryPoint\",\"urlTemplate\":\"https:\\\/\\\/scr-council.com\\\/is\\\/?s={search_term_string}\"},\"query-input\":{\"@type\":\"PropertyValueSpecification\",\"valueRequired\":true,\"valueName\":\"search_term_string\"}}],\"inLanguage\":\"is\"},{\"@type\":\"Organization\",\"@id\":\"https:\\\/\\\/scr-council.com\\\/is\\\/#organization\",\"name\":\"SCR - Scandinavia council for relations\",\"url\":\"https:\\\/\\\/scr-council.com\\\/is\\\/\",\"logo\":{\"@type\":\"ImageObject\",\"inLanguage\":\"is\",\"@id\":\"https:\\\/\\\/scr-council.com\\\/is\\\/#\\\/schema\\\/logo\\\/image\\\/\",\"url\":\"https:\\\/\\\/scr-council.com\\\/is\\\/wp-content\\\/uploads\\\/sites\\\/7\\\/2018\\\/07\\\/logog.png\",\"contentUrl\":\"https:\\\/\\\/scr-council.com\\\/is\\\/wp-content\\\/uploads\\\/sites\\\/7\\\/2018\\\/07\\\/logog.png\",\"width\":260,\"height\":150,\"caption\":\"SCR - Scandinavia council for relations\"},\"image\":{\"@id\":\"https:\\\/\\\/scr-council.com\\\/is\\\/#\\\/schema\\\/logo\\\/image\\\/\"}}]}<\/script>\n<!-- \/ Yoast SEO plugin. -->","yoast_head_json":{"title":"Stefna - SCR - Scandinavia council for relations","robots":{"index":"index","follow":"follow","max-snippet":"max-snippet:-1","max-image-preview":"max-image-preview:large","max-video-preview":"max-video-preview:-1"},"canonical":"https:\/\/scr-council.com\/is\/stefna\/","og_locale":"is_IS","og_type":"article","og_title":"Stefna - SCR - Scandinavia council for relations","og_description":"Stefna: Styrkja tengslin \u00e1 milli stofnana og einstaklinga fyrir h\u00f6nd samf\u00e9laga \u00ed Skandinav\u00edu og \u00e1 Nor\u00f0url\u00f6ndunum. R\u00e1\u00f0i\u00f0 vill l\u00edka stu\u00f0la a\u00f0 \u00fev\u00ed a\u00f0 r\u00edkisborgarar taki fullan \u00fe\u00e1tt \u00ed \u00fej\u00f3\u00f0f\u00e9laginu me\u00f0 a\u00f0l\u00f6gun, menningarlegum fundum, samskiptami\u00f0lum, brei\u00f0a \u00fat anda umbur\u00f0arlyndis og berjast gegn hry\u00f0juverkum.","og_url":"https:\/\/scr-council.com\/is\/stefna\/","og_site_name":"SCR - Scandinavia council for relations","article_modified_time":"2018-11-10T22:33:03+00:00","twitter_card":"summary_large_image","schema":{"@context":"https:\/\/schema.org","@graph":[{"@type":"WebPage","@id":"https:\/\/scr-council.com\/is\/stefna\/","url":"https:\/\/scr-council.com\/is\/stefna\/","name":"Stefna - SCR - Scandinavia council for relations","isPartOf":{"@id":"https:\/\/scr-council.com\/is\/#website"},"datePublished":"2017-10-30T09:29:16+00:00","dateModified":"2018-11-10T22:33:03+00:00","breadcrumb":{"@id":"https:\/\/scr-council.com\/is\/stefna\/#breadcrumb"},"inLanguage":"is","potentialAction":[{"@type":"ReadAction","target":["https:\/\/scr-council.com\/is\/stefna\/"]}]},{"@type":"BreadcrumbList","@id":"https:\/\/scr-council.com\/is\/stefna\/#breadcrumb","itemListElement":[{"@type":"ListItem","position":1,"name":"Home","item":"https:\/\/scr-council.com\/is\/"},{"@type":"ListItem","position":2,"name":"Stefna"}]},{"@type":"WebSite","@id":"https:\/\/scr-council.com\/is\/#website","url":"https:\/\/scr-council.com\/is\/","name":"SCR - Scandinavia council for relations","description":"Fri\u00f0arbo\u00f0skapur","publisher":{"@id":"https:\/\/scr-council.com\/is\/#organization"},"potentialAction":[{"@type":"SearchAction","target":{"@type":"EntryPoint","urlTemplate":"https:\/\/scr-council.com\/is\/?s={search_term_string}"},"query-input":{"@type":"PropertyValueSpecification","valueRequired":true,"valueName":"search_term_string"}}],"inLanguage":"is"},{"@type":"Organization","@id":"https:\/\/scr-council.com\/is\/#organization","name":"SCR - Scandinavia council for relations","url":"https:\/\/scr-council.com\/is\/","logo":{"@type":"ImageObject","inLanguage":"is","@id":"https:\/\/scr-council.com\/is\/#\/schema\/logo\/image\/","url":"https:\/\/scr-council.com\/is\/wp-content\/uploads\/sites\/7\/2018\/07\/logog.png","contentUrl":"https:\/\/scr-council.com\/is\/wp-content\/uploads\/sites\/7\/2018\/07\/logog.png","width":260,"height":150,"caption":"SCR - Scandinavia council for relations"},"image":{"@id":"https:\/\/scr-council.com\/is\/#\/schema\/logo\/image\/"}}]}},"amp_enabled":true,"_links":{"self":[{"href":"https:\/\/scr-council.com\/is\/wp-json\/wp\/v2\/pages\/333","targetHints":{"allow":["GET"]}}],"collection":[{"href":"https:\/\/scr-council.com\/is\/wp-json\/wp\/v2\/pages"}],"about":[{"href":"https:\/\/scr-council.com\/is\/wp-json\/wp\/v2\/types\/page"}],"author":[{"embeddable":true,"href":"https:\/\/scr-council.com\/is\/wp-json\/wp\/v2\/users\/1"}],"replies":[{"embeddable":true,"href":"https:\/\/scr-council.com\/is\/wp-json\/wp\/v2\/comments?post=333"}],"version-history":[{"count":2,"href":"https:\/\/scr-council.com\/is\/wp-json\/wp\/v2\/pages\/333\/revisions"}],"predecessor-version":[{"id":388,"href":"https:\/\/scr-council.com\/is\/wp-json\/wp\/v2\/pages\/333\/revisions\/388"}],"wp:attachment":[{"href":"https:\/\/scr-council.com\/is\/wp-json\/wp\/v2\/media?parent=333"}],"curies":[{"name":"wp","href":"https:\/\/api.w.org\/{rel}","templated":true}]}}