{"id":133,"date":"2018-01-10T14:25:58","date_gmt":"2018-01-10T14:25:58","guid":{"rendered":"http:\/\/scr-council.com\/?page_id=133"},"modified":"2018-11-10T22:13:42","modified_gmt":"2018-11-10T22:13:42","slug":"um-okkur","status":"publish","type":"page","link":"https:\/\/scr-council.com\/is\/um-okkur\/","title":{"rendered":"Um okkur"},"content":{"rendered":"<p><strong>Um okkur:<\/strong><\/p>\n<p>Samskiptar\u00e1\u00f0 Nor\u00f0urlandanna er \u00f3h\u00e1\u00f0 stofnun sem hefur engin p\u00f3lit\u00edsk e\u00f0a vi\u00f0skiptaleg tengsl vi\u00f0 a\u00f0ra a\u00f0ila.<\/p>\n<p>R\u00e1\u00f0i\u00f0 starfar \u00e1 Nor\u00f0url\u00f6ndunum og b\u00fd\u00f0ur fram \u00fej\u00f3nustu s\u00edna me\u00f0 samvinnu vi\u00f0 a\u00f0ra,<\/p>\n<p>samskiptum vi\u00f0 opinber yfirv\u00f6ld, a\u00f0rar stofnanir samf\u00e9lagsins, \u00edslamskar stofnanir og mi\u00f0st\u00f6\u00f0var.<\/p>\n<p>Samskiptar\u00e1\u00f0 Nor\u00f0urlandanna heldur samsbandi vi\u00f0 l\u00f6nd, opinberar stofnanir og einkastofnanir fyrir utan Nor\u00f0url\u00f6ndin.<br \/>\nSamskiptar\u00e1\u00f0 Nor\u00f0urlandanna l\u00fdtur s\u00e6nskum l\u00f6gum<\/p>\n<p>og n\u00e6r fram markmi\u00f0um s\u00ednum me\u00f0 \u00fev\u00ed a\u00f0 n\u00fdta \u00fe\u00e1 styrki sem \u00fea\u00f0 hl\u00fdtur fr\u00e1 r\u00edkisstj\u00f3rnum Nor\u00f0urlandanna.<\/p>\n<p>Tekjustofnar Samskiptar\u00e1\u00f0s Nor\u00f0urlandanna eru frj\u00e1ls framl\u00f6g, styrkir og a\u00f0sto\u00f0 fr\u00e1 \u00f6\u00f0rum l\u00f6ndum,<\/p>\n<p>opinberum stofnunum og einkastofnunum, og einstaklinga sem b\u00faa \u00e1 Nor\u00f0url\u00f6ndunum og utan \u00feeirra.<\/p>\n","protected":false},"excerpt":{"rendered":"<p>Um okkur: Samskiptar\u00e1\u00f0 Nor\u00f0urlandanna er \u00f3h\u00e1\u00f0 stofnun sem hefur engin p\u00f3lit\u00edsk e\u00f0a vi\u00f0skiptaleg tengsl vi\u00f0 a\u00f0ra a\u00f0ila. R\u00e1\u00f0i\u00f0 starfar \u00e1 Nor\u00f0url\u00f6ndunum og b\u00fd\u00f0ur fram \u00fej\u00f3nustu s\u00edna me\u00f0 samvinnu vi\u00f0 a\u00f0ra, samskiptum vi\u00f0 opinber yfirv\u00f6ld, a\u00f0rar stofnanir samf\u00e9lagsins, \u00edslamskar stofnanir og mi\u00f0st\u00f6\u00f0var. Samskiptar\u00e1\u00f0 Nor\u00f0urlandanna heldur samsbandi vi\u00f0 l\u00f6nd, opinberar stofnanir og einkastofnanir fyrir utan Nor\u00f0url\u00f6ndin. Samskiptar\u00e1\u00f0 [&hellip;]<\/p>\n","protected":false},"author":1,"featured_media":0,"parent":0,"menu_order":0,"comment_status":"closed","ping_status":"closed","template":"","meta":{"footnotes":""},"class_list":["post-133","page","type-page","status-publish","hentry"],"yoast_head":"<!-- This site is optimized with the Yoast SEO plugin v27.3 - https:\/\/yoast.com\/product\/yoast-seo-wordpress\/ -->\n<title>Um okkur - SCR - Scandinavia council for relations<\/title>\n<meta name=\"robots\" content=\"index, follow, max-snippet:-1, max-image-preview:large, max-video-preview:-1\" \/>\n<link rel=\"canonical\" href=\"https:\/\/scr-council.com\/is\/um-okkur\/\" \/>\n<meta property=\"og:locale\" content=\"is_IS\" \/>\n<meta property=\"og:type\" content=\"article\" \/>\n<meta property=\"og:title\" content=\"Um okkur - SCR - Scandinavia council for relations\" \/>\n<meta property=\"og:description\" content=\"Um okkur: Samskiptar\u00e1\u00f0 Nor\u00f0urlandanna er \u00f3h\u00e1\u00f0 stofnun sem hefur engin p\u00f3lit\u00edsk e\u00f0a vi\u00f0skiptaleg tengsl vi\u00f0 a\u00f0ra a\u00f0ila. R\u00e1\u00f0i\u00f0 starfar \u00e1 Nor\u00f0url\u00f6ndunum og b\u00fd\u00f0ur fram \u00fej\u00f3nustu s\u00edna me\u00f0 samvinnu vi\u00f0 a\u00f0ra, samskiptum vi\u00f0 opinber yfirv\u00f6ld, a\u00f0rar stofnanir samf\u00e9lagsins, \u00edslamskar stofnanir og mi\u00f0st\u00f6\u00f0var. Samskiptar\u00e1\u00f0 Nor\u00f0urlandanna heldur samsbandi vi\u00f0 l\u00f6nd, opinberar stofnanir og einkastofnanir fyrir utan Nor\u00f0url\u00f6ndin. Samskiptar\u00e1\u00f0 [&hellip;]\" \/>\n<meta property=\"og:url\" content=\"https:\/\/scr-council.com\/is\/um-okkur\/\" \/>\n<meta property=\"og:site_name\" content=\"SCR - Scandinavia council for relations\" \/>\n<meta property=\"article:modified_time\" content=\"2018-11-10T22:13:42+00:00\" \/>\n<meta name=\"twitter:card\" content=\"summary_large_image\" \/>\n<meta name=\"twitter:label1\" content=\"Est. reading time\" \/>\n\t<meta name=\"twitter:data1\" content=\"1 minute\" \/>\n<script type=\"application\/ld+json\" class=\"yoast-schema-graph\">{\"@context\":\"https:\\\/\\\/schema.org\",\"@graph\":[{\"@type\":\"WebPage\",\"@id\":\"https:\\\/\\\/scr-council.com\\\/is\\\/um-okkur\\\/\",\"url\":\"https:\\\/\\\/scr-council.com\\\/is\\\/um-okkur\\\/\",\"name\":\"Um okkur - SCR - Scandinavia council for relations\",\"isPartOf\":{\"@id\":\"https:\\\/\\\/scr-council.com\\\/is\\\/#website\"},\"datePublished\":\"2018-01-10T14:25:58+00:00\",\"dateModified\":\"2018-11-10T22:13:42+00:00\",\"breadcrumb\":{\"@id\":\"https:\\\/\\\/scr-council.com\\\/is\\\/um-okkur\\\/#breadcrumb\"},\"inLanguage\":\"is\",\"potentialAction\":[{\"@type\":\"ReadAction\",\"target\":[\"https:\\\/\\\/scr-council.com\\\/is\\\/um-okkur\\\/\"]}]},{\"@type\":\"BreadcrumbList\",\"@id\":\"https:\\\/\\\/scr-council.com\\\/is\\\/um-okkur\\\/#breadcrumb\",\"itemListElement\":[{\"@type\":\"ListItem\",\"position\":1,\"name\":\"Home\",\"item\":\"https:\\\/\\\/scr-council.com\\\/is\\\/\"},{\"@type\":\"ListItem\",\"position\":2,\"name\":\"Um okkur\"}]},{\"@type\":\"WebSite\",\"@id\":\"https:\\\/\\\/scr-council.com\\\/is\\\/#website\",\"url\":\"https:\\\/\\\/scr-council.com\\\/is\\\/\",\"name\":\"SCR - Scandinavia council for relations\",\"description\":\"Fri\u00f0arbo\u00f0skapur\",\"publisher\":{\"@id\":\"https:\\\/\\\/scr-council.com\\\/is\\\/#organization\"},\"potentialAction\":[{\"@type\":\"SearchAction\",\"target\":{\"@type\":\"EntryPoint\",\"urlTemplate\":\"https:\\\/\\\/scr-council.com\\\/is\\\/?s={search_term_string}\"},\"query-input\":{\"@type\":\"PropertyValueSpecification\",\"valueRequired\":true,\"valueName\":\"search_term_string\"}}],\"inLanguage\":\"is\"},{\"@type\":\"Organization\",\"@id\":\"https:\\\/\\\/scr-council.com\\\/is\\\/#organization\",\"name\":\"SCR - Scandinavia council for relations\",\"url\":\"https:\\\/\\\/scr-council.com\\\/is\\\/\",\"logo\":{\"@type\":\"ImageObject\",\"inLanguage\":\"is\",\"@id\":\"https:\\\/\\\/scr-council.com\\\/is\\\/#\\\/schema\\\/logo\\\/image\\\/\",\"url\":\"https:\\\/\\\/scr-council.com\\\/is\\\/wp-content\\\/uploads\\\/sites\\\/7\\\/2018\\\/07\\\/logog.png\",\"contentUrl\":\"https:\\\/\\\/scr-council.com\\\/is\\\/wp-content\\\/uploads\\\/sites\\\/7\\\/2018\\\/07\\\/logog.png\",\"width\":260,\"height\":150,\"caption\":\"SCR - Scandinavia council for relations\"},\"image\":{\"@id\":\"https:\\\/\\\/scr-council.com\\\/is\\\/#\\\/schema\\\/logo\\\/image\\\/\"}}]}<\/script>\n<!-- \/ Yoast SEO plugin. -->","yoast_head_json":{"title":"Um okkur - SCR - Scandinavia council for relations","robots":{"index":"index","follow":"follow","max-snippet":"max-snippet:-1","max-image-preview":"max-image-preview:large","max-video-preview":"max-video-preview:-1"},"canonical":"https:\/\/scr-council.com\/is\/um-okkur\/","og_locale":"is_IS","og_type":"article","og_title":"Um okkur - SCR - Scandinavia council for relations","og_description":"Um okkur: Samskiptar\u00e1\u00f0 Nor\u00f0urlandanna er \u00f3h\u00e1\u00f0 stofnun sem hefur engin p\u00f3lit\u00edsk e\u00f0a vi\u00f0skiptaleg tengsl vi\u00f0 a\u00f0ra a\u00f0ila. R\u00e1\u00f0i\u00f0 starfar \u00e1 Nor\u00f0url\u00f6ndunum og b\u00fd\u00f0ur fram \u00fej\u00f3nustu s\u00edna me\u00f0 samvinnu vi\u00f0 a\u00f0ra, samskiptum vi\u00f0 opinber yfirv\u00f6ld, a\u00f0rar stofnanir samf\u00e9lagsins, \u00edslamskar stofnanir og mi\u00f0st\u00f6\u00f0var. Samskiptar\u00e1\u00f0 Nor\u00f0urlandanna heldur samsbandi vi\u00f0 l\u00f6nd, opinberar stofnanir og einkastofnanir fyrir utan Nor\u00f0url\u00f6ndin. Samskiptar\u00e1\u00f0 [&hellip;]","og_url":"https:\/\/scr-council.com\/is\/um-okkur\/","og_site_name":"SCR - Scandinavia council for relations","article_modified_time":"2018-11-10T22:13:42+00:00","twitter_card":"summary_large_image","twitter_misc":{"Est. reading time":"1 minute"},"schema":{"@context":"https:\/\/schema.org","@graph":[{"@type":"WebPage","@id":"https:\/\/scr-council.com\/is\/um-okkur\/","url":"https:\/\/scr-council.com\/is\/um-okkur\/","name":"Um okkur - SCR - Scandinavia council for relations","isPartOf":{"@id":"https:\/\/scr-council.com\/is\/#website"},"datePublished":"2018-01-10T14:25:58+00:00","dateModified":"2018-11-10T22:13:42+00:00","breadcrumb":{"@id":"https:\/\/scr-council.com\/is\/um-okkur\/#breadcrumb"},"inLanguage":"is","potentialAction":[{"@type":"ReadAction","target":["https:\/\/scr-council.com\/is\/um-okkur\/"]}]},{"@type":"BreadcrumbList","@id":"https:\/\/scr-council.com\/is\/um-okkur\/#breadcrumb","itemListElement":[{"@type":"ListItem","position":1,"name":"Home","item":"https:\/\/scr-council.com\/is\/"},{"@type":"ListItem","position":2,"name":"Um okkur"}]},{"@type":"WebSite","@id":"https:\/\/scr-council.com\/is\/#website","url":"https:\/\/scr-council.com\/is\/","name":"SCR - Scandinavia council for relations","description":"Fri\u00f0arbo\u00f0skapur","publisher":{"@id":"https:\/\/scr-council.com\/is\/#organization"},"potentialAction":[{"@type":"SearchAction","target":{"@type":"EntryPoint","urlTemplate":"https:\/\/scr-council.com\/is\/?s={search_term_string}"},"query-input":{"@type":"PropertyValueSpecification","valueRequired":true,"valueName":"search_term_string"}}],"inLanguage":"is"},{"@type":"Organization","@id":"https:\/\/scr-council.com\/is\/#organization","name":"SCR - Scandinavia council for relations","url":"https:\/\/scr-council.com\/is\/","logo":{"@type":"ImageObject","inLanguage":"is","@id":"https:\/\/scr-council.com\/is\/#\/schema\/logo\/image\/","url":"https:\/\/scr-council.com\/is\/wp-content\/uploads\/sites\/7\/2018\/07\/logog.png","contentUrl":"https:\/\/scr-council.com\/is\/wp-content\/uploads\/sites\/7\/2018\/07\/logog.png","width":260,"height":150,"caption":"SCR - Scandinavia council for relations"},"image":{"@id":"https:\/\/scr-council.com\/is\/#\/schema\/logo\/image\/"}}]}},"amp_enabled":true,"_links":{"self":[{"href":"https:\/\/scr-council.com\/is\/wp-json\/wp\/v2\/pages\/133","targetHints":{"allow":["GET"]}}],"collection":[{"href":"https:\/\/scr-council.com\/is\/wp-json\/wp\/v2\/pages"}],"about":[{"href":"https:\/\/scr-council.com\/is\/wp-json\/wp\/v2\/types\/page"}],"author":[{"embeddable":true,"href":"https:\/\/scr-council.com\/is\/wp-json\/wp\/v2\/users\/1"}],"replies":[{"embeddable":true,"href":"https:\/\/scr-council.com\/is\/wp-json\/wp\/v2\/comments?post=133"}],"version-history":[{"count":3,"href":"https:\/\/scr-council.com\/is\/wp-json\/wp\/v2\/pages\/133\/revisions"}],"predecessor-version":[{"id":376,"href":"https:\/\/scr-council.com\/is\/wp-json\/wp\/v2\/pages\/133\/revisions\/376"}],"wp:attachment":[{"href":"https:\/\/scr-council.com\/is\/wp-json\/wp\/v2\/media?parent=133"}],"curies":[{"name":"wp","href":"https:\/\/api.w.org\/{rel}","templated":true}]}}