{"id":18,"date":"2017-10-30T09:29:43","date_gmt":"2017-10-30T09:29:43","guid":{"rendered":"http:\/\/localhost\/allthemes\/free\/free-demo\/?page_id=18"},"modified":"2018-11-10T19:43:05","modified_gmt":"2018-11-10T19:43:05","slug":"visio","status":"publish","type":"page","link":"https:\/\/scr-council.com\/fi\/visio\/","title":{"rendered":"Tavoitteet"},"content":{"rendered":"<table width=\"1303\">\n<tbody>\n<tr>\n<td width=\"636\"><strong>Tavoitteet:<\/strong><\/p>\n<p>1.\u00a0\u00a0\u00a0 Rakentaa kulttuurillisten yhteyksien siltoja eri uskontojen v\u00e4lille Pohjoismaissa ja muualla<\/p>\n<p>ja siten levitt\u00e4\u00e4 suvaitsevaisuuden ja rauhanomaisen rinnakkaiselon henke\u00e4 ja ty\u00f6skennell\u00e4 terrorististen toimien<\/p>\n<p>ja ekstremismin est\u00e4miseksi ja islamofobian k\u00e4sittelemiseksi yhteiskunnallisena ilmi\u00f6n\u00e4.<\/p>\n<p>T\u00e4m\u00e4 tavoite saavutetaan vierailuilla, konferensseilla ja seminaareilla,<\/p>\n<p>jotka suunnitellaan Pohjoismaissa toteutettaviksi ja joihin yhteisty\u00f6organisaatioita kutsutaan.<\/p>\n<p>2.\u00a0\u00a0\u00a0 Kattavien ja selkeiden yhteyksien luomien useimpiin virallisiin ja kansalaiselimiin<\/p>\n<p>ja -instituutioihin kussakin maassa ja muualla siten, ett\u00e4 ne edist\u00e4v\u00e4t yleist\u00e4 etua Pohjoismaiden yhteiskunnissa.<\/p>\n<p>T\u00e4m\u00e4 tavoite saavutetaan k\u00e4ym\u00e4ll\u00e4 avointa keskustelua eri osapuolten v\u00e4lill\u00e4 sek\u00e4 projektien ja kirjallisten sopimusten avulla.<\/p>\n<p>Lis\u00e4ksi t\u00e4m\u00e4 tavoite saavutetaan samalla alueella toimivien olemassa olevien tapahtumien tuen avulla.<\/p>\n<p>3.\u00a0\u00a0\u00a0 My\u00f6nteisen vahvistamisen kulttuurin levitt\u00e4minen islamilaisten henkil\u00f6iden ja instituutioiden sitouttamisen kautta<\/p>\n<p>Pohjoismaissa kaikilla tasoilla ja erityisesti koulutuksen kautta.<\/p>\n<p>4.\u00a0\u00a0\u00a0 Yhteisty\u00f6t\u00e4, yhteyksi\u00e4 sek\u00e4 rakentavaa ja merkityksellist\u00e4 vuoropuhelua kaikkien kanssa edist\u00e4v\u00e4n ilmapiirin valmistelu.<\/p>\n<p>T\u00e4m\u00e4 tavoite saavutetaan harkituilla tapahtumilla, jotka kannustavat merkitykselliseen vuoropuheluun,<\/p>\n<p>joka est\u00e4\u00e4 yhteiskunnan jakautumisen ja eriytymisen.<\/p>\n<p>5.\u00a0\u00a0\u00a0 \u00a0Kokemusten vaihto paikallisten vapaaehtoisj\u00e4rjest\u00f6jen ja islamilaisten organisaatioiden v\u00e4lill\u00e4 Pohjoismaissa.<\/p>\n<p>T\u00e4m\u00e4 tavoite saavutetaan erilaisilla yhteisty\u00f6menetelmill\u00e4, joilla ratkaistaan yhteiskunnallisia ongelmia hyv\u00e4ntahtoisessa hengess\u00e4.<\/p>\n<p>6.\u00a0 Tietoisuuden lis\u00e4\u00e4minen islamilaisista organisaatioista Pohjoismaissa ja niiden tapahtumista ammattimaisen<\/p>\n<p>ja autenttisen mediaedustuksen kautta. T\u00e4m\u00e4 tavoite saavutetaan tehokkaalla viestinn\u00e4ll\u00e4 verkkosivustojen ja sosiaalisen median kautta.<\/td>\n<\/tr>\n<\/tbody>\n<\/table>\n","protected":false},"excerpt":{"rendered":"<p>Tavoitteet: 1.\u00a0\u00a0\u00a0 Rakentaa kulttuurillisten yhteyksien siltoja eri uskontojen v\u00e4lille Pohjoismaissa ja muualla ja siten levitt\u00e4\u00e4 suvaitsevaisuuden ja rauhanomaisen rinnakkaiselon henke\u00e4 ja ty\u00f6skennell\u00e4 terrorististen toimien ja ekstremismin est\u00e4miseksi ja islamofobian k\u00e4sittelemiseksi yhteiskunnallisena ilmi\u00f6n\u00e4. T\u00e4m\u00e4 tavoite saavutetaan vierailuilla, konferensseilla ja seminaareilla, jotka suunnitellaan Pohjoismaissa toteutettaviksi ja joihin yhteisty\u00f6organisaatioita kutsutaan. 2.\u00a0\u00a0\u00a0 Kattavien ja selkeiden yhteyksien luomien useimpiin virallisiin [&hellip;]<\/p>\n","protected":false},"author":1,"featured_media":0,"parent":0,"menu_order":0,"comment_status":"closed","ping_status":"closed","template":"","meta":{"footnotes":""},"class_list":["post-18","page","type-page","status-publish","hentry"],"yoast_head":"<!-- This site is optimized with the Yoast SEO plugin v27.4 - https:\/\/yoast.com\/product\/yoast-seo-wordpress\/ -->\n<title>Tavoitteet - Pohjoismaiden suhteiden neuvosto<\/title>\n<meta name=\"robots\" content=\"index, follow, max-snippet:-1, max-image-preview:large, max-video-preview:-1\" \/>\n<link rel=\"canonical\" href=\"https:\/\/scr-council.com\/fi\/visio\/\" \/>\n<meta property=\"og:locale\" content=\"fi_FI\" \/>\n<meta property=\"og:type\" content=\"article\" \/>\n<meta property=\"og:title\" content=\"Tavoitteet - Pohjoismaiden suhteiden neuvosto\" \/>\n<meta property=\"og:description\" content=\"Tavoitteet: 1.\u00a0\u00a0\u00a0 Rakentaa kulttuurillisten yhteyksien siltoja eri uskontojen v\u00e4lille Pohjoismaissa ja muualla ja siten levitt\u00e4\u00e4 suvaitsevaisuuden ja rauhanomaisen rinnakkaiselon henke\u00e4 ja ty\u00f6skennell\u00e4 terrorististen toimien ja ekstremismin est\u00e4miseksi ja islamofobian k\u00e4sittelemiseksi yhteiskunnallisena ilmi\u00f6n\u00e4. T\u00e4m\u00e4 tavoite saavutetaan vierailuilla, konferensseilla ja seminaareilla, jotka suunnitellaan Pohjoismaissa toteutettaviksi ja joihin yhteisty\u00f6organisaatioita kutsutaan. 2.\u00a0\u00a0\u00a0 Kattavien ja selkeiden yhteyksien luomien useimpiin virallisiin [&hellip;]\" \/>\n<meta property=\"og:url\" content=\"https:\/\/scr-council.com\/fi\/visio\/\" \/>\n<meta property=\"og:site_name\" content=\"Pohjoismaiden suhteiden neuvosto\" \/>\n<meta property=\"article:modified_time\" content=\"2018-11-10T19:43:05+00:00\" \/>\n<meta name=\"twitter:card\" content=\"summary_large_image\" \/>\n<meta name=\"twitter:label1\" content=\"Arvioitu lukuaika\" \/>\n\t<meta name=\"twitter:data1\" content=\"1 minuutti\" \/>\n<script type=\"application\/ld+json\" class=\"yoast-schema-graph\">{\"@context\":\"https:\\\/\\\/schema.org\",\"@graph\":[{\"@type\":\"WebPage\",\"@id\":\"https:\\\/\\\/scr-council.com\\\/fi\\\/visio\\\/\",\"url\":\"https:\\\/\\\/scr-council.com\\\/fi\\\/visio\\\/\",\"name\":\"Tavoitteet - Pohjoismaiden suhteiden neuvosto\",\"isPartOf\":{\"@id\":\"https:\\\/\\\/scr-council.com\\\/fi\\\/#website\"},\"datePublished\":\"2017-10-30T09:29:43+00:00\",\"dateModified\":\"2018-11-10T19:43:05+00:00\",\"breadcrumb\":{\"@id\":\"https:\\\/\\\/scr-council.com\\\/fi\\\/visio\\\/#breadcrumb\"},\"inLanguage\":\"fi\",\"potentialAction\":[{\"@type\":\"ReadAction\",\"target\":[\"https:\\\/\\\/scr-council.com\\\/fi\\\/visio\\\/\"]}]},{\"@type\":\"BreadcrumbList\",\"@id\":\"https:\\\/\\\/scr-council.com\\\/fi\\\/visio\\\/#breadcrumb\",\"itemListElement\":[{\"@type\":\"ListItem\",\"position\":1,\"name\":\"Home\",\"item\":\"https:\\\/\\\/scr-council.com\\\/fi\\\/\"},{\"@type\":\"ListItem\",\"position\":2,\"name\":\"Tavoitteet\"}]},{\"@type\":\"WebSite\",\"@id\":\"https:\\\/\\\/scr-council.com\\\/fi\\\/#website\",\"url\":\"https:\\\/\\\/scr-council.com\\\/fi\\\/\",\"name\":\"Pohjoismaiden suhteiden neuvosto\",\"description\":\"Viestint\u00e4 rauhan puolesta\",\"publisher\":{\"@id\":\"https:\\\/\\\/scr-council.com\\\/fi\\\/#organization\"},\"potentialAction\":[{\"@type\":\"SearchAction\",\"target\":{\"@type\":\"EntryPoint\",\"urlTemplate\":\"https:\\\/\\\/scr-council.com\\\/fi\\\/?s={search_term_string}\"},\"query-input\":{\"@type\":\"PropertyValueSpecification\",\"valueRequired\":true,\"valueName\":\"search_term_string\"}}],\"inLanguage\":\"fi\"},{\"@type\":\"Organization\",\"@id\":\"https:\\\/\\\/scr-council.com\\\/fi\\\/#organization\",\"name\":\"Pohjoismaiden suhteiden neuvosto\",\"url\":\"https:\\\/\\\/scr-council.com\\\/fi\\\/\",\"logo\":{\"@type\":\"ImageObject\",\"inLanguage\":\"fi\",\"@id\":\"https:\\\/\\\/scr-council.com\\\/fi\\\/#\\\/schema\\\/logo\\\/image\\\/\",\"url\":\"https:\\\/\\\/scr-council.com\\\/fi\\\/wp-content\\\/uploads\\\/sites\\\/5\\\/2018\\\/07\\\/logog.png\",\"contentUrl\":\"https:\\\/\\\/scr-council.com\\\/fi\\\/wp-content\\\/uploads\\\/sites\\\/5\\\/2018\\\/07\\\/logog.png\",\"width\":260,\"height\":150,\"caption\":\"Pohjoismaiden suhteiden neuvosto\"},\"image\":{\"@id\":\"https:\\\/\\\/scr-council.com\\\/fi\\\/#\\\/schema\\\/logo\\\/image\\\/\"}}]}<\/script>\n<!-- \/ Yoast SEO plugin. -->","yoast_head_json":{"title":"Tavoitteet - Pohjoismaiden suhteiden neuvosto","robots":{"index":"index","follow":"follow","max-snippet":"max-snippet:-1","max-image-preview":"max-image-preview:large","max-video-preview":"max-video-preview:-1"},"canonical":"https:\/\/scr-council.com\/fi\/visio\/","og_locale":"fi_FI","og_type":"article","og_title":"Tavoitteet - Pohjoismaiden suhteiden neuvosto","og_description":"Tavoitteet: 1.\u00a0\u00a0\u00a0 Rakentaa kulttuurillisten yhteyksien siltoja eri uskontojen v\u00e4lille Pohjoismaissa ja muualla ja siten levitt\u00e4\u00e4 suvaitsevaisuuden ja rauhanomaisen rinnakkaiselon henke\u00e4 ja ty\u00f6skennell\u00e4 terrorististen toimien ja ekstremismin est\u00e4miseksi ja islamofobian k\u00e4sittelemiseksi yhteiskunnallisena ilmi\u00f6n\u00e4. T\u00e4m\u00e4 tavoite saavutetaan vierailuilla, konferensseilla ja seminaareilla, jotka suunnitellaan Pohjoismaissa toteutettaviksi ja joihin yhteisty\u00f6organisaatioita kutsutaan. 2.\u00a0\u00a0\u00a0 Kattavien ja selkeiden yhteyksien luomien useimpiin virallisiin [&hellip;]","og_url":"https:\/\/scr-council.com\/fi\/visio\/","og_site_name":"Pohjoismaiden suhteiden neuvosto","article_modified_time":"2018-11-10T19:43:05+00:00","twitter_card":"summary_large_image","twitter_misc":{"Arvioitu lukuaika":"1 minuutti"},"schema":{"@context":"https:\/\/schema.org","@graph":[{"@type":"WebPage","@id":"https:\/\/scr-council.com\/fi\/visio\/","url":"https:\/\/scr-council.com\/fi\/visio\/","name":"Tavoitteet - Pohjoismaiden suhteiden neuvosto","isPartOf":{"@id":"https:\/\/scr-council.com\/fi\/#website"},"datePublished":"2017-10-30T09:29:43+00:00","dateModified":"2018-11-10T19:43:05+00:00","breadcrumb":{"@id":"https:\/\/scr-council.com\/fi\/visio\/#breadcrumb"},"inLanguage":"fi","potentialAction":[{"@type":"ReadAction","target":["https:\/\/scr-council.com\/fi\/visio\/"]}]},{"@type":"BreadcrumbList","@id":"https:\/\/scr-council.com\/fi\/visio\/#breadcrumb","itemListElement":[{"@type":"ListItem","position":1,"name":"Home","item":"https:\/\/scr-council.com\/fi\/"},{"@type":"ListItem","position":2,"name":"Tavoitteet"}]},{"@type":"WebSite","@id":"https:\/\/scr-council.com\/fi\/#website","url":"https:\/\/scr-council.com\/fi\/","name":"Pohjoismaiden suhteiden neuvosto","description":"Viestint\u00e4 rauhan puolesta","publisher":{"@id":"https:\/\/scr-council.com\/fi\/#organization"},"potentialAction":[{"@type":"SearchAction","target":{"@type":"EntryPoint","urlTemplate":"https:\/\/scr-council.com\/fi\/?s={search_term_string}"},"query-input":{"@type":"PropertyValueSpecification","valueRequired":true,"valueName":"search_term_string"}}],"inLanguage":"fi"},{"@type":"Organization","@id":"https:\/\/scr-council.com\/fi\/#organization","name":"Pohjoismaiden suhteiden neuvosto","url":"https:\/\/scr-council.com\/fi\/","logo":{"@type":"ImageObject","inLanguage":"fi","@id":"https:\/\/scr-council.com\/fi\/#\/schema\/logo\/image\/","url":"https:\/\/scr-council.com\/fi\/wp-content\/uploads\/sites\/5\/2018\/07\/logog.png","contentUrl":"https:\/\/scr-council.com\/fi\/wp-content\/uploads\/sites\/5\/2018\/07\/logog.png","width":260,"height":150,"caption":"Pohjoismaiden suhteiden neuvosto"},"image":{"@id":"https:\/\/scr-council.com\/fi\/#\/schema\/logo\/image\/"}}]}},"amp_enabled":true,"_links":{"self":[{"href":"https:\/\/scr-council.com\/fi\/wp-json\/wp\/v2\/pages\/18","targetHints":{"allow":["GET"]}}],"collection":[{"href":"https:\/\/scr-council.com\/fi\/wp-json\/wp\/v2\/pages"}],"about":[{"href":"https:\/\/scr-council.com\/fi\/wp-json\/wp\/v2\/types\/page"}],"author":[{"embeddable":true,"href":"https:\/\/scr-council.com\/fi\/wp-json\/wp\/v2\/users\/1"}],"replies":[{"embeddable":true,"href":"https:\/\/scr-council.com\/fi\/wp-json\/wp\/v2\/comments?post=18"}],"version-history":[{"count":5,"href":"https:\/\/scr-council.com\/fi\/wp-json\/wp\/v2\/pages\/18\/revisions"}],"predecessor-version":[{"id":157,"href":"https:\/\/scr-council.com\/fi\/wp-json\/wp\/v2\/pages\/18\/revisions\/157"}],"wp:attachment":[{"href":"https:\/\/scr-council.com\/fi\/wp-json\/wp\/v2\/media?parent=18"}],"curies":[{"name":"wp","href":"https:\/\/api.w.org\/{rel}","templated":true}]}}