{"id":16,"date":"2017-10-30T09:29:32","date_gmt":"2017-10-30T09:29:32","guid":{"rendered":"http:\/\/localhost\/allthemes\/free\/free-demo\/?page_id=16"},"modified":"2018-11-10T19:35:20","modified_gmt":"2018-11-10T19:35:20","slug":"tehtava","status":"publish","type":"page","link":"https:\/\/scr-council.com\/fi\/tehtava\/","title":{"rendered":"Teht\u00e4v\u00e4"},"content":{"rendered":"<p><strong>Teht\u00e4v\u00e4:<\/strong><\/p>\n<p>Saada aikaan ammatillisia pohjoismaisia suhteita ja syv\u00e4llist\u00e4 kulttuurillista vuoropuhelua suvaitsevaisuuden, rinnakkaiselon ja rauhan saavuttamiseksi.<\/p>\n","protected":false},"excerpt":{"rendered":"<p>Teht\u00e4v\u00e4: Saada aikaan ammatillisia pohjoismaisia suhteita ja syv\u00e4llist\u00e4 kulttuurillista vuoropuhelua suvaitsevaisuuden, rinnakkaiselon ja rauhan saavuttamiseksi.<\/p>\n","protected":false},"author":1,"featured_media":0,"parent":0,"menu_order":0,"comment_status":"closed","ping_status":"closed","template":"","meta":{"footnotes":""},"class_list":["post-16","page","type-page","status-publish","hentry"],"yoast_head":"<!-- This site is optimized with the Yoast SEO plugin v27.3 - https:\/\/yoast.com\/product\/yoast-seo-wordpress\/ -->\n<title>Teht\u00e4v\u00e4 - Pohjoismaiden suhteiden neuvosto<\/title>\n<meta name=\"robots\" content=\"index, follow, max-snippet:-1, max-image-preview:large, max-video-preview:-1\" \/>\n<link rel=\"canonical\" href=\"https:\/\/scr-council.com\/fi\/tehtava\/\" \/>\n<meta property=\"og:locale\" content=\"fi_FI\" \/>\n<meta property=\"og:type\" content=\"article\" \/>\n<meta property=\"og:title\" content=\"Teht\u00e4v\u00e4 - Pohjoismaiden suhteiden neuvosto\" \/>\n<meta property=\"og:description\" content=\"Teht\u00e4v\u00e4: Saada aikaan ammatillisia pohjoismaisia suhteita ja syv\u00e4llist\u00e4 kulttuurillista vuoropuhelua suvaitsevaisuuden, rinnakkaiselon ja rauhan saavuttamiseksi.\" \/>\n<meta property=\"og:url\" content=\"https:\/\/scr-council.com\/fi\/tehtava\/\" \/>\n<meta property=\"og:site_name\" content=\"Pohjoismaiden suhteiden neuvosto\" \/>\n<meta property=\"article:modified_time\" content=\"2018-11-10T19:35:20+00:00\" \/>\n<meta name=\"twitter:card\" content=\"summary_large_image\" \/>\n<script type=\"application\/ld+json\" class=\"yoast-schema-graph\">{\"@context\":\"https:\\\/\\\/schema.org\",\"@graph\":[{\"@type\":\"WebPage\",\"@id\":\"https:\\\/\\\/scr-council.com\\\/fi\\\/tehtava\\\/\",\"url\":\"https:\\\/\\\/scr-council.com\\\/fi\\\/tehtava\\\/\",\"name\":\"Teht\u00e4v\u00e4 - Pohjoismaiden suhteiden neuvosto\",\"isPartOf\":{\"@id\":\"https:\\\/\\\/scr-council.com\\\/fi\\\/#website\"},\"datePublished\":\"2017-10-30T09:29:32+00:00\",\"dateModified\":\"2018-11-10T19:35:20+00:00\",\"breadcrumb\":{\"@id\":\"https:\\\/\\\/scr-council.com\\\/fi\\\/tehtava\\\/#breadcrumb\"},\"inLanguage\":\"fi\",\"potentialAction\":[{\"@type\":\"ReadAction\",\"target\":[\"https:\\\/\\\/scr-council.com\\\/fi\\\/tehtava\\\/\"]}]},{\"@type\":\"BreadcrumbList\",\"@id\":\"https:\\\/\\\/scr-council.com\\\/fi\\\/tehtava\\\/#breadcrumb\",\"itemListElement\":[{\"@type\":\"ListItem\",\"position\":1,\"name\":\"Home\",\"item\":\"https:\\\/\\\/scr-council.com\\\/fi\\\/\"},{\"@type\":\"ListItem\",\"position\":2,\"name\":\"Teht\u00e4v\u00e4\"}]},{\"@type\":\"WebSite\",\"@id\":\"https:\\\/\\\/scr-council.com\\\/fi\\\/#website\",\"url\":\"https:\\\/\\\/scr-council.com\\\/fi\\\/\",\"name\":\"Pohjoismaiden suhteiden neuvosto\",\"description\":\"Viestint\u00e4 rauhan puolesta\",\"publisher\":{\"@id\":\"https:\\\/\\\/scr-council.com\\\/fi\\\/#organization\"},\"potentialAction\":[{\"@type\":\"SearchAction\",\"target\":{\"@type\":\"EntryPoint\",\"urlTemplate\":\"https:\\\/\\\/scr-council.com\\\/fi\\\/?s={search_term_string}\"},\"query-input\":{\"@type\":\"PropertyValueSpecification\",\"valueRequired\":true,\"valueName\":\"search_term_string\"}}],\"inLanguage\":\"fi\"},{\"@type\":\"Organization\",\"@id\":\"https:\\\/\\\/scr-council.com\\\/fi\\\/#organization\",\"name\":\"Pohjoismaiden suhteiden neuvosto\",\"url\":\"https:\\\/\\\/scr-council.com\\\/fi\\\/\",\"logo\":{\"@type\":\"ImageObject\",\"inLanguage\":\"fi\",\"@id\":\"https:\\\/\\\/scr-council.com\\\/fi\\\/#\\\/schema\\\/logo\\\/image\\\/\",\"url\":\"https:\\\/\\\/scr-council.com\\\/fi\\\/wp-content\\\/uploads\\\/sites\\\/5\\\/2018\\\/07\\\/logog.png\",\"contentUrl\":\"https:\\\/\\\/scr-council.com\\\/fi\\\/wp-content\\\/uploads\\\/sites\\\/5\\\/2018\\\/07\\\/logog.png\",\"width\":260,\"height\":150,\"caption\":\"Pohjoismaiden suhteiden neuvosto\"},\"image\":{\"@id\":\"https:\\\/\\\/scr-council.com\\\/fi\\\/#\\\/schema\\\/logo\\\/image\\\/\"}}]}<\/script>\n<!-- \/ Yoast SEO plugin. -->","yoast_head_json":{"title":"Teht\u00e4v\u00e4 - Pohjoismaiden suhteiden neuvosto","robots":{"index":"index","follow":"follow","max-snippet":"max-snippet:-1","max-image-preview":"max-image-preview:large","max-video-preview":"max-video-preview:-1"},"canonical":"https:\/\/scr-council.com\/fi\/tehtava\/","og_locale":"fi_FI","og_type":"article","og_title":"Teht\u00e4v\u00e4 - Pohjoismaiden suhteiden neuvosto","og_description":"Teht\u00e4v\u00e4: Saada aikaan ammatillisia pohjoismaisia suhteita ja syv\u00e4llist\u00e4 kulttuurillista vuoropuhelua suvaitsevaisuuden, rinnakkaiselon ja rauhan saavuttamiseksi.","og_url":"https:\/\/scr-council.com\/fi\/tehtava\/","og_site_name":"Pohjoismaiden suhteiden neuvosto","article_modified_time":"2018-11-10T19:35:20+00:00","twitter_card":"summary_large_image","schema":{"@context":"https:\/\/schema.org","@graph":[{"@type":"WebPage","@id":"https:\/\/scr-council.com\/fi\/tehtava\/","url":"https:\/\/scr-council.com\/fi\/tehtava\/","name":"Teht\u00e4v\u00e4 - Pohjoismaiden suhteiden neuvosto","isPartOf":{"@id":"https:\/\/scr-council.com\/fi\/#website"},"datePublished":"2017-10-30T09:29:32+00:00","dateModified":"2018-11-10T19:35:20+00:00","breadcrumb":{"@id":"https:\/\/scr-council.com\/fi\/tehtava\/#breadcrumb"},"inLanguage":"fi","potentialAction":[{"@type":"ReadAction","target":["https:\/\/scr-council.com\/fi\/tehtava\/"]}]},{"@type":"BreadcrumbList","@id":"https:\/\/scr-council.com\/fi\/tehtava\/#breadcrumb","itemListElement":[{"@type":"ListItem","position":1,"name":"Home","item":"https:\/\/scr-council.com\/fi\/"},{"@type":"ListItem","position":2,"name":"Teht\u00e4v\u00e4"}]},{"@type":"WebSite","@id":"https:\/\/scr-council.com\/fi\/#website","url":"https:\/\/scr-council.com\/fi\/","name":"Pohjoismaiden suhteiden neuvosto","description":"Viestint\u00e4 rauhan puolesta","publisher":{"@id":"https:\/\/scr-council.com\/fi\/#organization"},"potentialAction":[{"@type":"SearchAction","target":{"@type":"EntryPoint","urlTemplate":"https:\/\/scr-council.com\/fi\/?s={search_term_string}"},"query-input":{"@type":"PropertyValueSpecification","valueRequired":true,"valueName":"search_term_string"}}],"inLanguage":"fi"},{"@type":"Organization","@id":"https:\/\/scr-council.com\/fi\/#organization","name":"Pohjoismaiden suhteiden neuvosto","url":"https:\/\/scr-council.com\/fi\/","logo":{"@type":"ImageObject","inLanguage":"fi","@id":"https:\/\/scr-council.com\/fi\/#\/schema\/logo\/image\/","url":"https:\/\/scr-council.com\/fi\/wp-content\/uploads\/sites\/5\/2018\/07\/logog.png","contentUrl":"https:\/\/scr-council.com\/fi\/wp-content\/uploads\/sites\/5\/2018\/07\/logog.png","width":260,"height":150,"caption":"Pohjoismaiden suhteiden neuvosto"},"image":{"@id":"https:\/\/scr-council.com\/fi\/#\/schema\/logo\/image\/"}}]}},"amp_enabled":true,"_links":{"self":[{"href":"https:\/\/scr-council.com\/fi\/wp-json\/wp\/v2\/pages\/16","targetHints":{"allow":["GET"]}}],"collection":[{"href":"https:\/\/scr-council.com\/fi\/wp-json\/wp\/v2\/pages"}],"about":[{"href":"https:\/\/scr-council.com\/fi\/wp-json\/wp\/v2\/types\/page"}],"author":[{"embeddable":true,"href":"https:\/\/scr-council.com\/fi\/wp-json\/wp\/v2\/users\/1"}],"replies":[{"embeddable":true,"href":"https:\/\/scr-council.com\/fi\/wp-json\/wp\/v2\/comments?post=16"}],"version-history":[{"count":3,"href":"https:\/\/scr-council.com\/fi\/wp-json\/wp\/v2\/pages\/16\/revisions"}],"predecessor-version":[{"id":154,"href":"https:\/\/scr-council.com\/fi\/wp-json\/wp\/v2\/pages\/16\/revisions\/154"}],"wp:attachment":[{"href":"https:\/\/scr-council.com\/fi\/wp-json\/wp\/v2\/media?parent=16"}],"curies":[{"name":"wp","href":"https:\/\/api.w.org\/{rel}","templated":true}]}}