{"id":14,"date":"2017-10-30T09:29:16","date_gmt":"2017-10-30T09:29:16","guid":{"rendered":"http:\/\/localhost\/allthemes\/free\/free-demo\/?page_id=14"},"modified":"2018-11-10T19:34:33","modified_gmt":"2018-11-10T19:34:33","slug":"tavoitteet","status":"publish","type":"page","link":"https:\/\/scr-council.com\/fi\/tavoitteet\/","title":{"rendered":"Visio"},"content":{"rendered":"<table style=\"height: 5px\" width=\"681\">\n<tbody>\n<tr>\n<td width=\"636\">\n<table width=\"1303\">\n<tbody>\n<tr>\n<td width=\"636\"><strong>Visio:<\/strong><\/p>\n<p>Instituutioiden ja yksil\u00f6iden v\u00e4listen yleisten suhteiden lujittaminen pohjoismaisten yhteis\u00f6jen puolesta.<\/p>\n<p>Lis\u00e4ksi neuvosto haluaa edist\u00e4\u00e4 kaiken kattavaa kansalaisuutta integraation,<\/p>\n<p>kulttuuritapaamisten ja sosiaalisen median sek\u00e4 suvaitsevaisuuden ilmapiirin ja terrorismin vastaisen taistelun levitt\u00e4misen kautta.<\/td>\n<\/tr>\n<\/tbody>\n<\/table>\n<\/td>\n<\/tr>\n<\/tbody>\n<\/table>\n","protected":false},"excerpt":{"rendered":"<p>Visio: Instituutioiden ja yksil\u00f6iden v\u00e4listen yleisten suhteiden lujittaminen pohjoismaisten yhteis\u00f6jen puolesta. Lis\u00e4ksi neuvosto haluaa edist\u00e4\u00e4 kaiken kattavaa kansalaisuutta integraation, kulttuuritapaamisten ja sosiaalisen median sek\u00e4 suvaitsevaisuuden ilmapiirin ja terrorismin vastaisen taistelun levitt\u00e4misen kautta.<\/p>\n","protected":false},"author":1,"featured_media":0,"parent":0,"menu_order":0,"comment_status":"closed","ping_status":"closed","template":"","meta":{"footnotes":""},"class_list":["post-14","page","type-page","status-publish","hentry"],"yoast_head":"<!-- This site is optimized with the Yoast SEO plugin v27.4 - https:\/\/yoast.com\/product\/yoast-seo-wordpress\/ -->\n<title>Visio - Pohjoismaiden suhteiden neuvosto<\/title>\n<meta name=\"robots\" content=\"index, follow, max-snippet:-1, max-image-preview:large, max-video-preview:-1\" \/>\n<link rel=\"canonical\" href=\"https:\/\/scr-council.com\/fi\/tavoitteet\/\" \/>\n<meta property=\"og:locale\" content=\"fi_FI\" \/>\n<meta property=\"og:type\" content=\"article\" \/>\n<meta property=\"og:title\" content=\"Visio - Pohjoismaiden suhteiden neuvosto\" \/>\n<meta property=\"og:description\" content=\"Visio: Instituutioiden ja yksil\u00f6iden v\u00e4listen yleisten suhteiden lujittaminen pohjoismaisten yhteis\u00f6jen puolesta. Lis\u00e4ksi neuvosto haluaa edist\u00e4\u00e4 kaiken kattavaa kansalaisuutta integraation, kulttuuritapaamisten ja sosiaalisen median sek\u00e4 suvaitsevaisuuden ilmapiirin ja terrorismin vastaisen taistelun levitt\u00e4misen kautta.\" \/>\n<meta property=\"og:url\" content=\"https:\/\/scr-council.com\/fi\/tavoitteet\/\" \/>\n<meta property=\"og:site_name\" content=\"Pohjoismaiden suhteiden neuvosto\" \/>\n<meta property=\"article:modified_time\" content=\"2018-11-10T19:34:33+00:00\" \/>\n<meta name=\"twitter:card\" content=\"summary_large_image\" \/>\n<script type=\"application\/ld+json\" class=\"yoast-schema-graph\">{\"@context\":\"https:\\\/\\\/schema.org\",\"@graph\":[{\"@type\":\"WebPage\",\"@id\":\"https:\\\/\\\/scr-council.com\\\/fi\\\/tavoitteet\\\/\",\"url\":\"https:\\\/\\\/scr-council.com\\\/fi\\\/tavoitteet\\\/\",\"name\":\"Visio - Pohjoismaiden suhteiden neuvosto\",\"isPartOf\":{\"@id\":\"https:\\\/\\\/scr-council.com\\\/fi\\\/#website\"},\"datePublished\":\"2017-10-30T09:29:16+00:00\",\"dateModified\":\"2018-11-10T19:34:33+00:00\",\"breadcrumb\":{\"@id\":\"https:\\\/\\\/scr-council.com\\\/fi\\\/tavoitteet\\\/#breadcrumb\"},\"inLanguage\":\"fi\",\"potentialAction\":[{\"@type\":\"ReadAction\",\"target\":[\"https:\\\/\\\/scr-council.com\\\/fi\\\/tavoitteet\\\/\"]}]},{\"@type\":\"BreadcrumbList\",\"@id\":\"https:\\\/\\\/scr-council.com\\\/fi\\\/tavoitteet\\\/#breadcrumb\",\"itemListElement\":[{\"@type\":\"ListItem\",\"position\":1,\"name\":\"Home\",\"item\":\"https:\\\/\\\/scr-council.com\\\/fi\\\/\"},{\"@type\":\"ListItem\",\"position\":2,\"name\":\"Visio\"}]},{\"@type\":\"WebSite\",\"@id\":\"https:\\\/\\\/scr-council.com\\\/fi\\\/#website\",\"url\":\"https:\\\/\\\/scr-council.com\\\/fi\\\/\",\"name\":\"Pohjoismaiden suhteiden neuvosto\",\"description\":\"Viestint\u00e4 rauhan puolesta\",\"publisher\":{\"@id\":\"https:\\\/\\\/scr-council.com\\\/fi\\\/#organization\"},\"potentialAction\":[{\"@type\":\"SearchAction\",\"target\":{\"@type\":\"EntryPoint\",\"urlTemplate\":\"https:\\\/\\\/scr-council.com\\\/fi\\\/?s={search_term_string}\"},\"query-input\":{\"@type\":\"PropertyValueSpecification\",\"valueRequired\":true,\"valueName\":\"search_term_string\"}}],\"inLanguage\":\"fi\"},{\"@type\":\"Organization\",\"@id\":\"https:\\\/\\\/scr-council.com\\\/fi\\\/#organization\",\"name\":\"Pohjoismaiden suhteiden neuvosto\",\"url\":\"https:\\\/\\\/scr-council.com\\\/fi\\\/\",\"logo\":{\"@type\":\"ImageObject\",\"inLanguage\":\"fi\",\"@id\":\"https:\\\/\\\/scr-council.com\\\/fi\\\/#\\\/schema\\\/logo\\\/image\\\/\",\"url\":\"https:\\\/\\\/scr-council.com\\\/fi\\\/wp-content\\\/uploads\\\/sites\\\/5\\\/2018\\\/07\\\/logog.png\",\"contentUrl\":\"https:\\\/\\\/scr-council.com\\\/fi\\\/wp-content\\\/uploads\\\/sites\\\/5\\\/2018\\\/07\\\/logog.png\",\"width\":260,\"height\":150,\"caption\":\"Pohjoismaiden suhteiden neuvosto\"},\"image\":{\"@id\":\"https:\\\/\\\/scr-council.com\\\/fi\\\/#\\\/schema\\\/logo\\\/image\\\/\"}}]}<\/script>\n<!-- \/ Yoast SEO plugin. -->","yoast_head_json":{"title":"Visio - Pohjoismaiden suhteiden neuvosto","robots":{"index":"index","follow":"follow","max-snippet":"max-snippet:-1","max-image-preview":"max-image-preview:large","max-video-preview":"max-video-preview:-1"},"canonical":"https:\/\/scr-council.com\/fi\/tavoitteet\/","og_locale":"fi_FI","og_type":"article","og_title":"Visio - Pohjoismaiden suhteiden neuvosto","og_description":"Visio: Instituutioiden ja yksil\u00f6iden v\u00e4listen yleisten suhteiden lujittaminen pohjoismaisten yhteis\u00f6jen puolesta. Lis\u00e4ksi neuvosto haluaa edist\u00e4\u00e4 kaiken kattavaa kansalaisuutta integraation, kulttuuritapaamisten ja sosiaalisen median sek\u00e4 suvaitsevaisuuden ilmapiirin ja terrorismin vastaisen taistelun levitt\u00e4misen kautta.","og_url":"https:\/\/scr-council.com\/fi\/tavoitteet\/","og_site_name":"Pohjoismaiden suhteiden neuvosto","article_modified_time":"2018-11-10T19:34:33+00:00","twitter_card":"summary_large_image","schema":{"@context":"https:\/\/schema.org","@graph":[{"@type":"WebPage","@id":"https:\/\/scr-council.com\/fi\/tavoitteet\/","url":"https:\/\/scr-council.com\/fi\/tavoitteet\/","name":"Visio - Pohjoismaiden suhteiden neuvosto","isPartOf":{"@id":"https:\/\/scr-council.com\/fi\/#website"},"datePublished":"2017-10-30T09:29:16+00:00","dateModified":"2018-11-10T19:34:33+00:00","breadcrumb":{"@id":"https:\/\/scr-council.com\/fi\/tavoitteet\/#breadcrumb"},"inLanguage":"fi","potentialAction":[{"@type":"ReadAction","target":["https:\/\/scr-council.com\/fi\/tavoitteet\/"]}]},{"@type":"BreadcrumbList","@id":"https:\/\/scr-council.com\/fi\/tavoitteet\/#breadcrumb","itemListElement":[{"@type":"ListItem","position":1,"name":"Home","item":"https:\/\/scr-council.com\/fi\/"},{"@type":"ListItem","position":2,"name":"Visio"}]},{"@type":"WebSite","@id":"https:\/\/scr-council.com\/fi\/#website","url":"https:\/\/scr-council.com\/fi\/","name":"Pohjoismaiden suhteiden neuvosto","description":"Viestint\u00e4 rauhan puolesta","publisher":{"@id":"https:\/\/scr-council.com\/fi\/#organization"},"potentialAction":[{"@type":"SearchAction","target":{"@type":"EntryPoint","urlTemplate":"https:\/\/scr-council.com\/fi\/?s={search_term_string}"},"query-input":{"@type":"PropertyValueSpecification","valueRequired":true,"valueName":"search_term_string"}}],"inLanguage":"fi"},{"@type":"Organization","@id":"https:\/\/scr-council.com\/fi\/#organization","name":"Pohjoismaiden suhteiden neuvosto","url":"https:\/\/scr-council.com\/fi\/","logo":{"@type":"ImageObject","inLanguage":"fi","@id":"https:\/\/scr-council.com\/fi\/#\/schema\/logo\/image\/","url":"https:\/\/scr-council.com\/fi\/wp-content\/uploads\/sites\/5\/2018\/07\/logog.png","contentUrl":"https:\/\/scr-council.com\/fi\/wp-content\/uploads\/sites\/5\/2018\/07\/logog.png","width":260,"height":150,"caption":"Pohjoismaiden suhteiden neuvosto"},"image":{"@id":"https:\/\/scr-council.com\/fi\/#\/schema\/logo\/image\/"}}]}},"amp_enabled":true,"_links":{"self":[{"href":"https:\/\/scr-council.com\/fi\/wp-json\/wp\/v2\/pages\/14","targetHints":{"allow":["GET"]}}],"collection":[{"href":"https:\/\/scr-council.com\/fi\/wp-json\/wp\/v2\/pages"}],"about":[{"href":"https:\/\/scr-council.com\/fi\/wp-json\/wp\/v2\/types\/page"}],"author":[{"embeddable":true,"href":"https:\/\/scr-council.com\/fi\/wp-json\/wp\/v2\/users\/1"}],"replies":[{"embeddable":true,"href":"https:\/\/scr-council.com\/fi\/wp-json\/wp\/v2\/comments?post=14"}],"version-history":[{"count":4,"href":"https:\/\/scr-council.com\/fi\/wp-json\/wp\/v2\/pages\/14\/revisions"}],"predecessor-version":[{"id":153,"href":"https:\/\/scr-council.com\/fi\/wp-json\/wp\/v2\/pages\/14\/revisions\/153"}],"wp:attachment":[{"href":"https:\/\/scr-council.com\/fi\/wp-json\/wp\/v2\/media?parent=14"}],"curies":[{"name":"wp","href":"https:\/\/api.w.org\/{rel}","templated":true}]}}