{"id":112,"date":"2018-05-27T14:25:27","date_gmt":"2018-05-27T14:25:27","guid":{"rendered":"http:\/\/scr-council.com\/fi\/?page_id=112"},"modified":"2018-11-10T19:25:34","modified_gmt":"2018-11-10T19:25:34","slug":"yhteystietomme","status":"publish","type":"page","link":"https:\/\/scr-council.com\/fi\/yhteystietomme\/","title":{"rendered":"Tietoja meist\u00e4"},"content":{"rendered":"<p><strong>Tietoja meist\u00e4:<\/strong><br \/>\nPohjoismaiden suhteiden neuvosto on puolueeton instituutio, jolla ei ole mit\u00e4\u00e4n poliittisia eik\u00e4 taloudellisia sidoksia.<\/p>\n<p>Neuvosto ty\u00f6skentelee Pohjoismaissa ja tarjoaa palvelujaan hy\u00f6dynt\u00e4m\u00e4ll\u00e4 yhteisty\u00f6t\u00e4 ja vuoropuhelua viranomaisten,<\/p>\n<p>kansalaisyhteiskunnan instituutioiden ja islamilaisten s\u00e4\u00e4ti\u00f6iden ja keskusten kanssa.<\/p>\n<p>Lis\u00e4ksi Pohjoismaiden suhteiden neuvosto on yhteydess\u00e4 valtioihin sek\u00e4 julkisiin ja yksityisiin instituutioihin<\/p>\n<p>Pohjoismaiden ulkopuolella.<br \/>\nPohjoismaiden suhteiden neuvosto toimii Ruotsin lakien mukaisesti ja saavuttaa tavoitteensa<\/p>\n<p>Pohjoismaiden valtioiden hallituksilta saatujen m\u00e4\u00e4r\u00e4rahojen avulla.<br \/>\nPohjoismaiden suhteiden neuvoston taloudelliset resurssit koostuvat vapaaehtoisista lahjoituksista ja avustuksista,<\/p>\n<p>joita saadaan valtioilta, julkisilta ja yksityisilt\u00e4 instituutioilta ja henkil\u00f6ilt\u00e4 Pohjoismaissa ja muualla<\/p>\n","protected":false},"excerpt":{"rendered":"<p>Tietoja meist\u00e4: Pohjoismaiden suhteiden neuvosto on puolueeton instituutio, jolla ei ole mit\u00e4\u00e4n poliittisia eik\u00e4 taloudellisia sidoksia. Neuvosto ty\u00f6skentelee Pohjoismaissa ja tarjoaa palvelujaan hy\u00f6dynt\u00e4m\u00e4ll\u00e4 yhteisty\u00f6t\u00e4 ja vuoropuhelua viranomaisten, kansalaisyhteiskunnan instituutioiden ja islamilaisten s\u00e4\u00e4ti\u00f6iden ja keskusten kanssa. Lis\u00e4ksi Pohjoismaiden suhteiden neuvosto on yhteydess\u00e4 valtioihin sek\u00e4 julkisiin ja yksityisiin instituutioihin Pohjoismaiden ulkopuolella. Pohjoismaiden suhteiden neuvosto toimii Ruotsin lakien [&hellip;]<\/p>\n","protected":false},"author":1,"featured_media":0,"parent":0,"menu_order":0,"comment_status":"closed","ping_status":"closed","template":"","meta":{"footnotes":""},"class_list":["post-112","page","type-page","status-publish","hentry"],"yoast_head":"<!-- This site is optimized with the Yoast SEO plugin v27.3 - https:\/\/yoast.com\/product\/yoast-seo-wordpress\/ -->\n<title>Tietoja meist\u00e4 - Pohjoismaiden suhteiden neuvosto<\/title>\n<meta name=\"robots\" content=\"index, follow, max-snippet:-1, max-image-preview:large, max-video-preview:-1\" \/>\n<link rel=\"canonical\" href=\"https:\/\/scr-council.com\/fi\/yhteystietomme\/\" \/>\n<meta property=\"og:locale\" content=\"fi_FI\" \/>\n<meta property=\"og:type\" content=\"article\" \/>\n<meta property=\"og:title\" content=\"Tietoja meist\u00e4 - Pohjoismaiden suhteiden neuvosto\" \/>\n<meta property=\"og:description\" content=\"Tietoja meist\u00e4: Pohjoismaiden suhteiden neuvosto on puolueeton instituutio, jolla ei ole mit\u00e4\u00e4n poliittisia eik\u00e4 taloudellisia sidoksia. Neuvosto ty\u00f6skentelee Pohjoismaissa ja tarjoaa palvelujaan hy\u00f6dynt\u00e4m\u00e4ll\u00e4 yhteisty\u00f6t\u00e4 ja vuoropuhelua viranomaisten, kansalaisyhteiskunnan instituutioiden ja islamilaisten s\u00e4\u00e4ti\u00f6iden ja keskusten kanssa. Lis\u00e4ksi Pohjoismaiden suhteiden neuvosto on yhteydess\u00e4 valtioihin sek\u00e4 julkisiin ja yksityisiin instituutioihin Pohjoismaiden ulkopuolella. Pohjoismaiden suhteiden neuvosto toimii Ruotsin lakien [&hellip;]\" \/>\n<meta property=\"og:url\" content=\"https:\/\/scr-council.com\/fi\/yhteystietomme\/\" \/>\n<meta property=\"og:site_name\" content=\"Pohjoismaiden suhteiden neuvosto\" \/>\n<meta property=\"article:modified_time\" content=\"2018-11-10T19:25:34+00:00\" \/>\n<meta name=\"twitter:card\" content=\"summary_large_image\" \/>\n<script type=\"application\/ld+json\" class=\"yoast-schema-graph\">{\"@context\":\"https:\\\/\\\/schema.org\",\"@graph\":[{\"@type\":\"WebPage\",\"@id\":\"https:\\\/\\\/scr-council.com\\\/fi\\\/yhteystietomme\\\/\",\"url\":\"https:\\\/\\\/scr-council.com\\\/fi\\\/yhteystietomme\\\/\",\"name\":\"Tietoja meist\u00e4 - Pohjoismaiden suhteiden neuvosto\",\"isPartOf\":{\"@id\":\"https:\\\/\\\/scr-council.com\\\/fi\\\/#website\"},\"datePublished\":\"2018-05-27T14:25:27+00:00\",\"dateModified\":\"2018-11-10T19:25:34+00:00\",\"breadcrumb\":{\"@id\":\"https:\\\/\\\/scr-council.com\\\/fi\\\/yhteystietomme\\\/#breadcrumb\"},\"inLanguage\":\"fi\",\"potentialAction\":[{\"@type\":\"ReadAction\",\"target\":[\"https:\\\/\\\/scr-council.com\\\/fi\\\/yhteystietomme\\\/\"]}]},{\"@type\":\"BreadcrumbList\",\"@id\":\"https:\\\/\\\/scr-council.com\\\/fi\\\/yhteystietomme\\\/#breadcrumb\",\"itemListElement\":[{\"@type\":\"ListItem\",\"position\":1,\"name\":\"Home\",\"item\":\"https:\\\/\\\/scr-council.com\\\/fi\\\/\"},{\"@type\":\"ListItem\",\"position\":2,\"name\":\"Tietoja meist\u00e4\"}]},{\"@type\":\"WebSite\",\"@id\":\"https:\\\/\\\/scr-council.com\\\/fi\\\/#website\",\"url\":\"https:\\\/\\\/scr-council.com\\\/fi\\\/\",\"name\":\"Pohjoismaiden suhteiden neuvosto\",\"description\":\"Viestint\u00e4 rauhan puolesta\",\"publisher\":{\"@id\":\"https:\\\/\\\/scr-council.com\\\/fi\\\/#organization\"},\"potentialAction\":[{\"@type\":\"SearchAction\",\"target\":{\"@type\":\"EntryPoint\",\"urlTemplate\":\"https:\\\/\\\/scr-council.com\\\/fi\\\/?s={search_term_string}\"},\"query-input\":{\"@type\":\"PropertyValueSpecification\",\"valueRequired\":true,\"valueName\":\"search_term_string\"}}],\"inLanguage\":\"fi\"},{\"@type\":\"Organization\",\"@id\":\"https:\\\/\\\/scr-council.com\\\/fi\\\/#organization\",\"name\":\"Pohjoismaiden suhteiden neuvosto\",\"url\":\"https:\\\/\\\/scr-council.com\\\/fi\\\/\",\"logo\":{\"@type\":\"ImageObject\",\"inLanguage\":\"fi\",\"@id\":\"https:\\\/\\\/scr-council.com\\\/fi\\\/#\\\/schema\\\/logo\\\/image\\\/\",\"url\":\"https:\\\/\\\/scr-council.com\\\/fi\\\/wp-content\\\/uploads\\\/sites\\\/5\\\/2018\\\/07\\\/logog.png\",\"contentUrl\":\"https:\\\/\\\/scr-council.com\\\/fi\\\/wp-content\\\/uploads\\\/sites\\\/5\\\/2018\\\/07\\\/logog.png\",\"width\":260,\"height\":150,\"caption\":\"Pohjoismaiden suhteiden neuvosto\"},\"image\":{\"@id\":\"https:\\\/\\\/scr-council.com\\\/fi\\\/#\\\/schema\\\/logo\\\/image\\\/\"}}]}<\/script>\n<!-- \/ Yoast SEO plugin. -->","yoast_head_json":{"title":"Tietoja meist\u00e4 - Pohjoismaiden suhteiden neuvosto","robots":{"index":"index","follow":"follow","max-snippet":"max-snippet:-1","max-image-preview":"max-image-preview:large","max-video-preview":"max-video-preview:-1"},"canonical":"https:\/\/scr-council.com\/fi\/yhteystietomme\/","og_locale":"fi_FI","og_type":"article","og_title":"Tietoja meist\u00e4 - Pohjoismaiden suhteiden neuvosto","og_description":"Tietoja meist\u00e4: Pohjoismaiden suhteiden neuvosto on puolueeton instituutio, jolla ei ole mit\u00e4\u00e4n poliittisia eik\u00e4 taloudellisia sidoksia. Neuvosto ty\u00f6skentelee Pohjoismaissa ja tarjoaa palvelujaan hy\u00f6dynt\u00e4m\u00e4ll\u00e4 yhteisty\u00f6t\u00e4 ja vuoropuhelua viranomaisten, kansalaisyhteiskunnan instituutioiden ja islamilaisten s\u00e4\u00e4ti\u00f6iden ja keskusten kanssa. Lis\u00e4ksi Pohjoismaiden suhteiden neuvosto on yhteydess\u00e4 valtioihin sek\u00e4 julkisiin ja yksityisiin instituutioihin Pohjoismaiden ulkopuolella. Pohjoismaiden suhteiden neuvosto toimii Ruotsin lakien [&hellip;]","og_url":"https:\/\/scr-council.com\/fi\/yhteystietomme\/","og_site_name":"Pohjoismaiden suhteiden neuvosto","article_modified_time":"2018-11-10T19:25:34+00:00","twitter_card":"summary_large_image","schema":{"@context":"https:\/\/schema.org","@graph":[{"@type":"WebPage","@id":"https:\/\/scr-council.com\/fi\/yhteystietomme\/","url":"https:\/\/scr-council.com\/fi\/yhteystietomme\/","name":"Tietoja meist\u00e4 - Pohjoismaiden suhteiden neuvosto","isPartOf":{"@id":"https:\/\/scr-council.com\/fi\/#website"},"datePublished":"2018-05-27T14:25:27+00:00","dateModified":"2018-11-10T19:25:34+00:00","breadcrumb":{"@id":"https:\/\/scr-council.com\/fi\/yhteystietomme\/#breadcrumb"},"inLanguage":"fi","potentialAction":[{"@type":"ReadAction","target":["https:\/\/scr-council.com\/fi\/yhteystietomme\/"]}]},{"@type":"BreadcrumbList","@id":"https:\/\/scr-council.com\/fi\/yhteystietomme\/#breadcrumb","itemListElement":[{"@type":"ListItem","position":1,"name":"Home","item":"https:\/\/scr-council.com\/fi\/"},{"@type":"ListItem","position":2,"name":"Tietoja meist\u00e4"}]},{"@type":"WebSite","@id":"https:\/\/scr-council.com\/fi\/#website","url":"https:\/\/scr-council.com\/fi\/","name":"Pohjoismaiden suhteiden neuvosto","description":"Viestint\u00e4 rauhan puolesta","publisher":{"@id":"https:\/\/scr-council.com\/fi\/#organization"},"potentialAction":[{"@type":"SearchAction","target":{"@type":"EntryPoint","urlTemplate":"https:\/\/scr-council.com\/fi\/?s={search_term_string}"},"query-input":{"@type":"PropertyValueSpecification","valueRequired":true,"valueName":"search_term_string"}}],"inLanguage":"fi"},{"@type":"Organization","@id":"https:\/\/scr-council.com\/fi\/#organization","name":"Pohjoismaiden suhteiden neuvosto","url":"https:\/\/scr-council.com\/fi\/","logo":{"@type":"ImageObject","inLanguage":"fi","@id":"https:\/\/scr-council.com\/fi\/#\/schema\/logo\/image\/","url":"https:\/\/scr-council.com\/fi\/wp-content\/uploads\/sites\/5\/2018\/07\/logog.png","contentUrl":"https:\/\/scr-council.com\/fi\/wp-content\/uploads\/sites\/5\/2018\/07\/logog.png","width":260,"height":150,"caption":"Pohjoismaiden suhteiden neuvosto"},"image":{"@id":"https:\/\/scr-council.com\/fi\/#\/schema\/logo\/image\/"}}]}},"amp_enabled":true,"_links":{"self":[{"href":"https:\/\/scr-council.com\/fi\/wp-json\/wp\/v2\/pages\/112","targetHints":{"allow":["GET"]}}],"collection":[{"href":"https:\/\/scr-council.com\/fi\/wp-json\/wp\/v2\/pages"}],"about":[{"href":"https:\/\/scr-council.com\/fi\/wp-json\/wp\/v2\/types\/page"}],"author":[{"embeddable":true,"href":"https:\/\/scr-council.com\/fi\/wp-json\/wp\/v2\/users\/1"}],"replies":[{"embeddable":true,"href":"https:\/\/scr-council.com\/fi\/wp-json\/wp\/v2\/comments?post=112"}],"version-history":[{"count":5,"href":"https:\/\/scr-council.com\/fi\/wp-json\/wp\/v2\/pages\/112\/revisions"}],"predecessor-version":[{"id":148,"href":"https:\/\/scr-council.com\/fi\/wp-json\/wp\/v2\/pages\/112\/revisions\/148"}],"wp:attachment":[{"href":"https:\/\/scr-council.com\/fi\/wp-json\/wp\/v2\/media?parent=112"}],"curies":[{"name":"wp","href":"https:\/\/api.w.org\/{rel}","templated":true}]}}