{"id":335,"date":"2017-10-30T09:29:43","date_gmt":"2017-10-30T08:29:43","guid":{"rendered":"http:\/\/localhost\/allthemes\/free\/free-demo\/?page_id=18"},"modified":"2018-11-10T18:39:52","modified_gmt":"2018-11-10T18:39:52","slug":"%d8%a3%d9%87%d8%af%d8%a7%d9%81-%d8%a7%d9%84%d9%85%d8%ac%d9%84%d8%b3","status":"publish","type":"page","link":"https:\/\/scr-council.com\/dk\/%d8%a3%d9%87%d8%af%d8%a7%d9%81-%d8%a7%d9%84%d9%85%d8%ac%d9%84%d8%b3\/","title":{"rendered":"Form\u00e5l"},"content":{"rendered":"<p><strong>Form\u00e5l:<\/strong><\/p>\n<p>1. At etablere bro mellem kulturer og religioner b\u00e5de inden for og uden for de skandinaviske lande.<\/p>\n<p>Form\u00e5let er at bidrage til at sprede tolerance, dialog og fredelig sameksistens,<\/p>\n<p>og til bek\u00e6mpelse af terroraktiviteter og ekstremisme samt h\u00e5ndtering af islamofobi som<\/p>\n<p>et samfundsf\u00e6nomen. Dette form\u00e5l realiseres ved at arrangere bes\u00f8g, konferencer og debatm\u00f8der i<\/p>\n<p>de forskellige skandinaviske lande, som samarbejdsorganisationerne inviteres til.<\/p>\n<p>2. At opbygge omfattende og eksklusive b\u00e5nd til de fleste civile og officielle institutioner og foreninger,<\/p>\n<p>b\u00e5de i ind- og udland. Form\u00e5let er at tjene almene interesser i de skandinaviske og nordiske samfund.<\/p>\n<p>Dette form\u00e5l kan realiseres gennem \u00e5ben dialog mellem parterne via projekter og skriftlige aftaler,<\/p>\n<p>og gennem st\u00f8tte til de eksisterende aktiviteter, som arbejder inden for det samme omr\u00e5de.<\/p>\n<p>3. At sprede en lovende, styrkende kultur gennem engagement fra individer<\/p>\n<p>og islamiske organisationer i de skandinaviske lande p\u00e5 alle niveauer, og is\u00e6r gennem uddannelse.<\/p>\n<p>4. At forberede en passende atmosf\u00e6re til etablering af et konstruktivt og m\u00e5lrettet samarbejde<\/p>\n<p>og kommunikation med alle. Dette form\u00e5l kan realiseres gennem afholdelse af gennemt\u00e6nkte aktiviteter,<\/p>\n<p>som opfordrer til m\u00e5lrettet dialog og forhindrer splid i samfundet og etnisk isolation.<\/p>\n<p>5. At udveksle erfaringer mellem de lokale frivillige organisationer<\/p>\n<p>og de islamiske organisationer i de skandinaviske lande.<\/p>\n<p>Dette form\u00e5l kan realiseres gennem alle former for samarbejde omkring l\u00f8sning af<\/p>\n<p>samfundets problemer med velg\u00f8rende \u00e5nd.<\/p>\n<p>6. At skabe bevidsthed omkring de islamiske organisationer i de skandinaviske lande,<\/p>\n<p>deres arbejde og aktiviteter gennem en professionel og trov\u00e6rdig mediefremstilling.<\/p>\n<p>Dette form\u00e5l kan realiseres via aktiv kommunikation ved hj\u00e6lp af hjemmesider og sociale medier.<\/p>\n<p><span style=\"color: #000000\">\u00a0<\/span><\/p>\n","protected":false},"excerpt":{"rendered":"<p>Form\u00e5l: 1. At etablere bro mellem kulturer og religioner b\u00e5de inden for og uden for de skandinaviske lande. Form\u00e5let er at bidrage til at sprede tolerance, dialog og fredelig sameksistens, og til bek\u00e6mpelse af terroraktiviteter og ekstremisme samt h\u00e5ndtering af islamofobi som et samfundsf\u00e6nomen. Dette form\u00e5l realiseres ved at arrangere bes\u00f8g, konferencer og debatm\u00f8der i [&hellip;]<\/p>\n","protected":false},"author":1,"featured_media":0,"parent":0,"menu_order":0,"comment_status":"closed","ping_status":"closed","template":"","meta":{"footnotes":""},"class_list":["post-335","page","type-page","status-publish","hentry"],"yoast_head":"<!-- This site is optimized with the Yoast SEO plugin v27.4 - https:\/\/yoast.com\/product\/yoast-seo-wordpress\/ -->\n<title>Form\u00e5l - SCR - Scandinavia council for relations<\/title>\n<meta name=\"robots\" content=\"index, follow, max-snippet:-1, max-image-preview:large, max-video-preview:-1\" \/>\n<link rel=\"canonical\" href=\"https:\/\/scr-council.com\/dk\/\u0623\u0647\u062f\u0627\u0641-\u0627\u0644\u0645\u062c\u0644\u0633\/\" \/>\n<meta property=\"og:locale\" content=\"da_DK\" \/>\n<meta property=\"og:type\" content=\"article\" \/>\n<meta property=\"og:title\" content=\"Form\u00e5l - SCR - Scandinavia council for relations\" \/>\n<meta property=\"og:description\" content=\"Form\u00e5l: 1. At etablere bro mellem kulturer og religioner b\u00e5de inden for og uden for de skandinaviske lande. Form\u00e5let er at bidrage til at sprede tolerance, dialog og fredelig sameksistens, og til bek\u00e6mpelse af terroraktiviteter og ekstremisme samt h\u00e5ndtering af islamofobi som et samfundsf\u00e6nomen. Dette form\u00e5l realiseres ved at arrangere bes\u00f8g, konferencer og debatm\u00f8der i [&hellip;]\" \/>\n<meta property=\"og:url\" content=\"https:\/\/scr-council.com\/dk\/\u0623\u0647\u062f\u0627\u0641-\u0627\u0644\u0645\u062c\u0644\u0633\/\" \/>\n<meta property=\"og:site_name\" content=\"SCR - Scandinavia council for relations\" \/>\n<meta property=\"article:modified_time\" content=\"2018-11-10T18:39:52+00:00\" \/>\n<meta name=\"twitter:card\" content=\"summary_large_image\" \/>\n<meta name=\"twitter:label1\" content=\"Estimeret l\u00e6setid\" \/>\n\t<meta name=\"twitter:data1\" content=\"1 minut\" \/>\n<script type=\"application\/ld+json\" class=\"yoast-schema-graph\">{\"@context\":\"https:\\\/\\\/schema.org\",\"@graph\":[{\"@type\":\"WebPage\",\"@id\":\"https:\\\/\\\/scr-council.com\\\/dk\\\/%d8%a3%d9%87%d8%af%d8%a7%d9%81-%d8%a7%d9%84%d9%85%d8%ac%d9%84%d8%b3\\\/\",\"url\":\"https:\\\/\\\/scr-council.com\\\/dk\\\/%d8%a3%d9%87%d8%af%d8%a7%d9%81-%d8%a7%d9%84%d9%85%d8%ac%d9%84%d8%b3\\\/\",\"name\":\"Form\u00e5l - SCR - Scandinavia council for relations\",\"isPartOf\":{\"@id\":\"https:\\\/\\\/scr-council.com\\\/dk\\\/#website\"},\"datePublished\":\"2017-10-30T08:29:43+00:00\",\"dateModified\":\"2018-11-10T18:39:52+00:00\",\"breadcrumb\":{\"@id\":\"https:\\\/\\\/scr-council.com\\\/dk\\\/%d8%a3%d9%87%d8%af%d8%a7%d9%81-%d8%a7%d9%84%d9%85%d8%ac%d9%84%d8%b3\\\/#breadcrumb\"},\"inLanguage\":\"da-DK\",\"potentialAction\":[{\"@type\":\"ReadAction\",\"target\":[\"https:\\\/\\\/scr-council.com\\\/dk\\\/%d8%a3%d9%87%d8%af%d8%a7%d9%81-%d8%a7%d9%84%d9%85%d8%ac%d9%84%d8%b3\\\/\"]}]},{\"@type\":\"BreadcrumbList\",\"@id\":\"https:\\\/\\\/scr-council.com\\\/dk\\\/%d8%a3%d9%87%d8%af%d8%a7%d9%81-%d8%a7%d9%84%d9%85%d8%ac%d9%84%d8%b3\\\/#breadcrumb\",\"itemListElement\":[{\"@type\":\"ListItem\",\"position\":1,\"name\":\"Home\",\"item\":\"https:\\\/\\\/scr-council.com\\\/dk\\\/\"},{\"@type\":\"ListItem\",\"position\":2,\"name\":\"Form\u00e5l\"}]},{\"@type\":\"WebSite\",\"@id\":\"https:\\\/\\\/scr-council.com\\\/dk\\\/#website\",\"url\":\"https:\\\/\\\/scr-council.com\\\/dk\\\/\",\"name\":\"SCR - Scandinavia council for relations\",\"description\":\"Just another Scandinavia council for relations Sites site\",\"publisher\":{\"@id\":\"https:\\\/\\\/scr-council.com\\\/dk\\\/#organization\"},\"potentialAction\":[{\"@type\":\"SearchAction\",\"target\":{\"@type\":\"EntryPoint\",\"urlTemplate\":\"https:\\\/\\\/scr-council.com\\\/dk\\\/?s={search_term_string}\"},\"query-input\":{\"@type\":\"PropertyValueSpecification\",\"valueRequired\":true,\"valueName\":\"search_term_string\"}}],\"inLanguage\":\"da-DK\"},{\"@type\":\"Organization\",\"@id\":\"https:\\\/\\\/scr-council.com\\\/dk\\\/#organization\",\"name\":\"SCR - Scandinavia council for relations\",\"url\":\"https:\\\/\\\/scr-council.com\\\/dk\\\/\",\"logo\":{\"@type\":\"ImageObject\",\"inLanguage\":\"da-DK\",\"@id\":\"https:\\\/\\\/scr-council.com\\\/dk\\\/#\\\/schema\\\/logo\\\/image\\\/\",\"url\":\"https:\\\/\\\/scr-council.com\\\/dk\\\/wp-content\\\/uploads\\\/sites\\\/8\\\/2018\\\/07\\\/logog.png\",\"contentUrl\":\"https:\\\/\\\/scr-council.com\\\/dk\\\/wp-content\\\/uploads\\\/sites\\\/8\\\/2018\\\/07\\\/logog.png\",\"width\":260,\"height\":150,\"caption\":\"SCR - Scandinavia council for relations\"},\"image\":{\"@id\":\"https:\\\/\\\/scr-council.com\\\/dk\\\/#\\\/schema\\\/logo\\\/image\\\/\"}}]}<\/script>\n<!-- \/ Yoast SEO plugin. -->","yoast_head_json":{"title":"Form\u00e5l - SCR - Scandinavia council for relations","robots":{"index":"index","follow":"follow","max-snippet":"max-snippet:-1","max-image-preview":"max-image-preview:large","max-video-preview":"max-video-preview:-1"},"canonical":"https:\/\/scr-council.com\/dk\/\u0623\u0647\u062f\u0627\u0641-\u0627\u0644\u0645\u062c\u0644\u0633\/","og_locale":"da_DK","og_type":"article","og_title":"Form\u00e5l - SCR - Scandinavia council for relations","og_description":"Form\u00e5l: 1. At etablere bro mellem kulturer og religioner b\u00e5de inden for og uden for de skandinaviske lande. Form\u00e5let er at bidrage til at sprede tolerance, dialog og fredelig sameksistens, og til bek\u00e6mpelse af terroraktiviteter og ekstremisme samt h\u00e5ndtering af islamofobi som et samfundsf\u00e6nomen. Dette form\u00e5l realiseres ved at arrangere bes\u00f8g, konferencer og debatm\u00f8der i [&hellip;]","og_url":"https:\/\/scr-council.com\/dk\/\u0623\u0647\u062f\u0627\u0641-\u0627\u0644\u0645\u062c\u0644\u0633\/","og_site_name":"SCR - Scandinavia council for relations","article_modified_time":"2018-11-10T18:39:52+00:00","twitter_card":"summary_large_image","twitter_misc":{"Estimeret l\u00e6setid":"1 minut"},"schema":{"@context":"https:\/\/schema.org","@graph":[{"@type":"WebPage","@id":"https:\/\/scr-council.com\/dk\/%d8%a3%d9%87%d8%af%d8%a7%d9%81-%d8%a7%d9%84%d9%85%d8%ac%d9%84%d8%b3\/","url":"https:\/\/scr-council.com\/dk\/%d8%a3%d9%87%d8%af%d8%a7%d9%81-%d8%a7%d9%84%d9%85%d8%ac%d9%84%d8%b3\/","name":"Form\u00e5l - SCR - Scandinavia council for relations","isPartOf":{"@id":"https:\/\/scr-council.com\/dk\/#website"},"datePublished":"2017-10-30T08:29:43+00:00","dateModified":"2018-11-10T18:39:52+00:00","breadcrumb":{"@id":"https:\/\/scr-council.com\/dk\/%d8%a3%d9%87%d8%af%d8%a7%d9%81-%d8%a7%d9%84%d9%85%d8%ac%d9%84%d8%b3\/#breadcrumb"},"inLanguage":"da-DK","potentialAction":[{"@type":"ReadAction","target":["https:\/\/scr-council.com\/dk\/%d8%a3%d9%87%d8%af%d8%a7%d9%81-%d8%a7%d9%84%d9%85%d8%ac%d9%84%d8%b3\/"]}]},{"@type":"BreadcrumbList","@id":"https:\/\/scr-council.com\/dk\/%d8%a3%d9%87%d8%af%d8%a7%d9%81-%d8%a7%d9%84%d9%85%d8%ac%d9%84%d8%b3\/#breadcrumb","itemListElement":[{"@type":"ListItem","position":1,"name":"Home","item":"https:\/\/scr-council.com\/dk\/"},{"@type":"ListItem","position":2,"name":"Form\u00e5l"}]},{"@type":"WebSite","@id":"https:\/\/scr-council.com\/dk\/#website","url":"https:\/\/scr-council.com\/dk\/","name":"SCR - Scandinavia council for relations","description":"Just another Scandinavia council for relations Sites site","publisher":{"@id":"https:\/\/scr-council.com\/dk\/#organization"},"potentialAction":[{"@type":"SearchAction","target":{"@type":"EntryPoint","urlTemplate":"https:\/\/scr-council.com\/dk\/?s={search_term_string}"},"query-input":{"@type":"PropertyValueSpecification","valueRequired":true,"valueName":"search_term_string"}}],"inLanguage":"da-DK"},{"@type":"Organization","@id":"https:\/\/scr-council.com\/dk\/#organization","name":"SCR - Scandinavia council for relations","url":"https:\/\/scr-council.com\/dk\/","logo":{"@type":"ImageObject","inLanguage":"da-DK","@id":"https:\/\/scr-council.com\/dk\/#\/schema\/logo\/image\/","url":"https:\/\/scr-council.com\/dk\/wp-content\/uploads\/sites\/8\/2018\/07\/logog.png","contentUrl":"https:\/\/scr-council.com\/dk\/wp-content\/uploads\/sites\/8\/2018\/07\/logog.png","width":260,"height":150,"caption":"SCR - Scandinavia council for relations"},"image":{"@id":"https:\/\/scr-council.com\/dk\/#\/schema\/logo\/image\/"}}]}},"amp_enabled":true,"_links":{"self":[{"href":"https:\/\/scr-council.com\/dk\/wp-json\/wp\/v2\/pages\/335","targetHints":{"allow":["GET"]}}],"collection":[{"href":"https:\/\/scr-council.com\/dk\/wp-json\/wp\/v2\/pages"}],"about":[{"href":"https:\/\/scr-council.com\/dk\/wp-json\/wp\/v2\/types\/page"}],"author":[{"embeddable":true,"href":"https:\/\/scr-council.com\/dk\/wp-json\/wp\/v2\/users\/1"}],"replies":[{"embeddable":true,"href":"https:\/\/scr-council.com\/dk\/wp-json\/wp\/v2\/comments?post=335"}],"version-history":[{"count":2,"href":"https:\/\/scr-council.com\/dk\/wp-json\/wp\/v2\/pages\/335\/revisions"}],"predecessor-version":[{"id":375,"href":"https:\/\/scr-council.com\/dk\/wp-json\/wp\/v2\/pages\/335\/revisions\/375"}],"wp:attachment":[{"href":"https:\/\/scr-council.com\/dk\/wp-json\/wp\/v2\/media?parent=335"}],"curies":[{"name":"wp","href":"https:\/\/api.w.org\/{rel}","templated":true}]}}