{"id":133,"date":"2018-01-10T14:25:58","date_gmt":"2018-01-10T13:25:58","guid":{"rendered":"http:\/\/scr-council.com\/?page_id=133"},"modified":"2018-11-10T20:14:31","modified_gmt":"2018-11-10T20:14:31","slug":"om-os","status":"publish","type":"page","link":"https:\/\/scr-council.com\/dk\/om-os\/","title":{"rendered":"Om os"},"content":{"rendered":"<p>Scandinavian Council For Relations er en selvst\u00e6ndig organisation,<\/p>\n<p>der er uafh\u00e6ngig b\u00e5de politisk og \u00f8konomisk.<\/p>\n<p>Organisationen arbejder i de nordiske lande og yder sine tjenester<\/p>\n<p>gennem samarbejde og dialog med offentlige myndigheder<\/p>\n<p>og civilsamfunds institutioner og islamiske centre og fonde.<\/p>\n<p>Scandinavian Council For Relations kommunikerer ligeledes<\/p>\n<p>med lande og offentlige og private institutioner uden for de skandinaviske lande.<\/p>\n<p>Scandinavian Council For Relations overholder de svenske love og realiserer sine m\u00e5l<\/p>\n<p>gennem den st\u00f8tte, det f\u00e5r fra de skandinaviske regeringer: Scandinivian Council For Relations<\/p>\n<p>\u00f8konomiske ressourcer best\u00e5r af: donationer, legater og st\u00f8tte fra lande,<\/p>\n<p>offentlige og private institutioner samt private personer,<\/p>\n<p>b\u00e5de inden for og uden for de nordiske lande.<\/p>\n","protected":false},"excerpt":{"rendered":"<p>Scandinavian Council For Relations er en selvst\u00e6ndig organisation, der er uafh\u00e6ngig b\u00e5de politisk og \u00f8konomisk. Organisationen arbejder i de nordiske lande og yder sine tjenester gennem samarbejde og dialog med offentlige myndigheder og civilsamfunds institutioner og islamiske centre og fonde. Scandinavian Council For Relations kommunikerer ligeledes med lande og offentlige og private institutioner uden for [&hellip;]<\/p>\n","protected":false},"author":1,"featured_media":0,"parent":0,"menu_order":0,"comment_status":"closed","ping_status":"closed","template":"","meta":{"footnotes":""},"class_list":["post-133","page","type-page","status-publish","hentry"],"yoast_head":"<!-- This site is optimized with the Yoast SEO plugin v27.4 - https:\/\/yoast.com\/product\/yoast-seo-wordpress\/ -->\n<title>Om os - SCR - Scandinavia council for relations<\/title>\n<meta name=\"robots\" content=\"index, follow, max-snippet:-1, max-image-preview:large, max-video-preview:-1\" \/>\n<link rel=\"canonical\" href=\"https:\/\/scr-council.com\/dk\/om-os\/\" \/>\n<meta property=\"og:locale\" content=\"da_DK\" \/>\n<meta property=\"og:type\" content=\"article\" \/>\n<meta property=\"og:title\" content=\"Om os - SCR - Scandinavia council for relations\" \/>\n<meta property=\"og:description\" content=\"Scandinavian Council For Relations er en selvst\u00e6ndig organisation, der er uafh\u00e6ngig b\u00e5de politisk og \u00f8konomisk. Organisationen arbejder i de nordiske lande og yder sine tjenester gennem samarbejde og dialog med offentlige myndigheder og civilsamfunds institutioner og islamiske centre og fonde. Scandinavian Council For Relations kommunikerer ligeledes med lande og offentlige og private institutioner uden for [&hellip;]\" \/>\n<meta property=\"og:url\" content=\"https:\/\/scr-council.com\/dk\/om-os\/\" \/>\n<meta property=\"og:site_name\" content=\"SCR - Scandinavia council for relations\" \/>\n<meta property=\"article:modified_time\" content=\"2018-11-10T20:14:31+00:00\" \/>\n<meta name=\"twitter:card\" content=\"summary_large_image\" \/>\n<meta name=\"twitter:label1\" content=\"Estimeret l\u00e6setid\" \/>\n\t<meta name=\"twitter:data1\" content=\"1 minut\" \/>\n<script type=\"application\/ld+json\" class=\"yoast-schema-graph\">{\"@context\":\"https:\\\/\\\/schema.org\",\"@graph\":[{\"@type\":\"WebPage\",\"@id\":\"https:\\\/\\\/scr-council.com\\\/dk\\\/om-os\\\/\",\"url\":\"https:\\\/\\\/scr-council.com\\\/dk\\\/om-os\\\/\",\"name\":\"Om os - SCR - Scandinavia council for relations\",\"isPartOf\":{\"@id\":\"https:\\\/\\\/scr-council.com\\\/dk\\\/#website\"},\"datePublished\":\"2018-01-10T13:25:58+00:00\",\"dateModified\":\"2018-11-10T20:14:31+00:00\",\"breadcrumb\":{\"@id\":\"https:\\\/\\\/scr-council.com\\\/dk\\\/om-os\\\/#breadcrumb\"},\"inLanguage\":\"da-DK\",\"potentialAction\":[{\"@type\":\"ReadAction\",\"target\":[\"https:\\\/\\\/scr-council.com\\\/dk\\\/om-os\\\/\"]}]},{\"@type\":\"BreadcrumbList\",\"@id\":\"https:\\\/\\\/scr-council.com\\\/dk\\\/om-os\\\/#breadcrumb\",\"itemListElement\":[{\"@type\":\"ListItem\",\"position\":1,\"name\":\"Home\",\"item\":\"https:\\\/\\\/scr-council.com\\\/dk\\\/\"},{\"@type\":\"ListItem\",\"position\":2,\"name\":\"Om os\"}]},{\"@type\":\"WebSite\",\"@id\":\"https:\\\/\\\/scr-council.com\\\/dk\\\/#website\",\"url\":\"https:\\\/\\\/scr-council.com\\\/dk\\\/\",\"name\":\"SCR - Scandinavia council for relations\",\"description\":\"Just another Scandinavia council for relations Sites site\",\"publisher\":{\"@id\":\"https:\\\/\\\/scr-council.com\\\/dk\\\/#organization\"},\"potentialAction\":[{\"@type\":\"SearchAction\",\"target\":{\"@type\":\"EntryPoint\",\"urlTemplate\":\"https:\\\/\\\/scr-council.com\\\/dk\\\/?s={search_term_string}\"},\"query-input\":{\"@type\":\"PropertyValueSpecification\",\"valueRequired\":true,\"valueName\":\"search_term_string\"}}],\"inLanguage\":\"da-DK\"},{\"@type\":\"Organization\",\"@id\":\"https:\\\/\\\/scr-council.com\\\/dk\\\/#organization\",\"name\":\"SCR - Scandinavia council for relations\",\"url\":\"https:\\\/\\\/scr-council.com\\\/dk\\\/\",\"logo\":{\"@type\":\"ImageObject\",\"inLanguage\":\"da-DK\",\"@id\":\"https:\\\/\\\/scr-council.com\\\/dk\\\/#\\\/schema\\\/logo\\\/image\\\/\",\"url\":\"https:\\\/\\\/scr-council.com\\\/dk\\\/wp-content\\\/uploads\\\/sites\\\/8\\\/2018\\\/07\\\/logog.png\",\"contentUrl\":\"https:\\\/\\\/scr-council.com\\\/dk\\\/wp-content\\\/uploads\\\/sites\\\/8\\\/2018\\\/07\\\/logog.png\",\"width\":260,\"height\":150,\"caption\":\"SCR - Scandinavia council for relations\"},\"image\":{\"@id\":\"https:\\\/\\\/scr-council.com\\\/dk\\\/#\\\/schema\\\/logo\\\/image\\\/\"}}]}<\/script>\n<!-- \/ Yoast SEO plugin. -->","yoast_head_json":{"title":"Om os - SCR - Scandinavia council for relations","robots":{"index":"index","follow":"follow","max-snippet":"max-snippet:-1","max-image-preview":"max-image-preview:large","max-video-preview":"max-video-preview:-1"},"canonical":"https:\/\/scr-council.com\/dk\/om-os\/","og_locale":"da_DK","og_type":"article","og_title":"Om os - SCR - Scandinavia council for relations","og_description":"Scandinavian Council For Relations er en selvst\u00e6ndig organisation, der er uafh\u00e6ngig b\u00e5de politisk og \u00f8konomisk. Organisationen arbejder i de nordiske lande og yder sine tjenester gennem samarbejde og dialog med offentlige myndigheder og civilsamfunds institutioner og islamiske centre og fonde. Scandinavian Council For Relations kommunikerer ligeledes med lande og offentlige og private institutioner uden for [&hellip;]","og_url":"https:\/\/scr-council.com\/dk\/om-os\/","og_site_name":"SCR - Scandinavia council for relations","article_modified_time":"2018-11-10T20:14:31+00:00","twitter_card":"summary_large_image","twitter_misc":{"Estimeret l\u00e6setid":"1 minut"},"schema":{"@context":"https:\/\/schema.org","@graph":[{"@type":"WebPage","@id":"https:\/\/scr-council.com\/dk\/om-os\/","url":"https:\/\/scr-council.com\/dk\/om-os\/","name":"Om os - SCR - Scandinavia council for relations","isPartOf":{"@id":"https:\/\/scr-council.com\/dk\/#website"},"datePublished":"2018-01-10T13:25:58+00:00","dateModified":"2018-11-10T20:14:31+00:00","breadcrumb":{"@id":"https:\/\/scr-council.com\/dk\/om-os\/#breadcrumb"},"inLanguage":"da-DK","potentialAction":[{"@type":"ReadAction","target":["https:\/\/scr-council.com\/dk\/om-os\/"]}]},{"@type":"BreadcrumbList","@id":"https:\/\/scr-council.com\/dk\/om-os\/#breadcrumb","itemListElement":[{"@type":"ListItem","position":1,"name":"Home","item":"https:\/\/scr-council.com\/dk\/"},{"@type":"ListItem","position":2,"name":"Om os"}]},{"@type":"WebSite","@id":"https:\/\/scr-council.com\/dk\/#website","url":"https:\/\/scr-council.com\/dk\/","name":"SCR - Scandinavia council for relations","description":"Just another Scandinavia council for relations Sites site","publisher":{"@id":"https:\/\/scr-council.com\/dk\/#organization"},"potentialAction":[{"@type":"SearchAction","target":{"@type":"EntryPoint","urlTemplate":"https:\/\/scr-council.com\/dk\/?s={search_term_string}"},"query-input":{"@type":"PropertyValueSpecification","valueRequired":true,"valueName":"search_term_string"}}],"inLanguage":"da-DK"},{"@type":"Organization","@id":"https:\/\/scr-council.com\/dk\/#organization","name":"SCR - Scandinavia council for relations","url":"https:\/\/scr-council.com\/dk\/","logo":{"@type":"ImageObject","inLanguage":"da-DK","@id":"https:\/\/scr-council.com\/dk\/#\/schema\/logo\/image\/","url":"https:\/\/scr-council.com\/dk\/wp-content\/uploads\/sites\/8\/2018\/07\/logog.png","contentUrl":"https:\/\/scr-council.com\/dk\/wp-content\/uploads\/sites\/8\/2018\/07\/logog.png","width":260,"height":150,"caption":"SCR - Scandinavia council for relations"},"image":{"@id":"https:\/\/scr-council.com\/dk\/#\/schema\/logo\/image\/"}}]}},"amp_enabled":true,"_links":{"self":[{"href":"https:\/\/scr-council.com\/dk\/wp-json\/wp\/v2\/pages\/133","targetHints":{"allow":["GET"]}}],"collection":[{"href":"https:\/\/scr-council.com\/dk\/wp-json\/wp\/v2\/pages"}],"about":[{"href":"https:\/\/scr-council.com\/dk\/wp-json\/wp\/v2\/types\/page"}],"author":[{"embeddable":true,"href":"https:\/\/scr-council.com\/dk\/wp-json\/wp\/v2\/users\/1"}],"replies":[{"embeddable":true,"href":"https:\/\/scr-council.com\/dk\/wp-json\/wp\/v2\/comments?post=133"}],"version-history":[{"count":3,"href":"https:\/\/scr-council.com\/dk\/wp-json\/wp\/v2\/pages\/133\/revisions"}],"predecessor-version":[{"id":385,"href":"https:\/\/scr-council.com\/dk\/wp-json\/wp\/v2\/pages\/133\/revisions\/385"}],"wp:attachment":[{"href":"https:\/\/scr-council.com\/dk\/wp-json\/wp\/v2\/media?parent=133"}],"curies":[{"name":"wp","href":"https:\/\/api.w.org\/{rel}","templated":true}]}}