{"id":127,"date":"2018-01-10T14:25:10","date_gmt":"2018-01-10T13:25:10","guid":{"rendered":"http:\/\/scr-council.com\/?page_id=127"},"modified":"2018-11-10T18:28:03","modified_gmt":"2018-11-10T18:28:03","slug":"administration","status":"publish","type":"page","link":"https:\/\/scr-council.com\/dk\/administration\/","title":{"rendered":"Administrative"},"content":{"rendered":"<p><strong>Den administrative struktur:<\/strong><\/p>\n<ol>\n<li><strong>\u00a0<\/strong>Bestyrelsesformand<\/li>\n<li>Ud\u00f8vende direkt\u00f8r<\/li>\n<li>Sekret\u00e6r<\/li>\n<li>Kasserer<\/li>\n<li>Officiel talsmand<\/li>\n<\/ol>\n","protected":false},"excerpt":{"rendered":"<p>Den administrative struktur: \u00a0Bestyrelsesformand Ud\u00f8vende direkt\u00f8r Sekret\u00e6r Kasserer Officiel talsmand<\/p>\n","protected":false},"author":1,"featured_media":0,"parent":0,"menu_order":0,"comment_status":"closed","ping_status":"closed","template":"","meta":{"footnotes":""},"class_list":["post-127","page","type-page","status-publish","hentry"],"yoast_head":"<!-- This site is optimized with the Yoast SEO plugin v27.4 - https:\/\/yoast.com\/product\/yoast-seo-wordpress\/ -->\n<title>Administrative - SCR - Scandinavia council for relations<\/title>\n<meta name=\"robots\" content=\"index, follow, max-snippet:-1, max-image-preview:large, max-video-preview:-1\" \/>\n<link rel=\"canonical\" href=\"https:\/\/scr-council.com\/dk\/administration\/\" \/>\n<meta property=\"og:locale\" content=\"da_DK\" \/>\n<meta property=\"og:type\" content=\"article\" \/>\n<meta property=\"og:title\" content=\"Administrative - SCR - Scandinavia council for relations\" \/>\n<meta property=\"og:description\" content=\"Den administrative struktur: \u00a0Bestyrelsesformand Ud\u00f8vende direkt\u00f8r Sekret\u00e6r Kasserer Officiel talsmand\" \/>\n<meta property=\"og:url\" content=\"https:\/\/scr-council.com\/dk\/administration\/\" \/>\n<meta property=\"og:site_name\" content=\"SCR - Scandinavia council for relations\" \/>\n<meta property=\"article:modified_time\" content=\"2018-11-10T18:28:03+00:00\" \/>\n<meta name=\"twitter:card\" content=\"summary_large_image\" \/>\n<script type=\"application\/ld+json\" class=\"yoast-schema-graph\">{\"@context\":\"https:\\\/\\\/schema.org\",\"@graph\":[{\"@type\":\"WebPage\",\"@id\":\"https:\\\/\\\/scr-council.com\\\/dk\\\/administration\\\/\",\"url\":\"https:\\\/\\\/scr-council.com\\\/dk\\\/administration\\\/\",\"name\":\"Administrative - SCR - Scandinavia council for relations\",\"isPartOf\":{\"@id\":\"https:\\\/\\\/scr-council.com\\\/dk\\\/#website\"},\"datePublished\":\"2018-01-10T13:25:10+00:00\",\"dateModified\":\"2018-11-10T18:28:03+00:00\",\"breadcrumb\":{\"@id\":\"https:\\\/\\\/scr-council.com\\\/dk\\\/administration\\\/#breadcrumb\"},\"inLanguage\":\"da-DK\",\"potentialAction\":[{\"@type\":\"ReadAction\",\"target\":[\"https:\\\/\\\/scr-council.com\\\/dk\\\/administration\\\/\"]}]},{\"@type\":\"BreadcrumbList\",\"@id\":\"https:\\\/\\\/scr-council.com\\\/dk\\\/administration\\\/#breadcrumb\",\"itemListElement\":[{\"@type\":\"ListItem\",\"position\":1,\"name\":\"Home\",\"item\":\"https:\\\/\\\/scr-council.com\\\/dk\\\/\"},{\"@type\":\"ListItem\",\"position\":2,\"name\":\"Administrative\"}]},{\"@type\":\"WebSite\",\"@id\":\"https:\\\/\\\/scr-council.com\\\/dk\\\/#website\",\"url\":\"https:\\\/\\\/scr-council.com\\\/dk\\\/\",\"name\":\"SCR - Scandinavia council for relations\",\"description\":\"Just another Scandinavia council for relations Sites site\",\"publisher\":{\"@id\":\"https:\\\/\\\/scr-council.com\\\/dk\\\/#organization\"},\"potentialAction\":[{\"@type\":\"SearchAction\",\"target\":{\"@type\":\"EntryPoint\",\"urlTemplate\":\"https:\\\/\\\/scr-council.com\\\/dk\\\/?s={search_term_string}\"},\"query-input\":{\"@type\":\"PropertyValueSpecification\",\"valueRequired\":true,\"valueName\":\"search_term_string\"}}],\"inLanguage\":\"da-DK\"},{\"@type\":\"Organization\",\"@id\":\"https:\\\/\\\/scr-council.com\\\/dk\\\/#organization\",\"name\":\"SCR - Scandinavia council for relations\",\"url\":\"https:\\\/\\\/scr-council.com\\\/dk\\\/\",\"logo\":{\"@type\":\"ImageObject\",\"inLanguage\":\"da-DK\",\"@id\":\"https:\\\/\\\/scr-council.com\\\/dk\\\/#\\\/schema\\\/logo\\\/image\\\/\",\"url\":\"https:\\\/\\\/scr-council.com\\\/dk\\\/wp-content\\\/uploads\\\/sites\\\/8\\\/2018\\\/07\\\/logog.png\",\"contentUrl\":\"https:\\\/\\\/scr-council.com\\\/dk\\\/wp-content\\\/uploads\\\/sites\\\/8\\\/2018\\\/07\\\/logog.png\",\"width\":260,\"height\":150,\"caption\":\"SCR - Scandinavia council for relations\"},\"image\":{\"@id\":\"https:\\\/\\\/scr-council.com\\\/dk\\\/#\\\/schema\\\/logo\\\/image\\\/\"}}]}<\/script>\n<!-- \/ Yoast SEO plugin. -->","yoast_head_json":{"title":"Administrative - SCR - Scandinavia council for relations","robots":{"index":"index","follow":"follow","max-snippet":"max-snippet:-1","max-image-preview":"max-image-preview:large","max-video-preview":"max-video-preview:-1"},"canonical":"https:\/\/scr-council.com\/dk\/administration\/","og_locale":"da_DK","og_type":"article","og_title":"Administrative - SCR - Scandinavia council for relations","og_description":"Den administrative struktur: \u00a0Bestyrelsesformand Ud\u00f8vende direkt\u00f8r Sekret\u00e6r Kasserer Officiel talsmand","og_url":"https:\/\/scr-council.com\/dk\/administration\/","og_site_name":"SCR - Scandinavia council for relations","article_modified_time":"2018-11-10T18:28:03+00:00","twitter_card":"summary_large_image","schema":{"@context":"https:\/\/schema.org","@graph":[{"@type":"WebPage","@id":"https:\/\/scr-council.com\/dk\/administration\/","url":"https:\/\/scr-council.com\/dk\/administration\/","name":"Administrative - SCR - Scandinavia council for relations","isPartOf":{"@id":"https:\/\/scr-council.com\/dk\/#website"},"datePublished":"2018-01-10T13:25:10+00:00","dateModified":"2018-11-10T18:28:03+00:00","breadcrumb":{"@id":"https:\/\/scr-council.com\/dk\/administration\/#breadcrumb"},"inLanguage":"da-DK","potentialAction":[{"@type":"ReadAction","target":["https:\/\/scr-council.com\/dk\/administration\/"]}]},{"@type":"BreadcrumbList","@id":"https:\/\/scr-council.com\/dk\/administration\/#breadcrumb","itemListElement":[{"@type":"ListItem","position":1,"name":"Home","item":"https:\/\/scr-council.com\/dk\/"},{"@type":"ListItem","position":2,"name":"Administrative"}]},{"@type":"WebSite","@id":"https:\/\/scr-council.com\/dk\/#website","url":"https:\/\/scr-council.com\/dk\/","name":"SCR - Scandinavia council for relations","description":"Just another Scandinavia council for relations Sites site","publisher":{"@id":"https:\/\/scr-council.com\/dk\/#organization"},"potentialAction":[{"@type":"SearchAction","target":{"@type":"EntryPoint","urlTemplate":"https:\/\/scr-council.com\/dk\/?s={search_term_string}"},"query-input":{"@type":"PropertyValueSpecification","valueRequired":true,"valueName":"search_term_string"}}],"inLanguage":"da-DK"},{"@type":"Organization","@id":"https:\/\/scr-council.com\/dk\/#organization","name":"SCR - Scandinavia council for relations","url":"https:\/\/scr-council.com\/dk\/","logo":{"@type":"ImageObject","inLanguage":"da-DK","@id":"https:\/\/scr-council.com\/dk\/#\/schema\/logo\/image\/","url":"https:\/\/scr-council.com\/dk\/wp-content\/uploads\/sites\/8\/2018\/07\/logog.png","contentUrl":"https:\/\/scr-council.com\/dk\/wp-content\/uploads\/sites\/8\/2018\/07\/logog.png","width":260,"height":150,"caption":"SCR - Scandinavia council for relations"},"image":{"@id":"https:\/\/scr-council.com\/dk\/#\/schema\/logo\/image\/"}}]}},"amp_enabled":true,"_links":{"self":[{"href":"https:\/\/scr-council.com\/dk\/wp-json\/wp\/v2\/pages\/127","targetHints":{"allow":["GET"]}}],"collection":[{"href":"https:\/\/scr-council.com\/dk\/wp-json\/wp\/v2\/pages"}],"about":[{"href":"https:\/\/scr-council.com\/dk\/wp-json\/wp\/v2\/types\/page"}],"author":[{"embeddable":true,"href":"https:\/\/scr-council.com\/dk\/wp-json\/wp\/v2\/users\/1"}],"replies":[{"embeddable":true,"href":"https:\/\/scr-council.com\/dk\/wp-json\/wp\/v2\/comments?post=127"}],"version-history":[{"count":2,"href":"https:\/\/scr-council.com\/dk\/wp-json\/wp\/v2\/pages\/127\/revisions"}],"predecessor-version":[{"id":369,"href":"https:\/\/scr-council.com\/dk\/wp-json\/wp\/v2\/pages\/127\/revisions\/369"}],"wp:attachment":[{"href":"https:\/\/scr-council.com\/dk\/wp-json\/wp\/v2\/media?parent=127"}],"curies":[{"name":"wp","href":"https:\/\/api.w.org\/{rel}","templated":true}]}}